{"id":10533,"date":"2022-10-23T10:24:13","date_gmt":"2022-10-23T10:24:13","guid":{"rendered":"https:\/\/kitchtenstore.com\/?post_type=product&#038;p=10533"},"modified":"2022-10-23T10:25:58","modified_gmt":"2022-10-23T10:25:58","slug":"robot-cuiseur-kenwood-cooking-chef-gourmet-kcc9063s-le-bol-sorbetiere-offert","status":"publish","type":"product","link":"https:\/\/kitchtenstore.com\/fr\/produit\/robot-cuiseur-kenwood-cooking-chef-gourmet-kcc9063s-le-bol-sorbetiere-offert\/","title":{"rendered":"Robot cuiseur Kenwood Cooking chef Gourmet KCC9063S + le bol Sorbeti\u00e8re offert"},"content":{"rendered":"<table class=\"characteristic\" border=\"0\" cellspacing=\"0\" cellpadding=\"0\">\n<thead class=\"feature-line\">\n<tr>\n<th colspan=\"2\">Caract\u00e9ristiques g\u00e9n\u00e9rales<\/th>\n<\/tr>\n<\/thead>\n<tbody>\n<tr class=\"feature-line\">\n<td class=\"characteristics-table\"><span class=\"bold-title\">Type robot :<\/span>\u00a0Robot cuiseur<\/td>\n<\/tr>\n<tr class=\"feature-line\">\n<td class=\"characteristics-table\"><span class=\"bold-title\">Gamme :<\/span>\u00a0Cooking Chef<\/td>\n<\/tr>\n<tr class=\"feature-line\">\n<td class=\"characteristics-table\"><span class=\"bold-title\">Programmes de cuisson :<\/span>\u00a024 programmes<\/td>\n<\/tr>\n<tr class=\"feature-line\">\n<td class=\"characteristics-table\"><span class=\"bold-title\">Programme(s) :<\/span>\u00a0P\u00e9trir, Fouetter, Battre, M\u00e9lange d\u00e9licat, Trancher, Couper, R\u00e2per, Mixer, Chauffer, Mijoter<\/td>\n<\/tr>\n<tr class=\"feature-line\">\n<td class=\"characteristics-table\"><span class=\"bold-title\">Mode manuel :<\/span>\u00a0Mode manuel pour cr\u00e9er vos propres recettes<\/td>\n<\/tr>\n<tr class=\"feature-line\">\n<td class=\"characteristics-table\"><span class=\"bold-title\">Ouverture assist\u00e9e du bras :<\/span>\u00a0Oui<\/td>\n<\/tr>\n<tr class=\"feature-line\">\n<td class=\"characteristics-table\"><span class=\"bold-title\">Mati\u00e8re du corps :<\/span>\u00a0M\u00e9tal<\/td>\n<\/tr>\n<tr class=\"feature-line\">\n<td class=\"characteristics-table\"><span class=\"bold-title\">Coloris :<\/span>\u00a0Gris<\/td>\n<\/tr>\n<tr class=\"feature-line\">\n<td class=\"characteristics-table\"><span class=\"bold-title\">Ecran :<\/span>\u00a0Oui<\/td>\n<\/tr>\n<tr class=\"feature-line\">\n<td class=\"characteristics-table\"><span class=\"bold-title\">Accessoire(s) fourni(s) :<\/span>\u00a0Rappeur\/Trancheur, Rappeur\/Eminceur, Fouet, crochet, batteur, Blender, Bol multifonction, Couvercle anti-\u00e9claboussures, Panier vapeur, Spatule<\/td>\n<\/tr>\n<\/tbody>\n<thead class=\"feature-line\">\n<tr>\n<th colspan=\"2\">Cuisson<\/th>\n<\/tr>\n<\/thead>\n<tbody>\n<tr class=\"feature-line\">\n<td class=\"characteristics-table\"><span class=\"bold-title\">Type de chauffe :<\/span>\u00a0Induction<\/td>\n<\/tr>\n<tr class=\"feature-line\">\n<td class=\"characteristics-table\"><span class=\"bold-title\">Puissance de cuisson :<\/span>\u00a01500 W<\/td>\n<\/tr>\n<tr class=\"feature-line\">\n<td class=\"characteristics-table\"><span class=\"bold-title\">Temp\u00e9rature mini :<\/span>\u00a020 \u00b0C<\/td>\n<\/tr>\n<tr class=\"feature-line\">\n<td class=\"characteristics-table\"><span class=\"bold-title\">Temp\u00e9rature maxi :<\/span>\u00a0180 \u00b0C<\/td>\n<\/tr>\n<tr class=\"feature-line\">\n<td class=\"characteristics-table\"><span class=\"bold-title\">Cuisson vapeur :<\/span>\u00a0Oui<\/td>\n<\/tr>\n<\/tbody>\n<thead class=\"feature-line\">\n<tr>\n<th colspan=\"2\">Moteur<\/th>\n<\/tr>\n<\/thead>\n<tbody>\n<tr class=\"feature-line\">\n<td class=\"characteristics-table\"><span class=\"bold-title\">Type de moteur :<\/span>\u00a0Moteur professionnel<\/td>\n<\/tr>\n<tr class=\"feature-line\">\n<td class=\"characteristics-table\"><span class=\"bold-title\">Puissance :<\/span>\u00a01500 W<\/td>\n<\/tr>\n<tr class=\"feature-line excess-feature\">\n<td class=\"characteristics-table\"><span class=\"bold-title\">Mouvement plan\u00e9taire :<\/span>\u00a0Pendant le fonctionnement, l\u2019accessoire tourne sur lui-m\u00eame tout en suivant les parois du bol<\/td>\n<\/tr>\n<\/tbody>\n<thead class=\"feature-line excess-feature\">\n<tr>\n<th colspan=\"2\">Vitesse<\/th>\n<\/tr>\n<\/thead>\n<tbody>\n<tr class=\"feature-line excess-feature\">\n<td class=\"characteristics-table\"><span class=\"bold-title\">Nombre de vitesse :<\/span>\u00a09 vitesses<\/td>\n<\/tr>\n<tr class=\"feature-line excess-feature\">\n<td class=\"characteristics-table\"><span class=\"bold-title\">Touche turbo\/pulse :<\/span>\u00a0Oui<\/td>\n<\/tr>\n<tr class=\"feature-line excess-feature\">\n<td class=\"characteristics-table\"><span class=\"bold-title\">Variateur de vitesses :<\/span>\u00a0Oui<\/td>\n<\/tr>\n<\/tbody>\n<thead class=\"feature-line excess-feature\">\n<tr>\n<th colspan=\"2\">PROGRAMME(S)<\/th>\n<\/tr>\n<\/thead>\n<tbody>\n<tr class=\"feature-line excess-feature\">\n<td class=\"characteristics-table\"><span class=\"bold-title\">P\u00e9trir\u00a0<a class=\"openModal\" data-modal-url=\"\/webapp\/wcs\/stores\/servlet\/catalog\/characteristicDetails?storeId=10001&amp;langId=-2&amp;catalogId=10001&amp;catentryId=1056297&amp;cacheUrl=true&amp;attrValueId=166482616\">(+ d\u2019infos)<\/a>\u00a0:<\/span>\u00a0Oui<\/td>\n<\/tr>\n<tr class=\"feature-line excess-feature\">\n<td class=\"characteristics-table\"><span class=\"bold-title\">Fouetter\u00a0<a class=\"openModal\" data-modal-url=\"\/webapp\/wcs\/stores\/servlet\/catalog\/characteristicDetails?storeId=10001&amp;langId=-2&amp;catalogId=10001&amp;catentryId=1056297&amp;cacheUrl=true&amp;attrValueId=166471135\">(+ d\u2019infos)<\/a>\u00a0:<\/span>\u00a0Oui<\/td>\n<\/tr>\n<tr class=\"feature-line excess-feature\">\n<td class=\"characteristics-table\"><span class=\"bold-title\">Battre\u00a0<a class=\"openModal\" data-modal-url=\"\/webapp\/wcs\/stores\/servlet\/catalog\/characteristicDetails?storeId=10001&amp;langId=-2&amp;catalogId=10001&amp;catentryId=1056297&amp;cacheUrl=true&amp;attrValueId=166460949\">(+ d\u2019infos)<\/a>\u00a0:<\/span>\u00a0Oui<\/td>\n<\/tr>\n<tr class=\"feature-line excess-feature\">\n<td class=\"characteristics-table\"><span class=\"bold-title\">Trancher :<\/span>\u00a0Oui<\/td>\n<\/tr>\n<tr class=\"feature-line excess-feature\">\n<td class=\"characteristics-table\"><span class=\"bold-title\">Couper :<\/span>\u00a0Oui<\/td>\n<\/tr>\n<tr class=\"feature-line excess-feature\">\n<td class=\"characteristics-table\"><span class=\"bold-title\">M\u00e9lange d\u00e9licat\u00a0<a class=\"openModal\" data-modal-url=\"\/webapp\/wcs\/stores\/servlet\/catalog\/characteristicDetails?storeId=10001&amp;langId=-2&amp;catalogId=10001&amp;catentryId=1056297&amp;cacheUrl=true&amp;attrValueId=166467838\">(+ d\u2019infos)<\/a>\u00a0:<\/span>\u00a0Oui<\/td>\n<\/tr>\n<tr class=\"feature-line excess-feature\">\n<td class=\"characteristics-table\"><span class=\"bold-title\">R\u00e2per :<\/span>\u00a0Oui<\/td>\n<\/tr>\n<tr class=\"feature-line excess-feature\">\n<td class=\"characteristics-table\"><span class=\"bold-title\">Mixer :<\/span>\u00a0Oui<\/td>\n<\/tr>\n<tr class=\"feature-line excess-feature\">\n<td class=\"characteristics-table\"><span class=\"bold-title\">Chauffer :<\/span>\u00a0Oui<\/td>\n<\/tr>\n<tr class=\"feature-line excess-feature\">\n<td class=\"characteristics-table\"><span class=\"bold-title\">Mijoter :<\/span>\u00a0Oui<\/td>\n<\/tr>\n<\/tbody>\n<thead class=\"feature-line excess-feature\">\n<tr>\n<th colspan=\"2\">Blender<\/th>\n<\/tr>\n<\/thead>\n<tbody>\n<tr class=\"feature-line excess-feature\">\n<td class=\"characteristics-table\"><span class=\"bold-title\">Capacit\u00e9 totale du blender :<\/span>\u00a01,80 L<\/td>\n<\/tr>\n<tr class=\"feature-line excess-feature\">\n<td class=\"characteristics-table\"><span class=\"bold-title\">Mati\u00e8re du blender :<\/span>\u00a0Thermoresist<\/td>\n<\/tr>\n<\/tbody>\n<thead class=\"feature-line excess-feature\">\n<tr>\n<th colspan=\"2\">Bol<\/th>\n<\/tr>\n<\/thead>\n<tbody>\n<tr class=\"feature-line excess-feature\">\n<td class=\"characteristics-table\"><span class=\"bold-title\">Mati\u00e8re du bol :<\/span>\u00a0Inox<\/td>\n<\/tr>\n<tr class=\"feature-line excess-feature\">\n<td class=\"characteristics-table\"><span class=\"bold-title\">Nombre de bols :<\/span>\u00a01<\/td>\n<\/tr>\n<tr class=\"feature-line excess-feature\">\n<td class=\"characteristics-table\"><span class=\"bold-title\">Capacit\u00e9 du bol :<\/span>\u00a0Capacit\u00e9 XXL (6,7 L)<\/td>\n<\/tr>\n<tr class=\"feature-line excess-feature\">\n<td class=\"characteristics-table\"><span class=\"bold-title\">Utile :<\/span>\u00a01,8 L<\/td>\n<\/tr>\n<\/tbody>\n<thead class=\"feature-line excess-feature\">\n<tr>\n<th colspan=\"2\">ACCESSOIRES<\/th>\n<\/tr>\n<\/thead>\n<tbody>\n<tr class=\"feature-line excess-feature\">\n<td class=\"characteristics-table\"><span class=\"bold-title\">Accessoire(s) fourni(s) :<\/span>\u00a0Rappeur\/Trancheur, Rappeur\/Eminceur, Fouet, crochet, batteur, Blender, Bol multifonction, Couvercle anti-\u00e9claboussures, Panier vapeur, Spatule<\/td>\n<\/tr>\n<\/tbody>\n<thead class=\"feature-line excess-feature\">\n<tr>\n<th colspan=\"2\">SECURITE<\/th>\n<\/tr>\n<\/thead>\n<tbody>\n<tr class=\"feature-line excess-feature\">\n<td class=\"characteristics-table\"><span class=\"bold-title\">Pieds antid\u00e9rapants :<\/span>\u00a0Oui<\/td>\n<\/tr>\n<tr class=\"feature-line excess-feature\">\n<td class=\"characteristics-table\"><span class=\"bold-title\">Garanti sans Bisph\u00e9nol A :<\/span>\u00a0Sans composants chimiques<\/td>\n<\/tr>\n<\/tbody>\n<thead class=\"feature-line excess-feature\">\n<tr>\n<th colspan=\"2\">Dimensions<\/th>\n<\/tr>\n<\/thead>\n<tbody>\n<tr class=\"feature-line excess-feature\">\n<td class=\"characteristics-table\"><span class=\"bold-title\">Dimensions l x h x p :<\/span>\u00a033.5 x 38 x 41 cm<\/td>\n<\/tr>\n<tr class=\"feature-line excess-feature\">\n<td class=\"characteristics-table\"><span class=\"bold-title\">Poids net :<\/span>\u00a018,85 Kg<\/td>\n<\/tr>\n<tr class=\"feature-line excess-feature\">\n<td class=\"characteristics-table\"><span class=\"bold-title\">Poids brut :<\/span>\u00a030,80 Kg<\/td>\n<\/tr>\n<\/tbody>\n<thead class=\"feature-line excess-feature\">\n<tr>\n<th colspan=\"2\">Et en plus<\/th>\n<\/tr>\n<\/thead>\n<tbody>\n<tr class=\"feature-line excess-feature\">\n<td class=\"characteristics-table\"><\/td>\n<\/tr>\n<\/tbody>\n<thead class=\"feature-line excess-feature\">\n<tr>\n<th colspan=\"2\">Informations et Services<\/th>\n<\/tr>\n<\/thead>\n<tbody>\n<tr class=\"feature-line excess-feature\">\n<td class=\"characteristics-table\"><span class=\"bold-title\">Disponibilit\u00e9 des pi\u00e8ces d\u00e9tach\u00e9es (donn\u00e9es fournisseur) :<\/span>\u00a0Pendant 3 ans, \u00e0 compter de la date d\u2019achat<\/td>\n<\/tr>\n<tr class=\"feature-line excess-feature\">\n<td class=\"characteristics-table\"><span class=\"bold-title\">Dur\u00e9e de la garantie (Pi\u00e8ces et main d\u2019oeuvre pour un produit neuf vendu par Boulanger) :<\/span>\u00a02 ans<\/td>\n<\/tr>\n<\/tbody>\n<thead class=\"feature-line excess-feature\">\n<tr>\n<th colspan=\"2\">Contenu du carton<\/th>\n<\/tr>\n<\/thead>\n<tbody>\n<tr class=\"feature-line excess-feature\">\n<td class=\"characteristics-table\"><span class=\"bold-title\">Livr\u00e9 avec :<\/span>\u00a0Notice, Livre de recette, Rappeur\/Eminceur, Fouet, crochet, batteur, Blender, Bol multifonction, Panier vapeur, Spatule, Rappeur\/Trancheur<\/td>\n<\/tr>\n<\/tbody>\n<\/table>","protected":false},"excerpt":{"rendered":"<ul class=\"bestpoints-list\">\n<li class=\"bestpoints-item\">Capacit\u00e9 XXL (6,7 L)<\/li>\n<li class=\"bestpoints-item\">Moteur professionnel \u2013 1500 W<\/li>\n<li class=\"bestpoints-item\">9 vitesses<\/li>\n<li class=\"bestpoints-item\">24 programmes<\/li>\n<\/ul>\n<ul class=\"best-points-plus\">\n<li class=\"best-points-plusItem\"><span class=\"bold\">Le + :\u00a0<\/span>Cuit jusqu\u2019\u00e0 180\u00b0C pour des plats aussi bien sal\u00e9s que sucr\u00e9s.<\/li>\n<\/ul>","protected":false},"featured_media":10672,"comment_status":"open","ping_status":"closed","template":"","meta":{"inline_featured_image":false,"_joinchat":[]},"product_cat":[122,123],"product_tag":[],"class_list":{"0":"post-10533","1":"product","2":"type-product","3":"status-publish","4":"has-post-thumbnail","6":"product_cat-cuisine-cuisson","7":"product_cat-robot-cuiseur","9":"first","10":"instock","11":"sale","12":"shipping-taxable","13":"purchasable","14":"product-type-simple"},"_links":{"self":[{"href":"https:\/\/kitchtenstore.com\/fr\/wp-json\/wp\/v2\/product\/10533","targetHints":{"allow":["GET"]}}],"collection":[{"href":"https:\/\/kitchtenstore.com\/fr\/wp-json\/wp\/v2\/product"}],"about":[{"href":"https:\/\/kitchtenstore.com\/fr\/wp-json\/wp\/v2\/types\/product"}],"replies":[{"embeddable":true,"href":"https:\/\/kitchtenstore.com\/fr\/wp-json\/wp\/v2\/comments?post=10533"}],"version-history":[{"count":1,"href":"https:\/\/kitchtenstore.com\/fr\/wp-json\/wp\/v2\/product\/10533\/revisions"}],"predecessor-version":[{"id":10673,"href":"https:\/\/kitchtenstore.com\/fr\/wp-json\/wp\/v2\/product\/10533\/revisions\/10673"}],"wp:featuredmedia":[{"embeddable":true,"href":"https:\/\/kitchtenstore.com\/fr\/wp-json\/wp\/v2\/media\/10672"}],"wp:attachment":[{"href":"https:\/\/kitchtenstore.com\/fr\/wp-json\/wp\/v2\/media?parent=10533"}],"wp:term":[{"taxonomy":"product_cat","embeddable":true,"href":"https:\/\/kitchtenstore.com\/fr\/wp-json\/wp\/v2\/product_cat?post=10533"},{"taxonomy":"product_tag","embeddable":true,"href":"https:\/\/kitchtenstore.com\/fr\/wp-json\/wp\/v2\/product_tag?post=10533"}],"curies":[{"name":"wp","href":"https:\/\/api.w.org\/{rel}","templated":true}]}}