{"id":10500,"date":"2022-10-23T10:23:46","date_gmt":"2022-10-23T10:23:46","guid":{"rendered":"https:\/\/kitchtenstore.com\/?post_type=product&#038;p=10500"},"modified":"2022-10-23T10:25:38","modified_gmt":"2022-10-23T10:25:38","slug":"omega-extracteur-de-jus-horizontal-8226-80-trs-mn-chrome","status":"publish","type":"product","link":"https:\/\/kitchtenstore.com\/fr\/produit\/omega-extracteur-de-jus-horizontal-8226-80-trs-mn-chrome\/","title":{"rendered":"OMEGA Extracteur de jus horizontal \u2013 8226 \u2013 80 trs\/mn \u2013 Chrome"},"content":{"rendered":"<div id=\"presTitle\" class=\"fpCat testSep\">\n<div class=\"fpCatTitle\">Pr\u00e9sentation produit : OMEGA Extracteur de jus horizontal \u2013 8226 \u2013 80 trs\/mn \u2013 Chrome<\/div>\n<\/div>\n<div><\/div>\n<div id=\"presContent\" class=\"fpBlk testSep extCode\">L\u2019extracteur de jus horizontal Omega\u00a08226 \u00e0 vis unique est simple d\u2019utilisation et tr\u00e8s r\u00e9sistant. Il permet de r\u00e9aliser de d\u00e9licieux jus de fruits avec un tr\u00e8s bon rendement. L\u2019extracteur de jus horizontal Omega\u00a08226\u00a0est \u00e9quip\u00e9 d\u2019un double tamis brevet\u00e9. Avec Omega\u00a08226, r\u00e9alisez de d\u00e9licieux jus de fruits, de l\u00e9gumes ou d\u2019herbes, mais aussi des pur\u00e9es savoureuses et saines, des gressins, p\u00e2tes fra\u00eeches ou du beurre de noix. Facile \u00e0 utiliser et d\u2019une grande r\u00e9sistance, l\u2019extracteur de jus Omega\u00a08226 offre un meilleur rendement que les autres extracteurs de jus gr\u00e2ce \u00e0 son double tamis brevet\u00e9. Son fonctionnement est particuli\u00e8rement efficace\u00a0: \u00c9tape\u00a01\u00a0: Premier broyage et filtration du jus par la partie \u00e0 gros trous du filtre.\u00c9tape\u00a02\u00a0: Les pulpes sont press\u00e9es et le jus refiltr\u00e9. Les r\u00e9sidus secs sont lib\u00e9r\u00e9s \u00e0 l\u2019avant de l\u2019extracteur.Ce proc\u00e9d\u00e9 tr\u00e8s performant permet d\u2019obtenir des jus de fruits ou de l\u00e9gumes sains, gorg\u00e9s de vitamines et de min\u00e9raux. Omega\u00a08226, un extracteur de jus \u00e0 la fois r\u00e9sistant et facile \u00e0 utiliser. Omega\u00a08226 est tr\u00e8s robuste et facile d\u2019utilisation. Il est l\u2019appareil id\u00e9al pour tous ceux qui souhaitent confectionner de savoureux jus en toute simplicit\u00e9. Il est tr\u00e8s simple \u00e0 d\u00e9monter et \u00e0 nettoyer. Il suffit de d\u00e9verrouiller le bloc d\u2019extraction. Ensuite, il n\u2019y a plus qu\u2019\u00e0 rincer \u00e0 l\u2019eau le tamis et la vis. Remonter l\u2019Omega\u00a08226 est tr\u00e8s facile. Cela ne vous prendra que quelques secondes. Ceux qui le poss\u00e8dent d\u00e9j\u00e0 appr\u00e9cient son emploi facile et la rapidit\u00e9 avec laquelle il se nettoie. En choisissant entre les deux coloris (blanc et chrom\u00e9) de ce mod\u00e8le d\u2019extracteur Omega, vous pourrez l\u2019int\u00e9grer \u00e0 votre cuisine en toute harmonie. Il est tr\u00e8s r\u00e9sistant et son utilisation est d\u2019une grande simplicit\u00e9. Omega\u00a08226 est extr\u00eamement r\u00e9sistant. Sa garantie de 15 ans est l\u00e0 pour le prouver. Sa vis de pressage, fabriqu\u00e9e en GE Ultem, est jusqu\u2019\u00e0 8 fois plus r\u00e9sistante que celle des autres extracteurs. Omega\u00a08226, un extracteur de jus aux fonctions multiples, pour le plaisir de manger sain Un tamis plein est fourni avec Omega\u00a08226. Gr\u00e2ce \u00e0 lui vous pouvez pr\u00e9parer des plats sains d\u2019un point de vue nutritionnel et riches en go\u00fbt\u00a0: des pur\u00e9es, des compotes et des sorbets. Vous pouvez aussi l\u2019utiliser pour confectionner des p\u00e2tes fra\u00eeches et des gressins gr\u00e2ce aux 6 buses fournies avec l\u2019appareil (2 buses \u00e0 gressins, 2 \u00e0 fettuccini et 2 \u00e0 spaghetti). Sa vitesse de travail mod\u00e9r\u00e9e (80 tours par minute) broie les aliments sans les chauffer, pour une meilleure pr\u00e9servation des vitamines et des sels min\u00e9raux.<\/div>\n<div id=\"desc\" class=\"anchor\"><\/div>\n<div id=\"descContent\" class=\"fpBlk testSep\" data-cs-override-id=\"Descriptif\">\n<p class=\"fpMb\">1 extracteur de jus, 2 tamis , 2 r\u00e9cipients collecteurs en plastique, 6 buses d\u2019extraction, 1 poussoir en plastique, 1 passoire, 1 brosse de nettoyage \u2013 Vitesse de rotation : 80 tours\/min \u2013 Vis unique \u2013 L\u00e9ger: 5.9kg \u2013 Moteur garanti 15 ans \u2013 Puissance: 180W<\/p>\n<div class=\"regBloc no1023\">\n<div id=\"gpt-R2-300X250BODY2\" data-google-query-id=\"CIrk7smGlugCFdW43god_XMA-A\"><\/div>\n<div class=\"regTxt\"><\/div>\n<\/div>\n<table class=\"fpDescTb fpDescTbPub\">\n<tbody>\n<tr>\n<th colspan=\"2\">Informations g\u00e9n\u00e9rales sur le produit<\/th>\n<\/tr>\n<tr>\n<td>Marque<\/td>\n<td>OMEGA<\/td>\n<\/tr>\n<tr>\n<td>Nom du produit<\/td>\n<td>OMEGA Extracteur de jus horizontal \u2013 8226 \u2013 80 trs<\/td>\n<\/tr>\n<tr>\n<td>Cat\u00e9gorie<\/td>\n<td>EXTRACTEUR DE JUS<\/td>\n<\/tr>\n<tr>\n<th colspan=\"2\">Informations sur le produit<\/th>\n<\/tr>\n<tr>\n<td>Couleur(s)<\/td>\n<td>Chrom\u00e9<\/td>\n<\/tr>\n<tr>\n<th colspan=\"2\">G\u00e9n\u00e9ral<\/th>\n<\/tr>\n<tr>\n<td>Type de produit<\/td>\n<td>Extracteur de jus<\/td>\n<\/tr>\n<tr>\n<td>Vitesse maximum<\/td>\n<td>80 tours\/min<\/td>\n<\/tr>\n<tr>\n<th colspan=\"2\">Consommation<\/th>\n<\/tr>\n<tr>\n<td>Alimentation<\/td>\n<td>230 \u2013 240 V<\/td>\n<\/tr>\n<tr>\n<td>Puissance \u00e9lectrique<\/td>\n<td>180W<\/td>\n<\/tr>\n<tr>\n<th colspan=\"2\">Dimensions et poids<\/th>\n<\/tr>\n<tr>\n<td>Largeur<\/td>\n<td>36,8 cm<\/td>\n<\/tr>\n<tr>\n<td>Hauteur<\/td>\n<td>39,4 cm<\/td>\n<\/tr>\n<tr>\n<td>Profondeur<\/td>\n<td>16,5 cm<\/td>\n<\/tr>\n<tr>\n<td>Poids<\/td>\n<td>5,9 kg<\/td>\n<\/tr>\n<tr>\n<th colspan=\"2\">Dimensions et poids (emball\u00e9)<\/th>\n<\/tr>\n<tr>\n<td>Hauteur (Exp\u00e9dition)<\/td>\n<td>46 cm<\/td>\n<\/tr>\n<tr>\n<td>Largeur (emball\u00e9e)<\/td>\n<td>23 cm<\/td>\n<\/tr>\n<tr>\n<td>Profondeur (emball\u00e9e)<\/td>\n<td>34 cm<\/td>\n<\/tr>\n<tr>\n<td>Poids (Exp\u00e9dition)<\/td>\n<td>6,4 kg<\/td>\n<\/tr>\n<\/tbody>\n<\/table>\n<\/div>","protected":false},"excerpt":{"rendered":"<p>1 extracteur de jus, 2 tamis , 2 r\u00e9cipients collecteurs en plastique, 6 buses d\u2019extraction, 1 poussoir en plastique, 1 passoire, 1 brosse de nettoyage \u2013 Vitesse de rotation : 80 tours\/min \u2013 Vis unique \u2013 L\u00e9ger: 5.9kg \u2013 Moteur garanti 15 ans \u2013 Puissance: 180W<\/p>","protected":false},"featured_media":10643,"comment_status":"open","ping_status":"closed","template":"","meta":{"inline_featured_image":false,"_joinchat":[]},"product_cat":[122,130],"product_tag":[],"class_list":{"0":"post-10500","1":"product","2":"type-product","3":"status-publish","4":"has-post-thumbnail","6":"product_cat-cuisine-cuisson","7":"product_cat-machine-a-cafe","9":"first","10":"instock","11":"sale","12":"shipping-taxable","13":"purchasable","14":"product-type-simple"},"_links":{"self":[{"href":"https:\/\/kitchtenstore.com\/fr\/wp-json\/wp\/v2\/product\/10500","targetHints":{"allow":["GET"]}}],"collection":[{"href":"https:\/\/kitchtenstore.com\/fr\/wp-json\/wp\/v2\/product"}],"about":[{"href":"https:\/\/kitchtenstore.com\/fr\/wp-json\/wp\/v2\/types\/product"}],"replies":[{"embeddable":true,"href":"https:\/\/kitchtenstore.com\/fr\/wp-json\/wp\/v2\/comments?post=10500"}],"version-history":[{"count":1,"href":"https:\/\/kitchtenstore.com\/fr\/wp-json\/wp\/v2\/product\/10500\/revisions"}],"predecessor-version":[{"id":10646,"href":"https:\/\/kitchtenstore.com\/fr\/wp-json\/wp\/v2\/product\/10500\/revisions\/10646"}],"wp:featuredmedia":[{"embeddable":true,"href":"https:\/\/kitchtenstore.com\/fr\/wp-json\/wp\/v2\/media\/10643"}],"wp:attachment":[{"href":"https:\/\/kitchtenstore.com\/fr\/wp-json\/wp\/v2\/media?parent=10500"}],"wp:term":[{"taxonomy":"product_cat","embeddable":true,"href":"https:\/\/kitchtenstore.com\/fr\/wp-json\/wp\/v2\/product_cat?post=10500"},{"taxonomy":"product_tag","embeddable":true,"href":"https:\/\/kitchtenstore.com\/fr\/wp-json\/wp\/v2\/product_tag?post=10500"}],"curies":[{"name":"wp","href":"https:\/\/api.w.org\/{rel}","templated":true}]}}