{"id":10499,"date":"2022-10-23T10:23:46","date_gmt":"2022-10-23T10:23:46","guid":{"rendered":"https:\/\/kitchtenstore.com\/?post_type=product&#038;p=10499"},"modified":"2022-10-23T10:25:35","modified_gmt":"2022-10-23T10:25:35","slug":"machine-a-pain-moulinex-1kg-17-programmes-coloris-noir-et-pourpre-ow220830","status":"publish","type":"product","link":"https:\/\/kitchtenstore.com\/fr\/produit\/machine-a-pain-moulinex-1kg-17-programmes-coloris-noir-et-pourpre-ow220830\/","title":{"rendered":"Machine \u00e0 pain MOULINEX 1kg \u2013 17 programmes, coloris noir et pourpre \u2013 OW220830"},"content":{"rendered":"<div class=\"woocommerce-tabs wc-tabs-wrapper\">\n<div id=\"tab-description\" class=\"woocommerce-Tabs-panel woocommerce-Tabs-panel--description panel entry-content wc-tab\" role=\"tabpanel\" aria-labelledby=\"tab-title-description\">\n<div id=\"descContent\" class=\"fpBlk testSep\" data-cs-override-id=\"Descriptif\">\n<table class=\"fpDescTb fpDescTbPub\">\n<tbody>\n<tr>\n<th colspan=\"2\">Informations g\u00e9n\u00e9rales sur le produit<\/th>\n<\/tr>\n<tr>\n<td>Marque<\/td>\n<td>MOULINEX<\/td>\n<\/tr>\n<tr>\n<td>Nom du produit<\/td>\n<td>MOULINEX \u2013 Pain plaisir 1kg-machine \u00e0 pain 17 prog<\/td>\n<\/tr>\n<tr>\n<td>Cat\u00e9gorie<\/td>\n<td>MACHINE \u00c0 PAIN<\/td>\n<\/tr>\n<tr>\n<th colspan=\"2\">G\u00e9n\u00e9ral<\/th>\n<\/tr>\n<tr>\n<td>Type de produit<\/td>\n<td>Machine \u00e0 pain<\/td>\n<\/tr>\n<tr>\n<td>Contenance en aliments<\/td>\n<td>1 kg<\/td>\n<\/tr>\n<tr>\n<td>Mat\u00e9riau du boitier<\/td>\n<td>Plastique<\/td>\n<\/tr>\n<tr>\n<td>Param\u00e8tres de poids<\/td>\n<td>3 param\u00e8tres de poids (500 g, 750 g, 1 kg)<\/td>\n<\/tr>\n<tr>\n<td>Rev\u00eatement de surface<\/td>\n<td>Rev\u00eatement antiadh\u00e9sif<\/td>\n<\/tr>\n<tr>\n<td>Forme de cavit\u00e9<\/td>\n<td>Carr\u00e9<\/td>\n<\/tr>\n<tr>\n<td>Fonction et param\u00e8tres<\/td>\n<td>Fonction jam, fonction pr\u00e9paration de g\u00e2teau, fonction pr\u00e9paration de porridge, fonction maintien au chaud jusqu\u2019\u00e0 1 heure, fonction p\u00e2tes, fonction de c\u00e9r\u00e9ales chaudes, fonction fabrication de pizza, fonction sans gluten, fonction levage, fonction grains entiers, fonction pain fran\u00e7ais, fonction pain sucr\u00e9, fonction de cuisson, fonction pain normal, fonction pain normal rapide, fonction pain complet<\/td>\n<\/tr>\n<tr>\n<td>Nombre de programmes<\/td>\n<td>17<\/td>\n<\/tr>\n<tr>\n<td>Type de produit<\/td>\n<td>Machine \u00e0 pain<\/td>\n<\/tr>\n<tr>\n<th colspan=\"2\">R\u00e9glages, commandes et voyants<\/th>\n<\/tr>\n<tr>\n<td>Type de commande<\/td>\n<td>Electronique<\/td>\n<\/tr>\n<tr>\n<td>Indicateurs<\/td>\n<td>Oui<\/td>\n<\/tr>\n<tr>\n<td>R\u00e9glages de la minuterie<\/td>\n<td>D\u00e9part diff\u00e9r\u00e9 du minuteur de 15 heures<\/td>\n<\/tr>\n<tr>\n<th colspan=\"2\">Consommation<\/th>\n<\/tr>\n<tr>\n<td>Puissance \u00e9lectrique<\/td>\n<td>720 Watt<\/td>\n<\/tr>\n<tr>\n<th colspan=\"2\">Dimensions et poids<\/th>\n<\/tr>\n<tr>\n<td>Largeur<\/td>\n<td>31 cm<\/td>\n<\/tr>\n<tr>\n<td>Hauteur<\/td>\n<td>29 cm<\/td>\n<\/tr>\n<tr>\n<td>Profondeur<\/td>\n<td>29 cm<\/td>\n<\/tr>\n<tr>\n<td>Poids<\/td>\n<td>3.8 kg<\/td>\n<\/tr>\n<tr>\n<th colspan=\"2\">Dimensions et poids (emball\u00e9)<\/th>\n<\/tr>\n<tr>\n<td>Hauteur (Exp\u00e9dition)<\/td>\n<td>33.9 cm<\/td>\n<\/tr>\n<tr>\n<td>Largeur (emball\u00e9e)<\/td>\n<td>35.6 cm<\/td>\n<\/tr>\n<tr>\n<td>Profondeur (emball\u00e9e)<\/td>\n<td>31.8 cm<\/td>\n<\/tr>\n<tr>\n<td>Poids (Exp\u00e9dition)<\/td>\n<td>5.6 kg<\/td>\n<\/tr>\n<tr>\n<th colspan=\"2\">Affichage<\/th>\n<\/tr>\n<tr>\n<td>Type<\/td>\n<td>Ecran LCD<\/td>\n<\/tr>\n<\/tbody>\n<\/table>\n<\/div>\n<\/div>\n<\/div>","protected":false},"excerpt":{"rendered":"<div class=\"woocommerce-product-details__short-description\">\n<p>Machine \u00e0 pain 1 programmes (dont sans gluten et pain de seigle) -720W \u2013 Noir\/Pourpre \u2013 Jusqu\u2019\u00e0 1 KG \u2013 ecran LCD<\/p>\n<\/div>\n<form class=\"cart\" action=\"https:\/\/www.gros-menager.com\/boutique\/machine-a-pain-moulinex-1kg-17-programmes-coloris-noir-et-pourpre-ow220830\/\" enctype=\"multipart\/form-data\" method=\"post\">\n<div class=\"product-button-wrapper\">\n<div class=\"quantity razzi-quantity-dropdown\"><\/div>\n<\/div>\n<\/form>","protected":false},"featured_media":10640,"comment_status":"open","ping_status":"closed","template":"","meta":{"inline_featured_image":false,"_joinchat":[]},"product_cat":[122,138],"product_tag":[],"class_list":{"0":"post-10499","1":"product","2":"type-product","3":"status-publish","4":"has-post-thumbnail","6":"product_cat-cuisine-cuisson","7":"product_cat-grille-pain","9":"first","10":"instock","11":"sale","12":"shipping-taxable","13":"purchasable","14":"product-type-simple"},"_links":{"self":[{"href":"https:\/\/kitchtenstore.com\/fr\/wp-json\/wp\/v2\/product\/10499","targetHints":{"allow":["GET"]}}],"collection":[{"href":"https:\/\/kitchtenstore.com\/fr\/wp-json\/wp\/v2\/product"}],"about":[{"href":"https:\/\/kitchtenstore.com\/fr\/wp-json\/wp\/v2\/types\/product"}],"replies":[{"embeddable":true,"href":"https:\/\/kitchtenstore.com\/fr\/wp-json\/wp\/v2\/comments?post=10499"}],"version-history":[{"count":1,"href":"https:\/\/kitchtenstore.com\/fr\/wp-json\/wp\/v2\/product\/10499\/revisions"}],"predecessor-version":[{"id":10642,"href":"https:\/\/kitchtenstore.com\/fr\/wp-json\/wp\/v2\/product\/10499\/revisions\/10642"}],"wp:featuredmedia":[{"embeddable":true,"href":"https:\/\/kitchtenstore.com\/fr\/wp-json\/wp\/v2\/media\/10640"}],"wp:attachment":[{"href":"https:\/\/kitchtenstore.com\/fr\/wp-json\/wp\/v2\/media?parent=10499"}],"wp:term":[{"taxonomy":"product_cat","embeddable":true,"href":"https:\/\/kitchtenstore.com\/fr\/wp-json\/wp\/v2\/product_cat?post=10499"},{"taxonomy":"product_tag","embeddable":true,"href":"https:\/\/kitchtenstore.com\/fr\/wp-json\/wp\/v2\/product_tag?post=10499"}],"curies":[{"name":"wp","href":"https:\/\/api.w.org\/{rel}","templated":true}]}}