{"id":10498,"date":"2022-10-23T10:23:46","date_gmt":"2022-10-23T10:23:46","guid":{"rendered":"https:\/\/kitchtenstore.com\/?post_type=product&#038;p=10498"},"modified":"2022-10-23T10:25:33","modified_gmt":"2022-10-23T10:25:33","slug":"machine-a-pain-moulinex-ow610110-bread-baguettes-16-programmes-capacite-15-kg-blanc","status":"publish","type":"product","link":"https:\/\/kitchtenstore.com\/fr\/produit\/machine-a-pain-moulinex-ow610110-bread-baguettes-16-programmes-capacite-15-kg-blanc\/","title":{"rendered":"Machine \u00e0 pain MOULINEX OW610110 Bread Baguettes \u2013 16 programmes \u2013 Capacit\u00e9 1,5 kg \u2013 Blanc"},"content":{"rendered":"<table class=\"fpDescTb fpDescTbPub\">\n<tbody>\n<tr>\n<th colspan=\"2\">Informations g\u00e9n\u00e9rales sur le produit<\/th>\n<\/tr>\n<tr>\n<td>Marque<\/td>\n<td>MOULINEX<\/td>\n<\/tr>\n<tr>\n<td>Nom du produit<\/td>\n<td>MOULINEX OW610110 Machine \u00e0 pain Home Bread Baguet<\/td>\n<\/tr>\n<tr>\n<td>Cat\u00e9gorie<\/td>\n<td>MACHINE \u00c0 PAIN<\/td>\n<\/tr>\n<tr>\n<th colspan=\"2\">Informations sur le produit<\/th>\n<\/tr>\n<tr>\n<td>dur\u00e9e de disponibilit\u00e9 des pi\u00e8ces d\u00e9tach\u00e9es essentielles \u00e0 l\u2019utilisation du produit<\/td>\n<td>10 ans, A partir de la date d\u2019achat du client. vente depuis 2012<\/td>\n<\/tr>\n<tr>\n<th colspan=\"2\">G\u00e9n\u00e9ral<\/th>\n<\/tr>\n<tr>\n<td>Type de produit<\/td>\n<td>Machine \u00e0 pain<\/td>\n<\/tr>\n<tr>\n<td>Contenance en aliments<\/td>\n<td>1.5 kg<\/td>\n<\/tr>\n<tr>\n<td>Param\u00e8tres de poids<\/td>\n<td>3 param\u00e8tres de poids (750 g, 1 kg, 1,5 kg)<\/td>\n<\/tr>\n<tr>\n<td>Fonction et param\u00e8tres<\/td>\n<td>3 niveaux de dorage, fonction pr\u00e9paration de g\u00e2teau, fonction Omega, fonction maintien au chaud jusqu\u2019\u00e0 1 heure<\/td>\n<\/tr>\n<tr>\n<td>Caract\u00e9ristiques particuli\u00e8res<\/td>\n<td>Sans gluten, pain fran\u00e7ais, pain complet, pain sucr\u00e9, param\u00e9trage de la p\u00e2te, p\u00e9trin pour p\u00e2te, pain rapide<\/td>\n<\/tr>\n<tr>\n<td>Nombre de programmes<\/td>\n<td>16<\/td>\n<\/tr>\n<tr>\n<th colspan=\"2\">R\u00e9glages, commandes et voyants<\/th>\n<\/tr>\n<tr>\n<td>Minuteur<\/td>\n<td>1 h<\/td>\n<\/tr>\n<tr>\n<td>Fonctions du minuteur<\/td>\n<td>D\u00e9part diff\u00e9r\u00e9<\/td>\n<\/tr>\n<tr>\n<th colspan=\"2\">Consommation<\/th>\n<\/tr>\n<tr>\n<td>Puissance \u00e9lectrique<\/td>\n<td>1650 Watt<\/td>\n<\/tr>\n<tr>\n<th colspan=\"2\">Divers<\/th>\n<\/tr>\n<tr>\n<td>Caract\u00e9ristiques externes<\/td>\n<td>Fen\u00eatre de viseur<\/td>\n<\/tr>\n<tr>\n<th colspan=\"2\">Vos garanties incluses pour les produits vendus par Cdiscount<\/th>\n<\/tr>\n<tr>\n<td>Garantie (\u00b2)<\/td>\n<td>2 ans \u2013 pi\u00e8ces, main d\u2019\u0153uvre<\/td>\n<\/tr>\n<\/tbody>\n<\/table>","protected":false},"excerpt":{"rendered":"<p>Capacit\u00e9: 1.5 kg \u2013 Baguettes \u2013 D\u00e9part diff\u00e9r\u00e9 \u2013 Livre de recettes \u2013 Accessoires boulanger \u2013 Coloris Blanc<\/p>","protected":false},"featured_media":10636,"comment_status":"open","ping_status":"closed","template":"","meta":{"inline_featured_image":false,"_joinchat":[]},"product_cat":[122,138],"product_tag":[],"class_list":{"0":"post-10498","1":"product","2":"type-product","3":"status-publish","4":"has-post-thumbnail","6":"product_cat-cuisine-cuisson","7":"product_cat-grille-pain","9":"first","10":"instock","11":"sale","12":"shipping-taxable","13":"purchasable","14":"product-type-simple"},"_links":{"self":[{"href":"https:\/\/kitchtenstore.com\/fr\/wp-json\/wp\/v2\/product\/10498","targetHints":{"allow":["GET"]}}],"collection":[{"href":"https:\/\/kitchtenstore.com\/fr\/wp-json\/wp\/v2\/product"}],"about":[{"href":"https:\/\/kitchtenstore.com\/fr\/wp-json\/wp\/v2\/types\/product"}],"replies":[{"embeddable":true,"href":"https:\/\/kitchtenstore.com\/fr\/wp-json\/wp\/v2\/comments?post=10498"}],"version-history":[{"count":1,"href":"https:\/\/kitchtenstore.com\/fr\/wp-json\/wp\/v2\/product\/10498\/revisions"}],"predecessor-version":[{"id":10639,"href":"https:\/\/kitchtenstore.com\/fr\/wp-json\/wp\/v2\/product\/10498\/revisions\/10639"}],"wp:featuredmedia":[{"embeddable":true,"href":"https:\/\/kitchtenstore.com\/fr\/wp-json\/wp\/v2\/media\/10636"}],"wp:attachment":[{"href":"https:\/\/kitchtenstore.com\/fr\/wp-json\/wp\/v2\/media?parent=10498"}],"wp:term":[{"taxonomy":"product_cat","embeddable":true,"href":"https:\/\/kitchtenstore.com\/fr\/wp-json\/wp\/v2\/product_cat?post=10498"},{"taxonomy":"product_tag","embeddable":true,"href":"https:\/\/kitchtenstore.com\/fr\/wp-json\/wp\/v2\/product_tag?post=10498"}],"curies":[{"name":"wp","href":"https:\/\/api.w.org\/{rel}","templated":true}]}}