{"id":10497,"date":"2022-10-23T10:23:46","date_gmt":"2022-10-23T10:23:46","guid":{"rendered":"https:\/\/kitchtenstore.com\/?post_type=product&#038;p=10497"},"modified":"2022-10-23T10:25:30","modified_gmt":"2022-10-23T10:25:30","slug":"mijoteur-kitchen-cook-cookotte-inox","status":"publish","type":"product","link":"https:\/\/kitchtenstore.com\/fr\/produit\/mijoteur-kitchen-cook-cookotte-inox\/","title":{"rendered":"Mijoteur KITCHEN COOK COOKOTTE INOX"},"content":{"rendered":"<div id=\"product_description\" class=\"product_bloc_aside product_bloc_description\">\n<div class=\"product_bloc_content bloc ombre font-2\">\n<div>\n<div><b>Le multi-cuiseur COOKOTTE Inox de KITCHENCOOK va r\u00e9volutionner votre mani\u00e8re de cuisiner !<\/b><\/div>\n<div><\/div>\n<div><b>Multifonction<\/b>, cet appareil \u00a0vous accompagnera dans la r\u00e9alisation de nombreux plats. Gr\u00e2ce \u00e0 son \u00e9cran digital, vous gardez constamment un \u0153il sur la temp\u00e9rature et le minuteur.<\/div>\n<div><\/div>\n<div><b>Capacit\u00e9 :<\/b><\/div>\n<div>Le multi-cuisseur \u00a0de KITCHENCOOK dispose d\u2019une puissance de\u00a0\u00a0<b>1350 watts\u00a0<\/b>et est dot\u00e9\u00a0<b>\u00a0d\u2019une capacit\u00e9 de 5,6 litres<\/b>.<\/div>\n<div>Ce multi-cuiseur est programmable pour s\u2019adapter parfaitement \u00e0 tous vos plats. Il propose diff\u00e9rentes fonctions qui vous permettront de\u00a0\u00a0<b>mijoter, sauter, cuire \u00e0 la vapeur, griller, saisir, r\u00f4tir, bouillir et maintenir au chaud vos aliments<\/b>.<\/div>\n<div><\/div>\n<div><b>Cuisson intelligente :<\/b><\/div>\n<div>Son\u00a0\u00a0<b>rev\u00eatement anti-adh\u00e9sif\u00a0<\/b>vous permet de cuisiner en toute s\u00e9r\u00e9nit\u00e9 puisque les aliments ne collent pas \u00e0 la cuve.<\/div>\n<div>Vos plats sont toujours \u00e0 la bonne temp\u00e9rature de cuisson avec la\u00a0\u00a0<b>fonction maintien au chaud<\/b>.<\/div>\n<div><\/div>\n<div>Pour une cuisson id\u00e9ale en toutes circonstances, la temp\u00e9rature est r\u00e9glable de 120\u00b0 \u00e0 220\u00b0C.<\/div>\n<div><\/div>\n<div><b>Pratique :<\/b><\/div>\n<div>Le couvercle transparent vous permet de garder un \u0153il sur vos plats durant la cuisson.<\/div>\n<div><\/div>\n<div><b>S\u00e9curit\u00e9 :<\/b><\/div>\n<div>Ses\u00a0\u00a0<b>poign\u00e9es isol\u00e9es<\/b>\u00a0vous prot\u00e8gent de toutes br\u00fblures lors de l\u2019utilisation de l\u2019appareil. Ses\u00a0\u00a0<b>pieds antid\u00e9rapants<\/b>\u00a0assurent la stabilit\u00e9 du multi-cuiseur.<\/div>\n<div>Un\u00a0\u00a0<b>t\u00e9moin lumineux<\/b>\u00a0vous indique \u00e9galement que l\u2019appareil est en marche.<\/div>\n<\/div>\n<\/div>\n<\/div>\n<div id=\"product_caracteristics\" class=\"product_bloc_aside product_bloc_caracteristics\">\n<div id=\"test\"><\/div>\n<div>\n<h2 class=\"product_bloc_aside_title font-2\">CARACT\u00c9RISTIQUES<\/h2>\n<\/div>\n<div class=\"product_bloc_content bloc ombre\">\n<table class=\"font-2\">\n<caption class=\"caption_hidden\">Caract\u00e9ristiques<\/caption>\n<tbody>\n<tr class=\"odd\">\n<th scope=\"row\">Type<\/th>\n<td class=\"font-2-b\">\n<ul class=\"characteristics\" data-switch=\"\">\n<li class=\"\">Multicuiseur<\/li>\n<\/ul>\n<\/td>\n<\/tr>\n<tr class=\"\">\n<th scope=\"row\">Le plus du produit<\/th>\n<td class=\"font-2-b\">\n<ul class=\"characteristics\" data-switch=\"\">\n<li class=\"\">Ecran avec indication de temp\u00e9rature et minuterie<\/li>\n<\/ul>\n<\/td>\n<\/tr>\n<tr class=\"odd\">\n<th scope=\"row\">Capacit\u00e9<\/th>\n<td class=\"font-2-b\">\n<ul class=\"characteristics\" data-switch=\"\">\n<li class=\"\">5,6 L<\/li>\n<\/ul>\n<\/td>\n<\/tr>\n<tr class=\"\">\n<th scope=\"row\">Minuterie<\/th>\n<td class=\"font-2-b\">\n<ul class=\"characteristics\" data-switch=\"\">\n<li class=\"\">Oui<\/li>\n<\/ul>\n<\/td>\n<\/tr>\n<tr class=\"odd\">\n<th scope=\"row\">Maintien au chaud<\/th>\n<td class=\"font-2-b\">\n<ul class=\"characteristics\" data-switch=\"\">\n<li class=\"\">Oui<\/li>\n<\/ul>\n<\/td>\n<\/tr>\n<tr class=\"\">\n<th scope=\"row\">Modes de cuisson<\/th>\n<td class=\"font-2-b\">\n<ul class=\"characteristics\" data-switch=\"\">\n<li class=\"\">8 (Mijoter, sauter, cuire \u00e0 la vapeur, griller, saisir, r\u00f4tir, bouillir et maintien au chaud)<\/li>\n<\/ul>\n<\/td>\n<\/tr>\n<tr class=\"odd\">\n<th scope=\"row\">Puissance<\/th>\n<td class=\"font-2-b\">\n<ul class=\"characteristics\" data-switch=\"\">\n<li class=\"\">1350 W<\/li>\n<\/ul>\n<\/td>\n<\/tr>\n<tr class=\"\">\n<th scope=\"row\">Appareil connect\u00e9<\/th>\n<td class=\"font-2-b\">\n<ul class=\"characteristics\" data-switch=\"\">\n<li class=\"\">Non<\/li>\n<\/ul>\n<\/td>\n<\/tr>\n<tr class=\"odd\">\n<th scope=\"row\"><\/th>\n<td class=\"font-2-b\"><\/td>\n<\/tr>\n<\/tbody>\n<\/table>\n<\/div>\n<\/div>","protected":false},"excerpt":{"rendered":"<ul class=\"product_details_items font-2-l\">\n<li class=\"product_details_item\">Multicuiseur automatique \u2013 5,6 litres<\/li>\n<li class=\"product_details_item\">Fonctions : mijoter, sauter, cuire \u00e0 la vapeur, griller, saisir, r\u00f4tir, bouillir et maintien au chaud<\/li>\n<li class=\"product_details_item\">Interface digitale<\/li>\n<li class=\"product_details_item\">Puissance : 1350 W<\/li>\n<\/ul>","protected":false},"featured_media":10632,"comment_status":"open","ping_status":"closed","template":"","meta":{"inline_featured_image":false,"_joinchat":[]},"product_cat":[122,120,131],"product_tag":[],"class_list":{"0":"post-10497","1":"product","2":"type-product","3":"status-publish","4":"has-post-thumbnail","6":"product_cat-cuisine-cuisson","7":"product_cat-gros-electromenagers","8":"product_cat-multi-cuiseur","10":"first","11":"instock","12":"sale","13":"shipping-taxable","14":"purchasable","15":"product-type-simple"},"_links":{"self":[{"href":"https:\/\/kitchtenstore.com\/fr\/wp-json\/wp\/v2\/product\/10497","targetHints":{"allow":["GET"]}}],"collection":[{"href":"https:\/\/kitchtenstore.com\/fr\/wp-json\/wp\/v2\/product"}],"about":[{"href":"https:\/\/kitchtenstore.com\/fr\/wp-json\/wp\/v2\/types\/product"}],"replies":[{"embeddable":true,"href":"https:\/\/kitchtenstore.com\/fr\/wp-json\/wp\/v2\/comments?post=10497"}],"version-history":[{"count":1,"href":"https:\/\/kitchtenstore.com\/fr\/wp-json\/wp\/v2\/product\/10497\/revisions"}],"predecessor-version":[{"id":10635,"href":"https:\/\/kitchtenstore.com\/fr\/wp-json\/wp\/v2\/product\/10497\/revisions\/10635"}],"wp:featuredmedia":[{"embeddable":true,"href":"https:\/\/kitchtenstore.com\/fr\/wp-json\/wp\/v2\/media\/10632"}],"wp:attachment":[{"href":"https:\/\/kitchtenstore.com\/fr\/wp-json\/wp\/v2\/media?parent=10497"}],"wp:term":[{"taxonomy":"product_cat","embeddable":true,"href":"https:\/\/kitchtenstore.com\/fr\/wp-json\/wp\/v2\/product_cat?post=10497"},{"taxonomy":"product_tag","embeddable":true,"href":"https:\/\/kitchtenstore.com\/fr\/wp-json\/wp\/v2\/product_tag?post=10497"}],"curies":[{"name":"wp","href":"https:\/\/api.w.org\/{rel}","templated":true}]}}