{"id":10495,"date":"2022-10-23T10:23:46","date_gmt":"2022-10-23T10:23:46","guid":{"rendered":"https:\/\/kitchtenstore.com\/?post_type=product&#038;p=10495"},"modified":"2022-10-23T10:25:19","modified_gmt":"2022-10-23T10:25:19","slug":"h-koenig-gsx24-extracteur-de-jus-vertical-extra-lent","status":"publish","type":"product","link":"https:\/\/kitchtenstore.com\/fr\/produit\/h-koenig-gsx24-extracteur-de-jus-vertical-extra-lent\/","title":{"rendered":"H.KOENIG GSX24 EXTRACTEUR DE JUS VERTICAL EXTRA LENT"},"content":{"rendered":"<div id=\"presTitle\" class=\"fpCat testSep\">\n<div class=\"fpCatTitle\">Pr\u00e9sentation produit : H.KOENIG GSX24 EXTRACTEUR DE JUS VERTICAL EXTRA LENT<\/div>\n<\/div>\n<div id=\"presContent\" class=\"fpBlk testSep extCode\">L\u2019extracteur de jus extra lent vitamin+ GSX24 H.KOENIG vous permet, gr\u00e2ce \u00e0 sa technologie innovante, pression douce \u00e0 vitesse tr\u00e8s lenteet h\u00e9lice sans lame, d\u2019assurer une excellente qualit\u00e9 de jus. Un maximum d\u2019apports nutritionnels sans alt\u00e9rer les b\u00e9n\u00e9fices des fruits et avec un minimum de d\u00e9chets. Adaptez la texture de vos jus selon vos envies : \u2013 Jus fin : toutes les saveurs et bienfaits des fruits \u2013 Jus \u00e9pais : un nectar riche en fibres pour un maximum d\u2019avantages nutritionnels \u2013 Sorbet naturel : de la glace 100% fruits, le plaisir au naturel \u2013 Filtre 0 pulpe Lancez-vous dans l\u2019extraction de jus de fruits et de l\u00e9gumes frais, sains et remplis de saveurs tout en conservant l\u2019ensemble des vitamines et le gout naturel de vos aliments. Le tamis sp\u00e9cial smoothie et sorbets vous permet de pr\u00e9parer de savoureux desserts glac\u00e9s 100% fruits sans sucres ajout\u00e9s. Plus besoin de couper vos fruits en morceaux, son bec d\u2019introduction extra large et sa capacit\u00e9 d\u2019un litre, permettent d\u2019extraire vos jus en grande quantit\u00e9 et en un rien de temps. Syst\u00e8me silencieux et nettoyage facile gr\u00e2ce \u00e0 ses pi\u00e8ces d\u00e9montables. L\u2019extracteur de jus extra lent vitamine+ GSX24 H.Koenig votre nouveau partenaire sant\u00e9!<\/div>\n<div id=\"desc\" class=\"anchor\"><\/div>\n<div id=\"descContent\" class=\"fpBlk testSep\" data-cs-override-id=\"Descriptif\">\n<p class=\"fpMb\">Technologie de pression douce assurant une qualit\u00e9 de jus avec un maximum d\u2019avantages nutritionnels Vitesse de rotation optimale pour une meilleure conservation des nutriments 1 filtre externe pour filtrer la pulpe 3 tamis : jus fin, jus \u00e9pais et sor<\/p>\n<div class=\"regBloc no1023\">\n<div id=\"gpt-R2-300X250BODY2\" data-google-query-id=\"CMOI0_f9legCFYRx4AodDSkLgw\"><\/div>\n<div class=\"regTxt\"><\/div>\n<\/div>\n<table class=\"fpDescTb fpDescTbPub\">\n<tbody>\n<tr>\n<th colspan=\"2\">Informations g\u00e9n\u00e9rales sur le produit<\/th>\n<\/tr>\n<tr>\n<td>Marque<\/td>\n<td><a title=\"HKOENIG\" href=\"https:\/\/www.cdiscount.com\/m-6587-hkoenig.html\" data-link=\"SFP-ZBN-TNO-DPM\">HKOENIG<\/a><\/td>\n<\/tr>\n<tr>\n<td>Nom du produit<\/td>\n<td>H.KOENIG GSX24 EXTRACTEUR DE JUS VERTICAL EXTRA LE<\/td>\n<\/tr>\n<tr>\n<td>Cat\u00e9gorie<\/td>\n<td>PRESSE-AGRUME<\/td>\n<\/tr>\n<\/tbody>\n<\/table>\n<\/div>","protected":false},"excerpt":{"rendered":"<div class=\"woocommerce-product-details__short-description\">\n<p>Technologie de pression douce assurant une qualit\u00e9 de jus avec un maximum d\u2019avantages nutritionnels Vitesse de rotation optimale pour une meilleure conservation des nutriments 1 filtre externe pour filtrer la pulpe 3 tamis : jus fin, jus \u00e9pais et sor<\/p>\n<\/div>\n<form class=\"cart\" action=\"https:\/\/www.gros-menager.com\/boutique\/h-koenig-gsx24-extracteur-de-jus-vertical-extra-lent\/\" enctype=\"multipart\/form-data\" method=\"post\">\n<div class=\"product-button-wrapper\">\n<div class=\"quantity razzi-quantity-dropdown\"><\/div>\n<\/div>\n<\/form>","protected":false},"featured_media":10618,"comment_status":"open","ping_status":"closed","template":"","meta":{"inline_featured_image":false,"_joinchat":[]},"product_cat":[122,136,120],"product_tag":[],"class_list":{"0":"post-10495","1":"product","2":"type-product","3":"status-publish","4":"has-post-thumbnail","6":"product_cat-cuisine-cuisson","7":"product_cat-extracteur-de-jus","8":"product_cat-gros-electromenagers","10":"first","11":"instock","12":"sale","13":"shipping-taxable","14":"purchasable","15":"product-type-simple"},"_links":{"self":[{"href":"https:\/\/kitchtenstore.com\/fr\/wp-json\/wp\/v2\/product\/10495","targetHints":{"allow":["GET"]}}],"collection":[{"href":"https:\/\/kitchtenstore.com\/fr\/wp-json\/wp\/v2\/product"}],"about":[{"href":"https:\/\/kitchtenstore.com\/fr\/wp-json\/wp\/v2\/types\/product"}],"replies":[{"embeddable":true,"href":"https:\/\/kitchtenstore.com\/fr\/wp-json\/wp\/v2\/comments?post=10495"}],"version-history":[{"count":1,"href":"https:\/\/kitchtenstore.com\/fr\/wp-json\/wp\/v2\/product\/10495\/revisions"}],"predecessor-version":[{"id":10621,"href":"https:\/\/kitchtenstore.com\/fr\/wp-json\/wp\/v2\/product\/10495\/revisions\/10621"}],"wp:featuredmedia":[{"embeddable":true,"href":"https:\/\/kitchtenstore.com\/fr\/wp-json\/wp\/v2\/media\/10618"}],"wp:attachment":[{"href":"https:\/\/kitchtenstore.com\/fr\/wp-json\/wp\/v2\/media?parent=10495"}],"wp:term":[{"taxonomy":"product_cat","embeddable":true,"href":"https:\/\/kitchtenstore.com\/fr\/wp-json\/wp\/v2\/product_cat?post=10495"},{"taxonomy":"product_tag","embeddable":true,"href":"https:\/\/kitchtenstore.com\/fr\/wp-json\/wp\/v2\/product_tag?post=10495"}],"curies":[{"name":"wp","href":"https:\/\/api.w.org\/{rel}","templated":true}]}}