{"id":10454,"date":"2022-10-23T10:23:19","date_gmt":"2022-10-23T10:23:19","guid":{"rendered":"https:\/\/kitchtenstore.com\/?post_type=product&#038;p=10454"},"modified":"2022-10-23T10:24:50","modified_gmt":"2022-10-23T10:24:50","slug":"extracteur-de-jus-hurom-hw-professionnel","status":"publish","type":"product","link":"https:\/\/kitchtenstore.com\/fr\/produit\/extracteur-de-jus-hurom-hw-professionnel\/","title":{"rendered":"Extracteur de jus Hurom HW Professionnel"},"content":{"rendered":"<div class=\"woocommerce-tabs wc-tabs-wrapper\">\n<div id=\"tab-description\" class=\"woocommerce-Tabs-panel woocommerce-Tabs-panel--description panel entry-content wc-tab\" role=\"tabpanel\" aria-labelledby=\"tab-title-description\">\n<div id=\"presTitle\" class=\"fpCat testSep\">\n<div class=\"fpCatTitle\">Pr\u00e9sentation produit : Extracteur de jus Hurom HW Professionnel<\/div>\n<\/div>\n<div id=\"presContent\" class=\"fpBlk testSep extCode\">Extracteur de jus Hurom HW Professionnel \u2022 Couleur: Gris \u2022 Livr\u00e9 avec: Notice, Cuve de r\u00e9cup\u00e9ration, Filtre fin, Filtre \u00e9pais, Brosses de nettoyage, poussoir, Presse agrumes \u2022 Mati\u00e8re du corps: Acier Inoxydable \u2022 Capacit\u00e9: 1,00 L \u2022 D\u00e9couvrez: Comme un Chef \u2022 Type produit: Extracteur de jus \u2022 Position de l\u2019appareil: Horizontal \u2022 Vitesse maxi (+ d\u2019infos): 60 tr\/mn \u2022 Syst\u00e8me anti gouttes: Oui \u2022 Ecoulement direct: Oui \u2022 Pieds anti-d\u00e9rapants: Oui \u2022 Marche \/ arr\u00eat: Oui \u2022 Goulotte extra large: Oui \u2022 Dur\u00e9e de la garantie (Pi\u00e8ces et main d\u2019oeuvre pour un produit neuf vendu par Kalendo): 2 ans \u2022 Disponibilit\u00e9 des pi\u00e8ces d\u00e9tach\u00e9es (donn\u00e9es fournisseur): Non communiqu\u00e9e \u2022 Fabriqu\u00e9 en: Cor\u00e9e<\/div>\n<div id=\"desc\" class=\"anchor\"><\/div>\n<div id=\"descContent\" class=\"fpBlk testSep\" data-cs-override-id=\"Descriptif\">\n<p class=\"fpMb\">Couleur: Gris \u2022 Livr\u00e9 avec: Notice, Cuve de r\u00e9cup\u00e9ration, Filtre fin, Filtre \u00e9pais, Brosses de nettoyage, poussoir, Presse agrumes \u2022 Mati\u00e8re du corps: Acier Inoxydable \u2022 Capacit\u00e9: 1,00 L \u2022 D\u00e9couvrez: Comme un Chef \u2022 Type produit: Extracteur de jus \u2022 Position de l\u2019appareil: Horizontal \u2022 Vitesse maxi (+ d\u2019infos): 60 tr\/mn \u2022 Syst\u00e8me anti gouttes: Oui \u2022 Ecoulement direct: Oui<\/p>\n<div class=\"regBloc no1023\">\n<div id=\"gpt-R2-300X250BODY2\" data-google-query-id=\"CK_KuPSGlugCFRr6dwodcBkOMA\"><\/div>\n<div class=\"regTxt\"><\/div>\n<\/div>\n<table class=\"fpDescTb fpDescTbPub\">\n<tbody>\n<tr>\n<th colspan=\"2\">Informations g\u00e9n\u00e9rales sur le produit<\/th>\n<\/tr>\n<tr>\n<td>Marque<\/td>\n<td><a title=\"HUROM\" href=\"https:\/\/www.cdiscount.com\/m-17010-hurom.html\" data-link=\"SFP-ZBN-TNO-DPM\">HUROM<\/a><\/td>\n<\/tr>\n<tr>\n<td>Nom du produit<\/td>\n<td>Extracteur de jus Hurom HW Professionnel<\/td>\n<\/tr>\n<tr>\n<td>Cat\u00e9gorie<\/td>\n<td>EXTRACTEUR DE JUS<\/td>\n<\/tr>\n<\/tbody>\n<\/table>\n<\/div>\n<\/div>\n<\/div>","protected":false},"excerpt":{"rendered":"<div class=\"woocommerce-product-details__short-description\">\n<p>Couleur: Gris \u2022 Livr\u00e9 avec: Notice, Cuve de r\u00e9cup\u00e9ration, Filtre fin, Filtre \u00e9pais, Brosses de nettoyage, poussoir, Presse agrumes \u2022 Mati\u00e8re du corps: Acier Inoxydable \u2022 Capacit\u00e9: 1,00 L \u2022 D\u00e9couvrez: Comme un Chef \u2022 Type produit: Extracteur de jus \u2022 Position de l\u2019appareil: Horizontal \u2022 Vitesse maxi (+ d\u2019infos): 60 tr\/mn \u2022 Syst\u00e8me anti gouttes: Oui \u2022 Ecoulement direct: Oui<\/p>\n<\/div>\n<form class=\"cart\" action=\"https:\/\/www.gros-menager.com\/boutique\/extracteur-de-jus-hurom-hw-professionnel-2\/\" enctype=\"multipart\/form-data\" method=\"post\">\n<div class=\"product-button-wrapper\">\n<div class=\"quantity razzi-quantity-dropdown\"><\/div>\n<\/div>\n<\/form>","protected":false},"featured_media":10581,"comment_status":"open","ping_status":"closed","template":"","meta":{"inline_featured_image":false,"_joinchat":[]},"product_cat":[136,120],"product_tag":[],"class_list":{"0":"post-10454","1":"product","2":"type-product","3":"status-publish","4":"has-post-thumbnail","6":"product_cat-extracteur-de-jus","7":"product_cat-gros-electromenagers","9":"first","10":"instock","11":"sale","12":"shipping-taxable","13":"purchasable","14":"product-type-simple"},"_links":{"self":[{"href":"https:\/\/kitchtenstore.com\/fr\/wp-json\/wp\/v2\/product\/10454","targetHints":{"allow":["GET"]}}],"collection":[{"href":"https:\/\/kitchtenstore.com\/fr\/wp-json\/wp\/v2\/product"}],"about":[{"href":"https:\/\/kitchtenstore.com\/fr\/wp-json\/wp\/v2\/types\/product"}],"replies":[{"embeddable":true,"href":"https:\/\/kitchtenstore.com\/fr\/wp-json\/wp\/v2\/comments?post=10454"}],"version-history":[{"count":1,"href":"https:\/\/kitchtenstore.com\/fr\/wp-json\/wp\/v2\/product\/10454\/revisions"}],"predecessor-version":[{"id":10585,"href":"https:\/\/kitchtenstore.com\/fr\/wp-json\/wp\/v2\/product\/10454\/revisions\/10585"}],"wp:featuredmedia":[{"embeddable":true,"href":"https:\/\/kitchtenstore.com\/fr\/wp-json\/wp\/v2\/media\/10581"}],"wp:attachment":[{"href":"https:\/\/kitchtenstore.com\/fr\/wp-json\/wp\/v2\/media?parent=10454"}],"wp:term":[{"taxonomy":"product_cat","embeddable":true,"href":"https:\/\/kitchtenstore.com\/fr\/wp-json\/wp\/v2\/product_cat?post=10454"},{"taxonomy":"product_tag","embeddable":true,"href":"https:\/\/kitchtenstore.com\/fr\/wp-json\/wp\/v2\/product_tag?post=10454"}],"curies":[{"name":"wp","href":"https:\/\/api.w.org\/{rel}","templated":true}]}}