{"id":10452,"date":"2022-10-23T10:23:19","date_gmt":"2022-10-23T10:23:19","guid":{"rendered":"https:\/\/kitchtenstore.com\/?post_type=product&#038;p=10452"},"modified":"2022-10-23T10:24:44","modified_gmt":"2022-10-23T10:24:44","slug":"delonghi-ecam22-140-b-magnifica-s-machine-expresso-automatique-avec-broyeur-noir","status":"publish","type":"product","link":"https:\/\/kitchtenstore.com\/fr\/produit\/delonghi-ecam22-140-b-magnifica-s-machine-expresso-automatique-avec-broyeur-noir\/","title":{"rendered":"DELONGHI ECAM22.140.B MAGNIFICA S Machine expresso automatique avec broyeur \u2013 Noir"},"content":{"rendered":"<div class=\"woocommerce-tabs wc-tabs-wrapper\">\n<div id=\"tab-description\" class=\"woocommerce-Tabs-panel woocommerce-Tabs-panel--description panel entry-content wc-tab\" role=\"tabpanel\" aria-labelledby=\"tab-title-description\">\n<div id=\"descContent\" class=\"fpBlk testSep\" data-cs-override-id=\"Descriptif\">\n<table class=\"fpDescTb fpDescTbPub\">\n<tbody>\n<tr>\n<th colspan=\"2\">Informations g\u00e9n\u00e9rales sur le produit<\/th>\n<\/tr>\n<tr>\n<td>Marque<\/td>\n<td>DELONGHI<\/td>\n<\/tr>\n<tr>\n<td>Nom du produit<\/td>\n<td>DELONGHI ECAM22.140.B MAGNIFICA S Machine expresso<\/td>\n<\/tr>\n<tr>\n<td>Cat\u00e9gorie<\/td>\n<td>MACHINE \u00c0 CAF\u00c9<\/td>\n<\/tr>\n<tr>\n<th colspan=\"2\">Informations sur le produit<\/th>\n<\/tr>\n<tr>\n<td>Couleur(s)<\/td>\n<td>Noir<\/td>\n<\/tr>\n<tr>\n<td>Composition<\/td>\n<td>MAGNIFICA S<\/td>\n<\/tr>\n<tr>\n<th colspan=\"2\">G\u00e9n\u00e9ral<\/th>\n<\/tr>\n<tr>\n<td>Type de produit<\/td>\n<td>Machine \u00e0 caf\u00e9 automatique avec buse vapeur \u00ab\u00a0Cappuccino\u00a0\u00bb<\/td>\n<\/tr>\n<tr>\n<td>Type de caf\u00e9<\/td>\n<td>Cappuccino, espresso, caf\u00e9 au lait<\/td>\n<\/tr>\n<tr>\n<td>Couleur<\/td>\n<td>Noir<\/td>\n<\/tr>\n<tr>\n<td>Capacit\u00e9 du r\u00e9servoir d\u2019eau<\/td>\n<td>1.8 litres<\/td>\n<\/tr>\n<tr>\n<td>Capacit\u00e9 du r\u00e9servoir de grains<\/td>\n<td>250 g<\/td>\n<\/tr>\n<tr>\n<td>Pression<\/td>\n<td>15 bar<\/td>\n<\/tr>\n<tr>\n<td>Fonctions<\/td>\n<td>Degr\u00e9 de hachage ajustable, bec verseur de caf\u00e9 \u00e0 hauteur variable, r\u00e9servoir d\u2019eau amovible, plateau perfor\u00e9 amovible, arr\u00eat automatique, syst\u00e8me de pr\u00e9-percolation, s\u00e9lecteur d\u2019ar\u00f4me, syst\u00e8me de chauffe Thermoblock System, indicateur de niveau d\u2019eau, compartiments range-tasses, filtre \u00e0 eau, programme de nettoyage int\u00e9gr\u00e9, quantit\u00e9 d\u2019eau r\u00e9glable, duret\u00e9 de l\u2019eau r\u00e9glable, temp\u00e9rature d\u2019infusion r\u00e9glable, mode attente, couvercle sup\u00e9rieur conservateur d\u2019ar\u00f4me, programme de d\u00e9tartrage, groupe de percolation amovible, fonction d\u2019\u00e9conomie d\u2019\u00e9nergie<\/td>\n<\/tr>\n<tr>\n<td>Compatible<\/td>\n<td>Caf\u00e9 moulu, grains de caf\u00e9<\/td>\n<\/tr>\n<tr>\n<td>Moulin \u00e0 caf\u00e9 int\u00e9gr\u00e9<\/td>\n<td>Oui<\/td>\n<\/tr>\n<tr>\n<td>Format<\/td>\n<td>Pose libre<\/td>\n<\/tr>\n<tr>\n<td>M\u00e9thode d\u2019infusion<\/td>\n<td>Espresso<\/td>\n<\/tr>\n<tr>\n<th colspan=\"2\">Consommation<\/th>\n<\/tr>\n<tr>\n<td>Puissance \u00e9lectrique<\/td>\n<td>1450 Watt<\/td>\n<\/tr>\n<tr>\n<td>Alimentation<\/td>\n<td>220 \u2013 240 V \/ 50\/60 Hz<\/td>\n<\/tr>\n<tr>\n<th colspan=\"2\">Dimensions et poids<\/th>\n<\/tr>\n<tr>\n<td>Largeur<\/td>\n<td>23.8 cm<\/td>\n<\/tr>\n<tr>\n<td>Hauteur<\/td>\n<td>43 cm<\/td>\n<\/tr>\n<tr>\n<td>Profondeur<\/td>\n<td>35.1 cm<\/td>\n<\/tr>\n<tr>\n<td>Poids<\/td>\n<td>9.2 kg<\/td>\n<\/tr>\n<\/tbody>\n<\/table>\n<\/div>\n<\/div>\n<\/div>","protected":false},"excerpt":{"rendered":"<ul>\n<li>Pression : 15 bar<\/li>\n<li>Capacit\u00e9 du r\u00e9servoir d\u2019eau : 1.8 litres<\/li>\n<li>Compatible : Caf\u00e9 moulu, grains de caf\u00e9<\/li>\n<li>Puissance \u00e9lectrique : 1450 Watt<\/li>\n<li>Couleur : Noir<\/li>\n<\/ul>","protected":false},"featured_media":10572,"comment_status":"open","ping_status":"closed","template":"","meta":{"inline_featured_image":false,"_joinchat":[]},"product_cat":[122,120,130],"product_tag":[],"class_list":{"0":"post-10452","1":"product","2":"type-product","3":"status-publish","4":"has-post-thumbnail","6":"product_cat-cuisine-cuisson","7":"product_cat-gros-electromenagers","8":"product_cat-machine-a-cafe","10":"first","11":"instock","12":"sale","13":"shipping-taxable","14":"purchasable","15":"product-type-simple"},"_links":{"self":[{"href":"https:\/\/kitchtenstore.com\/fr\/wp-json\/wp\/v2\/product\/10452","targetHints":{"allow":["GET"]}}],"collection":[{"href":"https:\/\/kitchtenstore.com\/fr\/wp-json\/wp\/v2\/product"}],"about":[{"href":"https:\/\/kitchtenstore.com\/fr\/wp-json\/wp\/v2\/types\/product"}],"replies":[{"embeddable":true,"href":"https:\/\/kitchtenstore.com\/fr\/wp-json\/wp\/v2\/comments?post=10452"}],"version-history":[{"count":1,"href":"https:\/\/kitchtenstore.com\/fr\/wp-json\/wp\/v2\/product\/10452\/revisions"}],"predecessor-version":[{"id":10576,"href":"https:\/\/kitchtenstore.com\/fr\/wp-json\/wp\/v2\/product\/10452\/revisions\/10576"}],"wp:featuredmedia":[{"embeddable":true,"href":"https:\/\/kitchtenstore.com\/fr\/wp-json\/wp\/v2\/media\/10572"}],"wp:attachment":[{"href":"https:\/\/kitchtenstore.com\/fr\/wp-json\/wp\/v2\/media?parent=10452"}],"wp:term":[{"taxonomy":"product_cat","embeddable":true,"href":"https:\/\/kitchtenstore.com\/fr\/wp-json\/wp\/v2\/product_cat?post=10452"},{"taxonomy":"product_tag","embeddable":true,"href":"https:\/\/kitchtenstore.com\/fr\/wp-json\/wp\/v2\/product_tag?post=10452"}],"curies":[{"name":"wp","href":"https:\/\/api.w.org\/{rel}","templated":true}]}}