{"id":10428,"date":"2022-10-23T10:22:55","date_gmt":"2022-10-23T10:22:55","guid":{"rendered":"https:\/\/kitchtenstore.com\/?post_type=product&#038;p=10428"},"modified":"2022-10-23T10:24:41","modified_gmt":"2022-10-23T10:24:41","slug":"delonghi-ecam22-110-b-magnifica-s-machine-expresso-automatique-avec-broyeur-noir","status":"publish","type":"product","link":"https:\/\/kitchtenstore.com\/fr\/produit\/delonghi-ecam22-110-b-magnifica-s-machine-expresso-automatique-avec-broyeur-noir\/","title":{"rendered":"DELONGHI ECAM22.110.B MAGNIFICA S Machine expresso automatique avec broyeur \u2013 Noir"},"content":{"rendered":"<table class=\"fpDescTb fpDescTbPub\">\n<tbody>\n<tr>\n<td>Type de produit<\/td>\n<td>Machine \u00e0 caf\u00e9 automatique avec buse vapeur \u00ab\u00a0Cappuccino\u00a0\u00bb<\/td>\n<\/tr>\n<tr>\n<td>Type de caf\u00e9<\/td>\n<td>Cappuccino, espresso<\/td>\n<\/tr>\n<tr>\n<td>Capacit\u00e9 du r\u00e9servoir d\u2019eau<\/td>\n<td>1.8 litres<\/td>\n<\/tr>\n<tr>\n<td>Capacit\u00e9 du r\u00e9servoir de grains<\/td>\n<td>250 g<\/td>\n<\/tr>\n<tr>\n<td>Pression<\/td>\n<td>15 bar<\/td>\n<\/tr>\n<tr>\n<td>Fonctions<\/td>\n<td>Degr\u00e9 de hachage ajustable, bec verseur de caf\u00e9 \u00e0 hauteur variable, moulin \u00e0 caf\u00e9 int\u00e9gr\u00e9, r\u00e9servoir d\u2019eau amovible, plateau perfor\u00e9 amovible, arr\u00eat automatique, syst\u00e8me de pr\u00e9-percolation, s\u00e9lecteur d\u2019ar\u00f4me, syst\u00e8me de chauffe Thermoblock System, Vapeur rapide, compartiments range-tasses, s\u00e9lecteur d\u2019intensit\u00e9 du caf\u00e9, filtre \u00e0 eau, quantit\u00e9 d\u2019eau r\u00e9glable, duret\u00e9 de l\u2019eau r\u00e9glable, indicateur de remplissage du tiroir \u00e0 marc, signalisation manque d\u2019eau, voyant de remplissage du plateau r\u00e9colte-gouttes, mode attente, couvercle sup\u00e9rieur conservateur d\u2019ar\u00f4me, programme de d\u00e9tartrage, groupe de percolation amovible, fonction multi-tasse, fonction d\u2019\u00e9conomie d\u2019\u00e9nergie, Capuccino Rapide<\/td>\n<\/tr>\n<tr>\n<td>Compatible<\/td>\n<td>Caf\u00e9 moulu, grains de caf\u00e9<\/td>\n<\/tr>\n<tr>\n<td>Moulin \u00e0 caf\u00e9 int\u00e9gr\u00e9<\/td>\n<td>Oui<\/td>\n<\/tr>\n<tr>\n<td>Format<\/td>\n<td>Pose libre<\/td>\n<\/tr>\n<tr>\n<td>M\u00e9thode d\u2019infusion<\/td>\n<td>Espresso<\/td>\n<\/tr>\n<\/tbody>\n<\/table>","protected":false},"excerpt":{"rendered":"<p>Gr\u00e2ce \u00e0 son panneau de commande frontal, la machine ECAM 22.110.B vous offre la possibilit\u00e9 de personnaliser votre caf\u00e9 selon vos envies. Ainsi, vous pourrez d\u00e9guster un caf\u00e9 serr\u00e9 \u00e0 long ou extra l\u00e9ger \u00e0 extra fort :<\/p>\n<ul>\n<li>Contr\u00f4le de l\u2019ar\u00f4me<\/li>\n<li>Finesse de mouture r\u00e9glable<\/li>\n<li>Duret\u00e9 r\u00e9glable<\/li>\n<li>S\u00e9lection 1 ou 2 tasses<\/li>\n<li>Rapid Steam : Obtenez du lait mousseux directement apr\u00e8s l\u2019expresso<\/li>\n<\/ul>","protected":false},"featured_media":10568,"comment_status":"open","ping_status":"closed","template":"","meta":{"inline_featured_image":false,"_joinchat":[]},"product_cat":[122,120,130],"product_tag":[],"class_list":{"0":"post-10428","1":"product","2":"type-product","3":"status-publish","4":"has-post-thumbnail","6":"product_cat-cuisine-cuisson","7":"product_cat-gros-electromenagers","8":"product_cat-machine-a-cafe","10":"first","11":"instock","12":"sale","13":"shipping-taxable","14":"purchasable","15":"product-type-simple"},"_links":{"self":[{"href":"https:\/\/kitchtenstore.com\/fr\/wp-json\/wp\/v2\/product\/10428","targetHints":{"allow":["GET"]}}],"collection":[{"href":"https:\/\/kitchtenstore.com\/fr\/wp-json\/wp\/v2\/product"}],"about":[{"href":"https:\/\/kitchtenstore.com\/fr\/wp-json\/wp\/v2\/types\/product"}],"replies":[{"embeddable":true,"href":"https:\/\/kitchtenstore.com\/fr\/wp-json\/wp\/v2\/comments?post=10428"}],"version-history":[{"count":1,"href":"https:\/\/kitchtenstore.com\/fr\/wp-json\/wp\/v2\/product\/10428\/revisions"}],"predecessor-version":[{"id":10571,"href":"https:\/\/kitchtenstore.com\/fr\/wp-json\/wp\/v2\/product\/10428\/revisions\/10571"}],"wp:featuredmedia":[{"embeddable":true,"href":"https:\/\/kitchtenstore.com\/fr\/wp-json\/wp\/v2\/media\/10568"}],"wp:attachment":[{"href":"https:\/\/kitchtenstore.com\/fr\/wp-json\/wp\/v2\/media?parent=10428"}],"wp:term":[{"taxonomy":"product_cat","embeddable":true,"href":"https:\/\/kitchtenstore.com\/fr\/wp-json\/wp\/v2\/product_cat?post=10428"},{"taxonomy":"product_tag","embeddable":true,"href":"https:\/\/kitchtenstore.com\/fr\/wp-json\/wp\/v2\/product_tag?post=10428"}],"curies":[{"name":"wp","href":"https:\/\/api.w.org\/{rel}","templated":true}]}}