{"id":10423,"date":"2022-10-23T10:22:54","date_gmt":"2022-10-23T10:22:54","guid":{"rendered":"https:\/\/kitchtenstore.com\/?post_type=product&#038;p=10423"},"modified":"2022-10-23T10:24:22","modified_gmt":"2022-10-23T10:24:22","slug":"barbecue-gaz-3-1-bruleurs-avec-ustensiles-offerts","status":"publish","type":"product","link":"https:\/\/kitchtenstore.com\/fr\/produit\/barbecue-gaz-3-1-bruleurs-avec-ustensiles-offerts\/","title":{"rendered":"Barbecue gaz 3 +1 br\u00fbleurs avec ustensiles offerts"},"content":{"rendered":"<div id=\"box_description_title\" class=\"box-collateral-title\">DESCRIPTION PRODUIT<\/div>\n<div id=\"box_description_content\" class=\"box-collateral-content\">\n<p>Le\u00a0<strong>barbecue \u00e0 gaz<\/strong>\u00a0BLACK HILLS de Concept Usine est l\u2019indispensable pour votre cuisine d\u2019ext\u00e9rieur et vos grillades.<\/p>\n<p>Sa structure en acier trait\u00e9 de qualit\u00e9 est recouverte d\u2019une peinture noire hautement r\u00e9sistante \u00e0 la chaleur afin de vous garantir une utilisation prolong\u00e9e.<\/p>\n<p>Compos\u00e9 de\u00a0<strong>3 br\u00fbleurs principaux<\/strong>\u00a0et d\u2019<strong>un br\u00fbleur lat\u00e9ral<\/strong>\u00a0en\u00a0<strong>inox<\/strong>, il s\u2019allume facilement et rapidement par piezo et vous permet une cuisson ind\u00e9pendante et optimale de tous vos aliments. Son\u00a0<strong>couvercle \u00e0 fen\u00eatre<\/strong>\u00a0vous permet de v\u00e9rifier la cuisson de vos grillades sur les 2 grilles \u00e9maill\u00e9es (dont un sert de garde au chaud).<\/p>\n<p>Le barbecue BLACK HILLS est bien pens\u00e9 avec ses crochets et son paniers qui vos permettront de ranger vos accessoires et vos assaisonnements ainsi que sa tablette lat\u00e9rale sur laquelle vous pouvez poser vos plats. Ses deux grandes roues permettent un d\u00e9placement facile tout en gardant une excellente stabilit\u00e9.<\/p>\n<p>Son nettoyage est simple gr\u00e2ce \u00e0\u00a0<strong>un r\u00e9cup\u00e9rateur de graisses<\/strong>\u00a0en aluminium.<\/p>\n<p>Pour l\u2019achat du barbecue \u00e0 gaz BLACK HILLS, Concept Usine vous offre\u00a0<strong>un set d\u2019ustensiles<\/strong>\u00a0indispensables pour vos grillades.<\/p>\n<div id=\"box_additional_title\" class=\"box-collateral-title\">INFORMATIONS TECHNIQUES<\/div>\n<div id=\"box_additional_content\" class=\"box-collateral-content\">\n<div class=\"product-attributes\">\n<div class=\"attribute\"><strong class=\"label\">Rev\u00eatement:<\/strong>\u00a0<span class=\"data\">Peinture hautement r\u00e9sistante \u00e0 la chaleur<\/span><\/div>\n<div class=\"attribute\"><strong class=\"label\">Mati\u00e8re:<\/strong>\u00a0<span class=\"data\">acier<\/span><\/div>\n<div class=\"attribute\"><strong class=\"label\">Surface de cuisson:<\/strong>\u00a0<span class=\"data\">53.5 \u00d7 33.5 cm<\/span><\/div>\n<div class=\"attribute\"><strong class=\"label\">Puissance:<\/strong>\u00a0<span class=\"data\">11,2 kW<\/span><\/div>\n<div class=\"attribute\"><strong class=\"label\">Syst\u00e8me d\u2019allumage:<\/strong>\u00a0<span class=\"data\">Piezo \u00e9lectrique<\/span><\/div>\n<div class=\"attribute\"><strong class=\"label\">Dimensions compl\u00e8tes (cm):<\/strong>\u00a0<span class=\"data\">124,5 x 53 x 107 cm<\/span><\/div>\n<div class=\"attribute\"><strong class=\"label\">Grille de cuisson:<\/strong>\u00a0<span class=\"data\">Acier<\/span><\/div>\n<div class=\"attribute\"><strong class=\"label\">Type de br\u00fbleurs:<\/strong>\u00a0<span class=\"data\">Gaz (butane\/propane )<\/span><\/div>\n<div class=\"attribute\"><strong class=\"label\">Nombre de br\u00fbleurs:<\/strong>\u00a0<span class=\"data\">3 + 1<\/span><\/div>\n<div class=\"attribute\"><strong class=\"label\">R\u00e9cup\u00e9rateur de graisse:<\/strong>\u00a0<span class=\"data\">Oui<\/span><\/div>\n<div class=\"attribute\"><strong class=\"label\">Couvercle:<\/strong>\u00a0<span class=\"data\">Oui<\/span><\/div>\n<div class=\"attribute\"><strong class=\"label\">Poign\u00e9es:<\/strong>\u00a0<span class=\"data\">Oui<\/span><\/div>\n<div class=\"attribute\"><strong class=\"label\">Nombre de roues:<\/strong>\u00a0<span class=\"data\">2 roues<\/span><\/div>\n<div class=\"attribute\"><strong class=\"label\">Montage:<\/strong>\u00a0<span class=\"data\">A monter soi-m\u00eame facilement. Une notice est fournie<\/span><\/div>\n<div class=\"attribute\"><strong class=\"label\">Livraison:<\/strong>\u00a0<span class=\"data\">OUI<\/span><\/div>\n<div class=\"attribute\"><strong class=\"label\">Garantie:<\/strong>\u00a0<span class=\"data\">2 ans<\/span><\/div>\n<\/div>\n<\/div>\n<\/div>","protected":false},"excerpt":{"rendered":"<div class=\"attribute\"><strong class=\"label\">Rev\u00eatement:<\/strong>\u00a0<span class=\"data\">Peinture hautement r\u00e9sistante \u00e0 la chaleur<\/span><\/div>\n<p>&nbsp;<\/p>\n<div class=\"attribute\"><strong class=\"label\">Mati\u00e8re:<\/strong>\u00a0<span class=\"data\">acier<\/span><\/div>\n<p>&nbsp;<\/p>\n<div class=\"attribute\"><strong class=\"label\">Surface de cuisson:<\/strong>\u00a0<span class=\"data\">53.5 \u00d7 33.5 cm<\/span><\/div>\n<p>&nbsp;<\/p>\n<div class=\"attribute\"><strong class=\"label\">Puissance:<\/strong>\u00a0<span class=\"data\">11,2 kW<\/span><\/div>\n<p>&nbsp;<\/p>\n<div class=\"attribute\"><strong class=\"label\">Syst\u00e8me d\u2019allumage:<\/strong>\u00a0<span class=\"data\">Piezo \u00e9lectrique<\/span><\/div>\n<p>&nbsp;<\/p>\n<div class=\"attribute\"><strong class=\"label\">Dimensions compl\u00e8tes (cm):<\/strong>\u00a0<span class=\"data\">124,5 x 53 x 107 cm<\/span><\/div>\n<p>&nbsp;<\/p>\n<div class=\"attribute\"><strong class=\"label\">Grille de cuisson:<\/strong>\u00a0<span class=\"data\">Acier<\/span><\/div>\n<p>&nbsp;<\/p>\n<div class=\"attribute\"><strong class=\"label\">Type de br\u00fbleurs:<\/strong>\u00a0<span class=\"data\">Gaz (butane\/propane )<\/span><\/div>\n<p>&nbsp;<\/p>\n<div class=\"attribute\"><strong class=\"label\">Nombre de br\u00fbleurs:<\/strong>\u00a0<span class=\"data\">3 + 1<\/span><\/div>\n<p>&nbsp;<\/p>\n<div class=\"attribute\"><strong class=\"label\">R\u00e9cup\u00e9rateur de graisse:<\/strong>\u00a0<span class=\"data\">Oui<\/span><\/div>\n<p>&nbsp;<\/p>\n<div class=\"attribute\"><strong class=\"label\">Couvercle:<\/strong>\u00a0<span class=\"data\">Oui<\/span><\/div>\n<p>&nbsp;<\/p>\n<div class=\"attribute\"><strong class=\"label\">Poign\u00e9es:<\/strong>\u00a0<span class=\"data\">Oui<\/span><\/div>\n<p>&nbsp;<\/p>\n<div class=\"attribute\"><strong class=\"label\">Nombre de roues:<\/strong>\u00a0<span class=\"data\">2 roues<\/span><\/div>\n<p>&nbsp;<\/p>\n<div class=\"attribute\"><strong class=\"label\">Montage:<\/strong>\u00a0<span class=\"data\">A monter soi-m\u00eame facilement. Une notice est fournie<\/span><\/div>\n<p>&nbsp;<\/p>\n<div class=\"attribute\"><strong class=\"label\">Livraison:<\/strong>\u00a0<span class=\"data\">OUI<\/span><\/div>\n<p>&nbsp;<\/p>\n<div class=\"attribute\"><strong class=\"label\">Garantie:<\/strong>\u00a0<span class=\"data\">2 ans<\/span><\/div>","protected":false},"featured_media":10537,"comment_status":"open","ping_status":"closed","template":"","meta":{"inline_featured_image":false,"_joinchat":[]},"product_cat":[134,122],"product_tag":[],"class_list":{"0":"post-10423","1":"product","2":"type-product","3":"status-publish","4":"has-post-thumbnail","6":"product_cat-barbecue-planchas","7":"product_cat-cuisine-cuisson","9":"first","10":"instock","11":"sale","12":"shipping-taxable","13":"purchasable","14":"product-type-simple"},"_links":{"self":[{"href":"https:\/\/kitchtenstore.com\/fr\/wp-json\/wp\/v2\/product\/10423","targetHints":{"allow":["GET"]}}],"collection":[{"href":"https:\/\/kitchtenstore.com\/fr\/wp-json\/wp\/v2\/product"}],"about":[{"href":"https:\/\/kitchtenstore.com\/fr\/wp-json\/wp\/v2\/types\/product"}],"replies":[{"embeddable":true,"href":"https:\/\/kitchtenstore.com\/fr\/wp-json\/wp\/v2\/comments?post=10423"}],"version-history":[{"count":1,"href":"https:\/\/kitchtenstore.com\/fr\/wp-json\/wp\/v2\/product\/10423\/revisions"}],"predecessor-version":[{"id":10545,"href":"https:\/\/kitchtenstore.com\/fr\/wp-json\/wp\/v2\/product\/10423\/revisions\/10545"}],"wp:featuredmedia":[{"embeddable":true,"href":"https:\/\/kitchtenstore.com\/fr\/wp-json\/wp\/v2\/media\/10537"}],"wp:attachment":[{"href":"https:\/\/kitchtenstore.com\/fr\/wp-json\/wp\/v2\/media?parent=10423"}],"wp:term":[{"taxonomy":"product_cat","embeddable":true,"href":"https:\/\/kitchtenstore.com\/fr\/wp-json\/wp\/v2\/product_cat?post=10423"},{"taxonomy":"product_tag","embeddable":true,"href":"https:\/\/kitchtenstore.com\/fr\/wp-json\/wp\/v2\/product_tag?post=10423"}],"curies":[{"name":"wp","href":"https:\/\/api.w.org\/{rel}","templated":true}]}}