{"id":10422,"date":"2022-10-23T10:22:54","date_gmt":"2022-10-23T10:22:54","guid":{"rendered":"https:\/\/kitchtenstore.com\/?post_type=product&#038;p=10422"},"modified":"2022-10-23T10:24:17","modified_gmt":"2022-10-23T10:24:17","slug":"barbecue-a-gaz-4-1-bruleurs-evier-avec-ustensiles-offerts","status":"publish","type":"product","link":"https:\/\/kitchtenstore.com\/fr\/produit\/barbecue-a-gaz-4-1-bruleurs-evier-avec-ustensiles-offerts\/","title":{"rendered":"Barbecue \u00e0 gaz 4 + 1 br\u00fbleurs, \u00e9vier avec ustensiles offerts !"},"content":{"rendered":"<div id=\"box_description_title\" class=\"box-collateral-title\">DESCRIPTION PRODUIT<\/div>\n<div id=\"box_description_content\" class=\"box-collateral-content\">\n<p>Le\u00a0<strong>barbecue au gaz<\/strong>\u00a0DALLAS de Concept Usine est bien plus qu\u2019un simple barbecue \u2026 il s\u2019agit d\u2019une\u00a0<strong>cuisine d\u2019ext\u00e9rieur compl\u00e8te<\/strong>, constitu\u00e9e de\u00a0<strong>5 br\u00fbleurs ind\u00e9pendants<\/strong>, d\u2019<strong>un \u00e9vier<\/strong>\u00a0et d\u2019<strong>une planche \u00e0 d\u00e9couper lat\u00e9rale<\/strong>.<\/p>\n<p>DALLAS est enti\u00e8rement d\u00e9di\u00e9 \u00e0 la pr\u00e9paration de vos plats en ext\u00e9rieur. Cuisinez comme un vrai chef devant vos convives dans votre jardin\u00a0! Gr\u00e2ce \u00e0 son syst\u00e8me de br\u00fbleurs ind\u00e9pendants et de son thermom\u00e8tre sur le couvercle, vous pourrez contr\u00f4ler et adapter la temp\u00e9rature de chacun de vos aliments.<\/p>\n<p>D\u2019une qualit\u00e9 exceptionnelle, le barbecue DALLAS est dot\u00e9 de crochets et de paniers afin de ranger vos ustensiles, torchons et assaisonnements.<\/p>\n<p>Pratique, il peut \u00eatre d\u00e9plac\u00e9 facilement gr\u00e2ce \u00e0 ses\u00a0<strong>8 roues<\/strong>\u00a0et\u00a0<strong>4 syst\u00e8mes de frein<\/strong>\u00a0assurent son maintien en toute situation.<\/p>\n<p>Le barbecue au gaz DALLAS\u00a0ne vous encombrera jamais et embellira votre jardin avec sa structure en acier trait\u00e9.<\/p>\n<p>Son nettoyage est simple gr\u00e2ce \u00e0\u00a0<strong>un r\u00e9cup\u00e9rateur de graisses<\/strong>\u00a0en acier trait\u00e9 et son \u00e9vier en acier avec\u00a0peinture \u00e9poxy pour une plus grande protection contre l\u2019oxydation.<\/p>\n<p>Pour l\u2019achat du barbecue \u00e0 gaz DALLAS, Concept Usine vous offre\u00a0<strong>un set d\u2019ustensiles<\/strong>\u00a0indispensables pour vos grillades.<\/p>\n<h3>LES + PRODUIT<\/h3>\n<ul>\n<li>4 feux puissants et 1 feu ind\u00e9pendant pour r\u00e9chauffer vos plats<\/li>\n<li>Un \u00e9vier en acier<\/li>\n<li>Une planche \u00e0 d\u00e9couper en bois<\/li>\n<li>Un thermom\u00e8tre pour faciliter le contr\u00f4le de la cuisson<\/li>\n<li>Des crochets et des paniers pour le rangement de vos accessoires<\/li>\n<\/ul>\n<h3>CARACT\u00c9RISTIQUES TECHNIQUES<\/h3>\n<ul>\n<li>Nombre de br\u00fbleurs : 5 ind\u00e9pendants (4 + 1 feu lat\u00e9ral )<\/li>\n<li>Br\u00fbleurs : Inox<\/li>\n<li>Syst\u00e8me allumage\u00a0: Pi\u00e9zo-\u00e9lectrique<\/li>\n<li>Poign\u00e9e de couvercle en Inox<\/li>\n<li>Commutateurs de contr\u00f4le en nylon chrom\u00e9<\/li>\n<li>Roues : 8 donc 4 avec syst\u00e8me de freins<\/li>\n<li>Structure et habillage frontal en acier trait\u00e9 en surface avec une peinture hautement r\u00e9sistante \u00e0 la chaleur<\/li>\n<li>Capot, couvercle du bruleur lat\u00e9ral, \u00e9vier et panneau de contr\u00f4le en acier<\/li>\n<li>Robinet chrom\u00e9<\/li>\n<li>Planche \u00e0 d\u00e9couper en bois massif<\/li>\n<li>Grilles de cuisson et garde au chaud \u00e9maill\u00e9s<\/li>\n<li>Puissance br\u00fbleurs : 17,2 KW<\/li>\n<li>R\u00e9cup\u00e9rateur de graisses en acier traite en surface avec du zinc avec poign\u00e9e en alliage<\/li>\n<li>Type de Gaz : Butane\/Propane<\/li>\n<\/ul>\n<h3>DIMENSIONS<\/h3>\n<ul>\n<li>Taille Barbecue\u00a0: 1980 x 590 x 1120 cm<\/li>\n<li>Surface de cuisson\u00a0: 63 x46.5 cm<\/li>\n<\/ul>\n<h3>CONDITIONNEMENT<\/h3>\n<p>Les instructions d\u2019allumage et notice sont fournies.<\/p>\n<p>Produit livr\u00e9 en 2 cartons :<\/p>\n<ul>\n<li>Carton 1\u00a0: 780 x 600 x 450 cm<\/li>\n<li>Carton 2\u00a0: 755 x 655 x 260 cm<\/li>\n<\/ul>\n<p>* Garantie 2 ans<\/p>\n<\/div>","protected":false},"excerpt":{"rendered":"<div class=\"attribute\"><strong class=\"label\">Rev\u00eatement:<\/strong>\u00a0<span class=\"data\">Peinture hautement r\u00e9sistante \u00e0 la chaleur<\/span><\/div>\n<div class=\"attribute\"><strong class=\"label\">Mati\u00e8re:<\/strong>\u00a0<span class=\"data\">acier<\/span><\/div>\n<div class=\"attribute\"><strong class=\"label\">Surface de cuisson:<\/strong>\u00a0<span class=\"data\">63 x46.5 cm<\/span><\/div>\n<div class=\"attribute\"><strong class=\"label\">Puissance:<\/strong>\u00a0<span class=\"data\">17,2 kW<\/span><\/div>\n<div class=\"attribute\"><strong class=\"label\">Syst\u00e8me d\u2019allumage:<\/strong>\u00a0<span class=\"data\">Piezo \u00e9lectrique<\/span><\/div>\n<div class=\"attribute\"><strong class=\"label\">Dimensions compl\u00e8tes (cm):<\/strong>\u00a0<span class=\"data\">198 x 59 x 112 cm<\/span><\/div>\n<div class=\"attribute\"><strong class=\"label\">Grille de cuisson:<\/strong>\u00a0<span class=\"data\">Acier<\/span><\/div>\n<div class=\"attribute\"><strong class=\"label\">Type de br\u00fbleurs:<\/strong>\u00a0<span class=\"data\">Gaz (butane\/propane )<\/span><\/div>\n<div class=\"attribute\"><strong class=\"label\">Nombre de br\u00fbleurs:<\/strong>\u00a0<span class=\"data\">5 + 1<\/span><\/div>\n<div class=\"attribute\"><strong class=\"label\">R\u00e9cup\u00e9rateur de graisse:<\/strong>\u00a0<span class=\"data\">Oui<\/span><\/div>\n<div class=\"attribute\"><strong class=\"label\">Couvercle:<\/strong>\u00a0<span class=\"data\">Oui<\/span><\/div>\n<div class=\"attribute\"><strong class=\"label\">Panier:<\/strong>\u00a0<span class=\"data\">Oui<\/span><\/div>\n<div class=\"attribute\"><strong class=\"label\">Poign\u00e9es:<\/strong>\u00a0<span class=\"data\">Oui<\/span><\/div>\n<div class=\"attribute\"><strong class=\"label\">Thermom\u00e8tre:<\/strong>\u00a0<span class=\"data\">Oui<\/span><\/div>\n<div class=\"attribute\"><strong class=\"label\">Nombre de roues:<\/strong>\u00a0<span class=\"data\">8 roues + 4 syst\u00e8mes de frein<\/span><\/div>\n<div class=\"attribute\"><strong class=\"label\">Montage:<\/strong>\u00a0<span class=\"data\">A monter soi-m\u00eame facilement. Une notice est fournie<\/span><\/div>\n<div class=\"attribute\"><strong class=\"label\">Livraison:<\/strong>\u00a0<span class=\"data\">OUI<\/span><\/div>\n<div class=\"attribute\"><strong class=\"label\">Garantie:<\/strong>\u00a0<span class=\"data\">2 ans<\/span><\/div>","protected":false},"featured_media":10537,"comment_status":"open","ping_status":"closed","template":"","meta":{"inline_featured_image":false,"_joinchat":[]},"product_cat":[134,122],"product_tag":[],"class_list":{"0":"post-10422","1":"product","2":"type-product","3":"status-publish","4":"has-post-thumbnail","6":"product_cat-barbecue-planchas","7":"product_cat-cuisine-cuisson","9":"first","10":"instock","11":"sale","12":"shipping-taxable","13":"purchasable","14":"product-type-simple"},"_links":{"self":[{"href":"https:\/\/kitchtenstore.com\/fr\/wp-json\/wp\/v2\/product\/10422","targetHints":{"allow":["GET"]}}],"collection":[{"href":"https:\/\/kitchtenstore.com\/fr\/wp-json\/wp\/v2\/product"}],"about":[{"href":"https:\/\/kitchtenstore.com\/fr\/wp-json\/wp\/v2\/types\/product"}],"replies":[{"embeddable":true,"href":"https:\/\/kitchtenstore.com\/fr\/wp-json\/wp\/v2\/comments?post=10422"}],"version-history":[{"count":1,"href":"https:\/\/kitchtenstore.com\/fr\/wp-json\/wp\/v2\/product\/10422\/revisions"}],"predecessor-version":[{"id":10540,"href":"https:\/\/kitchtenstore.com\/fr\/wp-json\/wp\/v2\/product\/10422\/revisions\/10540"}],"wp:featuredmedia":[{"embeddable":true,"href":"https:\/\/kitchtenstore.com\/fr\/wp-json\/wp\/v2\/media\/10537"}],"wp:attachment":[{"href":"https:\/\/kitchtenstore.com\/fr\/wp-json\/wp\/v2\/media?parent=10422"}],"wp:term":[{"taxonomy":"product_cat","embeddable":true,"href":"https:\/\/kitchtenstore.com\/fr\/wp-json\/wp\/v2\/product_cat?post=10422"},{"taxonomy":"product_tag","embeddable":true,"href":"https:\/\/kitchtenstore.com\/fr\/wp-json\/wp\/v2\/product_tag?post=10422"}],"curies":[{"name":"wp","href":"https:\/\/api.w.org\/{rel}","templated":true}]}}