{"id":10419,"date":"2022-10-23T10:22:54","date_gmt":"2022-10-23T10:22:54","guid":{"rendered":"https:\/\/kitchtenstore.com\/?post_type=product&#038;p=10419"},"modified":"2022-10-23T10:24:01","modified_gmt":"2022-10-23T10:24:01","slug":"kenwood-robot-patissier-kmx750rd-1000-w-5-l-rouge","status":"publish","type":"product","link":"https:\/\/kitchtenstore.com\/fr\/produit\/kenwood-robot-patissier-kmx750rd-1000-w-5-l-rouge\/","title":{"rendered":"KENWOOD Robot p\u00e2tissier KMX750RD \u2013 1000 W \u2013 5 L \u2013 Rouge"},"content":{"rendered":"<table class=\"fpDescTb fpDescTbPub\">\n<tbody>\n<tr>\n<th colspan=\"2\">Informations g\u00e9n\u00e9rales sur le produit<\/th>\n<\/tr>\n<tr>\n<td>Marque<\/td>\n<td>KENWOOD<\/td>\n<\/tr>\n<tr>\n<td>Nom du produit<\/td>\n<td>KENWOOD Robot p\u00e2tissier KMX750RD \u2013 1000 W \u2013 5 L \u2013<\/td>\n<\/tr>\n<tr>\n<td>Cat\u00e9gorie<\/td>\n<td>ROBOT DE CUISINE<\/td>\n<\/tr>\n<tr>\n<th colspan=\"2\">Informations sur le produit<\/th>\n<\/tr>\n<tr>\n<td>Couleur(s)<\/td>\n<td>Rouge<\/td>\n<\/tr>\n<tr>\n<td>Composition<\/td>\n<td>NC<\/td>\n<\/tr>\n<tr>\n<th colspan=\"2\">G\u00e9n\u00e9ral<\/th>\n<\/tr>\n<tr>\n<td>Type de Produit<\/td>\n<td>Robot p\u00e2tissier<\/td>\n<\/tr>\n<tr>\n<td>Couleur<\/td>\n<td>Rouge<\/td>\n<\/tr>\n<tr>\n<td>Capacit\u00e9 du bol<\/td>\n<td>5 litres<\/td>\n<\/tr>\n<tr>\n<td>Fonctionnalit\u00e9s<\/td>\n<td>P\u00e9trin, batteur, fouet<\/td>\n<\/tr>\n<tr>\n<td>Nombre de r\u00e9glages de vitesse<\/td>\n<td>6<\/td>\n<\/tr>\n<tr>\n<td>Mat\u00e9riel de bol<\/td>\n<td>Acier inoxydable<\/td>\n<\/tr>\n<tr>\n<th colspan=\"2\">R\u00e9glages, commandes et voyants<\/th>\n<\/tr>\n<tr>\n<td>R\u00e9glages de la vitesse<\/td>\n<td>6 pr\u00e9s\u00e9lections<\/td>\n<\/tr>\n<tr>\n<th colspan=\"2\">Consommation<\/th>\n<\/tr>\n<tr>\n<td>Puissance \u00e9lectrique<\/td>\n<td>1000 Watt<\/td>\n<\/tr>\n<tr>\n<td>Rangement du cordon<\/td>\n<td>Oui<\/td>\n<\/tr>\n<tr>\n<th colspan=\"2\">Divers<\/th>\n<\/tr>\n<tr>\n<td>Accessoires adaptables<\/td>\n<td>Crochet de p\u00e9trissage, Accessoire batteur, batteur K<\/td>\n<\/tr>\n<tr>\n<td>Egalement inclus<\/td>\n<td>Couvercle anti-\u00e9claboussures<br \/>\nSpatule<\/td>\n<\/tr>\n<tr>\n<th colspan=\"2\">Dimensions et poids<\/th>\n<\/tr>\n<tr>\n<td>Largeur<\/td>\n<td>38.5 cm<\/td>\n<\/tr>\n<tr>\n<td>Hauteur<\/td>\n<td>35.5 cm<\/td>\n<\/tr>\n<tr>\n<td>Profondeur<\/td>\n<td>24 cm<\/td>\n<\/tr>\n<tr>\n<td>Poids<\/td>\n<td>9.1 kg<\/td>\n<\/tr>\n<\/tbody>\n<\/table>","protected":false},"excerpt":{"rendered":"<ul>\n<li>P\u00e9trin, batteur, fouet<\/li>\n<li>R\u00e9glages de la vitesse : 6 pr\u00e9s\u00e9lections<\/li>\n<li>Puissance \u00e9lectrique : 1000 Watt<\/li>\n<li>Capacit\u00e9 du bol : 5 litres<\/li>\n<li>Couleur : Rouge<\/li>\n<\/ul>","protected":false},"featured_media":10518,"comment_status":"open","ping_status":"closed","template":"","meta":{"inline_featured_image":false,"_joinchat":[]},"product_cat":[122],"product_tag":[],"class_list":{"0":"post-10419","1":"product","2":"type-product","3":"status-publish","4":"has-post-thumbnail","6":"product_cat-cuisine-cuisson","8":"first","9":"instock","10":"sale","11":"shipping-taxable","12":"purchasable","13":"product-type-simple"},"_links":{"self":[{"href":"https:\/\/kitchtenstore.com\/fr\/wp-json\/wp\/v2\/product\/10419","targetHints":{"allow":["GET"]}}],"collection":[{"href":"https:\/\/kitchtenstore.com\/fr\/wp-json\/wp\/v2\/product"}],"about":[{"href":"https:\/\/kitchtenstore.com\/fr\/wp-json\/wp\/v2\/types\/product"}],"replies":[{"embeddable":true,"href":"https:\/\/kitchtenstore.com\/fr\/wp-json\/wp\/v2\/comments?post=10419"}],"version-history":[{"count":1,"href":"https:\/\/kitchtenstore.com\/fr\/wp-json\/wp\/v2\/product\/10419\/revisions"}],"predecessor-version":[{"id":10521,"href":"https:\/\/kitchtenstore.com\/fr\/wp-json\/wp\/v2\/product\/10419\/revisions\/10521"}],"wp:featuredmedia":[{"embeddable":true,"href":"https:\/\/kitchtenstore.com\/fr\/wp-json\/wp\/v2\/media\/10518"}],"wp:attachment":[{"href":"https:\/\/kitchtenstore.com\/fr\/wp-json\/wp\/v2\/media?parent=10419"}],"wp:term":[{"taxonomy":"product_cat","embeddable":true,"href":"https:\/\/kitchtenstore.com\/fr\/wp-json\/wp\/v2\/product_cat?post=10419"},{"taxonomy":"product_tag","embeddable":true,"href":"https:\/\/kitchtenstore.com\/fr\/wp-json\/wp\/v2\/product_tag?post=10419"}],"curies":[{"name":"wp","href":"https:\/\/api.w.org\/{rel}","templated":true}]}}