{"id":10418,"date":"2022-10-23T10:22:54","date_gmt":"2022-10-23T10:22:54","guid":{"rendered":"https:\/\/kitchtenstore.com\/?post_type=product&#038;p=10418"},"modified":"2022-10-23T10:23:58","modified_gmt":"2022-10-23T10:23:58","slug":"robot-patissier-multifonctions-1000-w-rouge-continental-edison","status":"publish","type":"product","link":"https:\/\/kitchtenstore.com\/fr\/produit\/robot-patissier-multifonctions-1000-w-rouge-continental-edison\/","title":{"rendered":"Robot p\u00e2tissier multifonctions \u2013 1000 W \u2013 Rouge \u2013 CONTINENTAL EDISON"},"content":{"rendered":"<div id=\"presContent\" class=\"fpBlk testSep extCode\">\n<div>\n<div>\n<h3>CARACTERISTIQUES :<\/h3>\n<\/div>\n<div>\n<ul>\n<li><strong>Puissance \u00e9lectrique : 1000 W<\/strong><\/li>\n<li><strong>Touches digitales : 6 vitesses + Pulse<\/strong><\/li>\n<li><strong>Couvercle de protection<\/strong><\/li>\n<\/ul>\n<ul>\n<li><strong>Capacit\u00e9 du bol : 5L<\/strong><\/li>\n<li><strong>Mouvement plan\u00e9taire<\/strong><\/li>\n<li><strong>Bras inclinable<\/strong><\/li>\n<\/ul>\n<\/div>\n<\/div>\n<\/div>\n<div id=\"desc\" class=\"anchor\"><\/div>\n<div id=\"descContent\" class=\"fpBlk testSep\" data-cs-override-id=\"Descriptif\">\n<p class=\"fpMb\">Robot multifonctions 230 V \u2013 1000 W \u2013 Longueur cordon : 1 m \u2013 50 Hz \u2013 Nombre de vitesse : 6- Capacit\u00e9 du blender : 1,5 L \u2013 Capacit\u00e9 du bol robot p\u00e2tissier : 5 L \u2013 Nombre de lames : 4 \u2013 Accessoires : 1 fouet, 1 crochet, 1 m\u00e9langeur 1 hachoir \u00e0 viandes, accesoires \u00e0 saucisses, 4 fili\u00e8res \u00e0 p\u00e2tes 1 blender avec couvercle, 1 couvercle anti projection , 1 poussoir range accessoires, et accessoire cookies<\/p>\n<div class=\"regBloc no1023\">\n<div id=\"gpt-R2-300X250BODY2\" data-google-query-id=\"CLeC7dmgp-gCFc-JdwodtmsGpg\"><\/div>\n<div class=\"regTxt\"><\/div>\n<\/div>\n<table class=\"fpDescTb fpDescTbPub\">\n<tbody>\n<tr>\n<th colspan=\"2\">Informations g\u00e9n\u00e9rales sur le produit<\/th>\n<\/tr>\n<tr>\n<td>Marque<\/td>\n<td>CONTINENTAL EDISON<\/td>\n<\/tr>\n<tr>\n<td>Nom du produit<\/td>\n<td>CONTINENTAL EDISON Robot p\u00e2tissier multifonctions<\/td>\n<\/tr>\n<tr>\n<td>Cat\u00e9gorie<\/td>\n<td>ROBOT DE CUISINE<\/td>\n<\/tr>\n<tr>\n<th colspan=\"2\">Informations sur le produit<\/th>\n<\/tr>\n<tr>\n<td>Couleur(s)<\/td>\n<td>Rouge<\/td>\n<\/tr>\n<tr>\n<td>Composition<\/td>\n<td>Robot p\u00e2tissier multifonctions<\/td>\n<\/tr>\n<tr>\n<td>Notes<\/td>\n<td>Produit destin\u00e9 \u00e0 un usage domestique<\/td>\n<\/tr>\n<tr>\n<th colspan=\"2\">G\u00e9n\u00e9ral<\/th>\n<\/tr>\n<tr>\n<td>Type de produit<\/td>\n<td>Robot p\u00e2tissier<\/td>\n<\/tr>\n<tr>\n<td>Couleur<\/td>\n<td>Noir<\/td>\n<\/tr>\n<tr>\n<td>Capacit\u00e9 du mixeur<\/td>\n<td>1.5 litres<\/td>\n<\/tr>\n<tr>\n<td>Capacit\u00e9 du bol<\/td>\n<td>5 litres<\/td>\n<\/tr>\n<tr>\n<td>Fonctionnalit\u00e9s<\/td>\n<td>M\u00e9langeur, p\u00e9trin, batteur, hachoir, fouet<\/td>\n<\/tr>\n<tr>\n<td>Nombre de r\u00e9glages de vitesse<\/td>\n<td>6<\/td>\n<\/tr>\n<tr>\n<td>Fonctions suppl\u00e9mentaires<\/td>\n<td>T\u00eate basculante<\/td>\n<\/tr>\n<tr>\n<td>Patins anti-d\u00e9rapants<\/td>\n<td>Oui<\/td>\n<\/tr>\n<tr>\n<td>Mat\u00e9riel de bol<\/td>\n<td>Acier inoxydable<\/td>\n<\/tr>\n<tr>\n<th colspan=\"2\">R\u00e9glages, commandes et voyants<\/th>\n<\/tr>\n<tr>\n<td>R\u00e9glages de la vitesse<\/td>\n<td>6 pr\u00e9s\u00e9lections<\/td>\n<\/tr>\n<tr>\n<td>Fonction pulse<\/td>\n<td>Oui<\/td>\n<\/tr>\n<tr>\n<th colspan=\"2\">Consommation<\/th>\n<\/tr>\n<tr>\n<td>Alimentation<\/td>\n<td>230 V \/ 50 Hz<\/td>\n<\/tr>\n<tr>\n<td>Puissance \u00e9lectrique<\/td>\n<td>1000 Watt<\/td>\n<\/tr>\n<tr>\n<td>Longueur du cordon<\/td>\n<td>1 m<\/td>\n<\/tr>\n<tr>\n<td>Type de prise<\/td>\n<td>Euro (style Fran\u00e7ais)<\/td>\n<\/tr>\n<tr>\n<th colspan=\"2\">Divers<\/th>\n<\/tr>\n<tr>\n<td>Accessoires adaptables<\/td>\n<td>Crochet de p\u00e9trissage, batteur plat, Accessoire batteur, bol mixeur, accessoire pour hachoir \u00e0 viande, accessoire kebbe<\/td>\n<\/tr>\n<tr>\n<td>Egalement inclus<\/td>\n<td>Couvercle anti-\u00e9claboussures<\/td>\n<\/tr>\n<tr>\n<td>Mat\u00e9riau du produit<\/td>\n<td>Plastique<\/td>\n<\/tr>\n<tr>\n<td>Normes de conformit\u00e9<\/td>\n<td>GS, EMC, RoHS, LVD, ERP, DGCCRF<\/td>\n<\/tr>\n<tr>\n<th colspan=\"2\">Dimensions et poids<\/th>\n<\/tr>\n<tr>\n<td>Largeur<\/td>\n<td>37.5 cm<\/td>\n<\/tr>\n<tr>\n<td>Hauteur<\/td>\n<td>34 cm<\/td>\n<\/tr>\n<tr>\n<td>Profondeur<\/td>\n<td>22 cm<\/td>\n<\/tr>\n<tr>\n<td>Poids<\/td>\n<td>8.9 kg<\/td>\n<\/tr>\n<\/tbody>\n<\/table>\n<\/div>","protected":false},"excerpt":{"rendered":"<ul>\n<li>M\u00e9langeur, p\u00e9trin, batteur, hachoir, fouet<\/li>\n<li>R\u00e9glages de la vitesse : 6 pr\u00e9s\u00e9lections<\/li>\n<li>Puissance \u00e9lectrique : 1000 Watt<\/li>\n<li>Capacit\u00e9 du bol : 5 litres<\/li>\n<li>Capacit\u00e9 du mixeur : 1.5 litres<\/li>\n<\/ul>","protected":false},"featured_media":10514,"comment_status":"open","ping_status":"closed","template":"","meta":{"inline_featured_image":false,"_joinchat":[]},"product_cat":[122],"product_tag":[],"class_list":{"0":"post-10418","1":"product","2":"type-product","3":"status-publish","4":"has-post-thumbnail","6":"product_cat-cuisine-cuisson","8":"first","9":"instock","10":"sale","11":"shipping-taxable","12":"purchasable","13":"product-type-simple"},"_links":{"self":[{"href":"https:\/\/kitchtenstore.com\/fr\/wp-json\/wp\/v2\/product\/10418","targetHints":{"allow":["GET"]}}],"collection":[{"href":"https:\/\/kitchtenstore.com\/fr\/wp-json\/wp\/v2\/product"}],"about":[{"href":"https:\/\/kitchtenstore.com\/fr\/wp-json\/wp\/v2\/types\/product"}],"replies":[{"embeddable":true,"href":"https:\/\/kitchtenstore.com\/fr\/wp-json\/wp\/v2\/comments?post=10418"}],"version-history":[{"count":1,"href":"https:\/\/kitchtenstore.com\/fr\/wp-json\/wp\/v2\/product\/10418\/revisions"}],"predecessor-version":[{"id":10517,"href":"https:\/\/kitchtenstore.com\/fr\/wp-json\/wp\/v2\/product\/10418\/revisions\/10517"}],"wp:featuredmedia":[{"embeddable":true,"href":"https:\/\/kitchtenstore.com\/fr\/wp-json\/wp\/v2\/media\/10514"}],"wp:attachment":[{"href":"https:\/\/kitchtenstore.com\/fr\/wp-json\/wp\/v2\/media?parent=10418"}],"wp:term":[{"taxonomy":"product_cat","embeddable":true,"href":"https:\/\/kitchtenstore.com\/fr\/wp-json\/wp\/v2\/product_cat?post=10418"},{"taxonomy":"product_tag","embeddable":true,"href":"https:\/\/kitchtenstore.com\/fr\/wp-json\/wp\/v2\/product_tag?post=10418"}],"curies":[{"name":"wp","href":"https:\/\/api.w.org\/{rel}","templated":true}]}}