{"id":10416,"date":"2022-10-23T10:22:53","date_gmt":"2022-10-23T10:22:53","guid":{"rendered":"https:\/\/kitchtenstore.com\/?post_type=product&#038;p=10416"},"modified":"2022-10-23T10:23:51","modified_gmt":"2022-10-23T10:23:51","slug":"mijoteur-moulinex-cookeo-touch-wifi-ce902800-noir","status":"publish","type":"product","link":"https:\/\/kitchtenstore.com\/fr\/produit\/mijoteur-moulinex-cookeo-touch-wifi-ce902800-noir\/","title":{"rendered":"Mijoteur MOULINEX COOKEO TOUCH WIFI CE902800 NOIR"},"content":{"rendered":"<div class=\"woocommerce-tabs wc-tabs-wrapper\">\n<div id=\"tab-description\" class=\"woocommerce-Tabs-panel woocommerce-Tabs-panel--description panel entry-content wc-tab\" role=\"tabpanel\" aria-labelledby=\"tab-title-description\">\n<table class=\"font-2\">\n<tbody>\n<tr class=\"odd\">\n<th scope=\"row\">Gamme produit de cuisson<\/th>\n<td class=\"font-2-b\">\n<ul class=\"characteristics\" data-switch=\"\">\n<li class=\"\">Cookeo<\/li>\n<\/ul>\n<\/td>\n<\/tr>\n<tr class=\"\">\n<th scope=\"row\">Fonctionnalit\u00e9s appareils de cuisson<\/th>\n<td class=\"font-2-b\">\n<ul class=\"characteristics\" data-switch=\"\">\n<li class=\"\">Arr\u00eat automatique<\/li>\n<li class=\"\">Interrupteur<\/li>\n<li class=\"\">Minuterie<\/li>\n<li class=\"\">D\u00e9part diff\u00e9r\u00e9<\/li>\n<\/ul>\n<\/td>\n<\/tr>\n<tr class=\"odd\">\n<th scope=\"row\">Capacit\u00e9 utile<\/th>\n<td class=\"font-2-b\">\n<ul class=\"characteristics\" data-switch=\"\">\n<li class=\"\">6 l<\/li>\n<\/ul>\n<\/td>\n<\/tr>\n<tr class=\"\">\n<th scope=\"row\">Puissance<\/th>\n<td class=\"font-2-b\">\n<ul class=\"characteristics\" data-switch=\"\">\n<li class=\"\">1600 W<\/li>\n<\/ul>\n<\/td>\n<\/tr>\n<tr class=\"odd\">\n<th scope=\"row\">Capacit\u00e9 du r\u00e9servoir<\/th>\n<td class=\"font-2-b\">\n<ul class=\"characteristics\" data-switch=\"\">\n<li class=\"\">6 l<\/li>\n<\/ul>\n<\/td>\n<\/tr>\n<tr class=\"\">\n<th scope=\"row\">Mode de cuisson<\/th>\n<td class=\"font-2-b\">\n<ul class=\"characteristics\" data-switch=\"\">\n<li>\n<ul class=\"characteristics\" data-switch=\"\">\n<li class=\"\">\n<table class=\"font-2\">\n<tbody>\n<tr class=\"\">\n<td class=\"font-2-b\">\n<ul class=\"characteristics js-active\" data-switch=\"\">\n<li class=\"\">Maintien au chaud<\/li>\n<li class=\"\">Cuisson douce<\/li>\n<li class=\"\">Cuisson sous pression<\/li>\n<li class=\"\">Dorer<\/li>\n<li class=\"\">R\u00e9chauffer<\/li>\n<li class=\"more_characteristic\">Cuire<\/li>\n<li class=\"more_characteristic\">Cuisson vapeur<\/li>\n<li class=\"more_characteristic\">Mijoter<\/li>\n<li class=\"more_characteristic\">Rissoler<\/li>\n<\/ul>\n<\/td>\n<\/tr>\n<\/tbody>\n<\/table>\n<\/li>\n<\/ul>\n<\/li>\n<\/ul>\n<\/td>\n<\/tr>\n<tr class=\"odd\">\n<th scope=\"row\">Energie utilis\u00e9e<\/th>\n<td class=\"font-2-b\">\n<ul class=\"characteristics\" data-switch=\"\">\n<li class=\"\">Electrique<\/li>\n<\/ul>\n<\/td>\n<\/tr>\n<tr class=\"\">\n<th scope=\"row\">Nombre de modes de cuisson<\/th>\n<td class=\"font-2-b\">\n<ul class=\"characteristics\" data-switch=\"\">\n<li class=\"\">13<\/li>\n<\/ul>\n<\/td>\n<\/tr>\n<tr class=\"odd\">\n<th scope=\"row\">Rev\u00eatement int\u00e9rieur<\/th>\n<td class=\"font-2-b\">\n<ul class=\"characteristics\" data-switch=\"\">\n<li class=\"\">c\u00e9ramique ultra-r\u00e9sistant<\/li>\n<\/ul>\n<\/td>\n<\/tr>\n<tr class=\"\">\n<th scope=\"row\">Caract\u00e9ristiques compl\u00e9mentaires<\/th>\n<td class=\"font-2-b\">\n<ul class=\"characteristics\" data-switch=\"\">\n<li class=\"\">CAPACITE 6 L pour pr\u00e9parer des plats jusqu\u2019\u00e0 6 personnes. APPLICATION \u00ab\u00a0MON COOKEO\u00a0\u00bb :\u00a0d\u00e9j\u00e0 plus de 750\u00a0recettes dans l\u2019application ! cr\u00e9ez et publiez \u00e0 votre tour vos propres recettes.<\/li>\n<\/ul>\n<\/td>\n<\/tr>\n<tr class=\"odd\">\n<th scope=\"row\">Le plus du produit<\/th>\n<td class=\"font-2-b\">\n<ul class=\"characteristics\" data-switch=\"\">\n<li class=\"\">D\u00e9couvrez une nouvelle fa\u00e7on r\u00e9volutionnaire de cuisiner avec\u00a0Cookeo Touch le multicuiseur haute pression connect\u00e9. Avec son\u00a0grand\u00a0\u00e9cran tactile inclinable, il n\u2019a jamais \u00e9t\u00e9 aussi facile, de trouver\u00a0l\u2019inspiration, des recettes, des technique culinaires, des conseils le tout illustr\u00e9 pas \u00e0 pas en images\u00a0et vid\u00e9os\u00a0pour r\u00e9ussir tout vos plats.<\/li>\n<\/ul>\n<\/td>\n<\/tr>\n<tr class=\"\">\n<th scope=\"row\"><\/th>\n<td class=\"font-2-b\"><\/td>\n<\/tr>\n<tr class=\"odd\">\n<th scope=\"row\">Disponibilit\u00e9 des pi\u00e8ces d\u00e9tach\u00e9es<\/th>\n<td class=\"font-2-b\">\n<ul class=\"characteristics\" data-switch=\"\">\n<li class=\"\">10 ans<\/li>\n<\/ul>\n<\/td>\n<\/tr>\n<\/tbody>\n<\/table>\n<\/div>\n<\/div>","protected":false},"excerpt":{"rendered":"<p class=\"product_section_title font-2-b\">Les points forts :<\/p>\n<ul class=\"product_details_items font-2-l\">\n<li class=\"product_details_item\">Multicuiseur intelligent haute pression connect\u00e9 \u2013 6 litres<\/li>\n<li class=\"product_details_item\">\u00c9cran tactile en couleur \u2013 Inclinable<\/li>\n<li class=\"product_details_item\">13 modes de cuisson \u2013 Recettes embarqu\u00e9es illimit\u00e9es<\/li>\n<li class=\"product_details_item\">Maintien au chaud et d\u00e9part diff\u00e9r\u00e9<\/li>\n<\/ul>","protected":false},"featured_media":10506,"comment_status":"open","ping_status":"closed","template":"","meta":{"inline_featured_image":false,"_joinchat":[]},"product_cat":[122,120,131],"product_tag":[],"class_list":{"0":"post-10416","1":"product","2":"type-product","3":"status-publish","4":"has-post-thumbnail","6":"product_cat-cuisine-cuisson","7":"product_cat-gros-electromenagers","8":"product_cat-multi-cuiseur","10":"first","11":"instock","12":"sale","13":"shipping-taxable","14":"purchasable","15":"product-type-simple"},"_links":{"self":[{"href":"https:\/\/kitchtenstore.com\/fr\/wp-json\/wp\/v2\/product\/10416","targetHints":{"allow":["GET"]}}],"collection":[{"href":"https:\/\/kitchtenstore.com\/fr\/wp-json\/wp\/v2\/product"}],"about":[{"href":"https:\/\/kitchtenstore.com\/fr\/wp-json\/wp\/v2\/types\/product"}],"replies":[{"embeddable":true,"href":"https:\/\/kitchtenstore.com\/fr\/wp-json\/wp\/v2\/comments?post=10416"}],"version-history":[{"count":1,"href":"https:\/\/kitchtenstore.com\/fr\/wp-json\/wp\/v2\/product\/10416\/revisions"}],"predecessor-version":[{"id":10509,"href":"https:\/\/kitchtenstore.com\/fr\/wp-json\/wp\/v2\/product\/10416\/revisions\/10509"}],"wp:featuredmedia":[{"embeddable":true,"href":"https:\/\/kitchtenstore.com\/fr\/wp-json\/wp\/v2\/media\/10506"}],"wp:attachment":[{"href":"https:\/\/kitchtenstore.com\/fr\/wp-json\/wp\/v2\/media?parent=10416"}],"wp:term":[{"taxonomy":"product_cat","embeddable":true,"href":"https:\/\/kitchtenstore.com\/fr\/wp-json\/wp\/v2\/product_cat?post=10416"},{"taxonomy":"product_tag","embeddable":true,"href":"https:\/\/kitchtenstore.com\/fr\/wp-json\/wp\/v2\/product_tag?post=10416"}],"curies":[{"name":"wp","href":"https:\/\/api.w.org\/{rel}","templated":true}]}}