{"id":10414,"date":"2022-10-23T10:22:53","date_gmt":"2022-10-23T10:22:53","guid":{"rendered":"https:\/\/kitchtenstore.com\/?post_type=product&#038;p=10414"},"modified":"2022-10-23T10:23:41","modified_gmt":"2022-10-23T10:23:41","slug":"moulinex-ce704110-multicuiseur-intelligent-cookeo-avec-100-recettes-preprogrammees-6-l-blanc","status":"publish","type":"product","link":"https:\/\/kitchtenstore.com\/fr\/produit\/moulinex-ce704110-multicuiseur-intelligent-cookeo-avec-100-recettes-preprogrammees-6-l-blanc\/","title":{"rendered":"MOULINEX CE704110 Multicuiseur intelligent Cookeo avec 100 recettes pr\u00e9programm\u00e9es \u2013 6 L \u2013 Blanc"},"content":{"rendered":"<div class=\"woocommerce-tabs wc-tabs-wrapper\">\n<div id=\"tab-description\" class=\"woocommerce-Tabs-panel woocommerce-Tabs-panel--description panel entry-content wc-tab\" role=\"tabpanel\" aria-labelledby=\"tab-title-description\">\n<p class=\"fpMb\">Multicuiseur vapeur \u2013 100 recettes \u2013 Capacit\u00e9 : 6L ou 6 personnes \u2013 7 modes de cuisson : Cuisson sous pression 105\u00b0 \u00e0 109\u00b0 \/ Vapeur \/ Rissolage 160\u00b0 \/ R\u00e9chauffage 70\u00b0 \/ Maintien au chaud 64\u00b0 \/ Cuisson douce \/ Mijotage \u2013 Ecran digital couleur \u2013 6 niveaux de s\u00e9curit\u00e9 \u2013 Panier vapeur \u2013 Bac de r\u00e9cup\u00e9ration de condensation<\/p>\n<div class=\"regBloc no1023\">\n<div id=\"gpt-R2-300X250BODY2\" data-google-query-id=\"CObuqbumoegCFYoT0wodMwoExw\"><\/div>\n<div class=\"regTxt\"><\/div>\n<\/div>\n<table class=\"fpDescTb fpDescTbPub\">\n<tbody>\n<tr>\n<th colspan=\"2\">Informations g\u00e9n\u00e9rales sur le produit<\/th>\n<\/tr>\n<tr>\n<td>Marque<\/td>\n<td>MOULINEX<\/td>\n<\/tr>\n<tr>\n<td>Nom du produit<\/td>\n<td>MOULINEX CE704110 Multicuiseur intelligent Cookeo<\/td>\n<\/tr>\n<tr>\n<td>Cat\u00e9gorie<\/td>\n<td>MULTICUISEUR<\/td>\n<\/tr>\n<tr>\n<th colspan=\"2\">Informations sur le produit<\/th>\n<\/tr>\n<tr>\n<td>Robots de cuisine|Capacit\u00e9 du bol<\/td>\n<td>6 Litres<\/td>\n<\/tr>\n<tr>\n<td>Couleur(s)<\/td>\n<td>Blanc<\/td>\n<\/tr>\n<tr>\n<td>Composition<\/td>\n<td>Robot seul<\/td>\n<\/tr>\n<tr>\n<th colspan=\"2\">G\u00e9n\u00e9ral<\/th>\n<\/tr>\n<tr>\n<td>Type de produit<\/td>\n<td>Multicuiseur<\/td>\n<\/tr>\n<tr>\n<td>Nombre de personnes<\/td>\n<td>6<\/td>\n<\/tr>\n<tr>\n<td>Fonction et param\u00e8tres<\/td>\n<td>Fonction maintien au chaud, fonction r\u00e9chauffage<\/td>\n<\/tr>\n<tr>\n<td>Caract\u00e9ristiques particuli\u00e8res<\/td>\n<td>Cordon amovible, conteneur amovible, cocotte en c\u00e9ramique, cuisson vapeur, plateau de condensation amovible, couvercle verrouillable, 100 recettes pr\u00e9programm\u00e9es, 4 menus<\/td>\n<\/tr>\n<tr>\n<td>Compatible lave-vaisselle<\/td>\n<td>Pot, couvercle<\/td>\n<\/tr>\n<tr>\n<td>Contenance<\/td>\n<td>6 litres<\/td>\n<\/tr>\n<tr>\n<th colspan=\"2\">R\u00e9glages, commandes et voyants<\/th>\n<\/tr>\n<tr>\n<td>Nombre de modes de cuisson<\/td>\n<td>7<\/td>\n<\/tr>\n<tr>\n<th colspan=\"2\">Consommation<\/th>\n<\/tr>\n<tr>\n<td>Puissance \u00e9lectrique<\/td>\n<td>1200 Watt<\/td>\n<\/tr>\n<tr>\n<th colspan=\"2\">Divers<\/th>\n<\/tr>\n<tr>\n<td>Caract\u00e9ristiques externes<\/td>\n<td>Finition chrom\u00e9e<\/td>\n<\/tr>\n<tr>\n<th colspan=\"2\">Dimensions et poids<\/th>\n<\/tr>\n<tr>\n<td>Largeur<\/td>\n<td>38 cm<\/td>\n<\/tr>\n<tr>\n<td>Hauteur<\/td>\n<td>32.5 cm<\/td>\n<\/tr>\n<tr>\n<td>Profondeur<\/td>\n<td>35 cm<\/td>\n<\/tr>\n<tr>\n<td>Poids<\/td>\n<td>6.4 kg<\/td>\n<\/tr>\n<tr>\n<th colspan=\"2\">Dimensions et poids (emball\u00e9)<\/th>\n<\/tr>\n<tr>\n<td>Hauteur (Exp\u00e9dition)<\/td>\n<td>35.6 cm<\/td>\n<\/tr>\n<tr>\n<td>Largeur (emball\u00e9e)<\/td>\n<td>37.6 cm<\/td>\n<\/tr>\n<tr>\n<td>Profondeur (emball\u00e9e)<\/td>\n<td>35.4 cm<\/td>\n<\/tr>\n<tr>\n<td>Poids (Exp\u00e9dition)<\/td>\n<td>8.4 kg<\/td>\n<\/tr>\n<tr>\n<th colspan=\"2\">Attributs de recherche<\/th>\n<\/tr>\n<tr>\n<td>Petit Electrom\u00e9nager|Contenance<\/td>\n<td>6 Litres<\/td>\n<\/tr>\n<tr>\n<th colspan=\"2\">Affichage<\/th>\n<\/tr>\n<tr>\n<td>Type<\/td>\n<td>Num\u00e9rique<\/td>\n<\/tr>\n<\/tbody>\n<\/table>\n<\/div>\n<\/div>","protected":false},"excerpt":{"rendered":"<p>Multicuiseur vapeur \u2013 100 recettes \u2013 Capacit\u00e9 : 6L ou 6 personnes \u2013 7 modes de cuisson : Cuisson sous pression 105\u00b0 \u00e0 109\u00b0 \/ Vapeur \/ Rissolage 160\u00b0 \/ R\u00e9chauffage 70\u00b0 \/ Maintien au chaud 64\u00b0 \/ Cuisson douce \/ Mijotage \u2013 Ecran digital couleur \u2013 6 niveaux de s\u00e9curit\u00e9 \u2013 Panier vapeur \u2013 Bac de r\u00e9cup\u00e9ration de condensation<\/p>","protected":false},"featured_media":10488,"comment_status":"open","ping_status":"closed","template":"","meta":{"inline_featured_image":false,"_joinchat":[]},"product_cat":[122],"product_tag":[],"class_list":{"0":"post-10414","1":"product","2":"type-product","3":"status-publish","4":"has-post-thumbnail","6":"product_cat-cuisine-cuisson","8":"first","9":"instock","10":"shipping-taxable","11":"purchasable","12":"product-type-simple"},"_links":{"self":[{"href":"https:\/\/kitchtenstore.com\/fr\/wp-json\/wp\/v2\/product\/10414","targetHints":{"allow":["GET"]}}],"collection":[{"href":"https:\/\/kitchtenstore.com\/fr\/wp-json\/wp\/v2\/product"}],"about":[{"href":"https:\/\/kitchtenstore.com\/fr\/wp-json\/wp\/v2\/types\/product"}],"replies":[{"embeddable":true,"href":"https:\/\/kitchtenstore.com\/fr\/wp-json\/wp\/v2\/comments?post=10414"}],"version-history":[{"count":1,"href":"https:\/\/kitchtenstore.com\/fr\/wp-json\/wp\/v2\/product\/10414\/revisions"}],"predecessor-version":[{"id":10491,"href":"https:\/\/kitchtenstore.com\/fr\/wp-json\/wp\/v2\/product\/10414\/revisions\/10491"}],"wp:featuredmedia":[{"embeddable":true,"href":"https:\/\/kitchtenstore.com\/fr\/wp-json\/wp\/v2\/media\/10488"}],"wp:attachment":[{"href":"https:\/\/kitchtenstore.com\/fr\/wp-json\/wp\/v2\/media?parent=10414"}],"wp:term":[{"taxonomy":"product_cat","embeddable":true,"href":"https:\/\/kitchtenstore.com\/fr\/wp-json\/wp\/v2\/product_cat?post=10414"},{"taxonomy":"product_tag","embeddable":true,"href":"https:\/\/kitchtenstore.com\/fr\/wp-json\/wp\/v2\/product_tag?post=10414"}],"curies":[{"name":"wp","href":"https:\/\/api.w.org\/{rel}","templated":true}]}}