{"id":10412,"date":"2022-10-23T10:22:53","date_gmt":"2022-10-23T10:22:53","guid":{"rendered":"https:\/\/kitchtenstore.com\/?post_type=product&#038;p=10412"},"modified":"2022-10-23T10:23:37","modified_gmt":"2022-10-23T10:23:37","slug":"refrigerateur-table-top-avec-freezer-90-l-froid-statique-a-l-445-x-h-831-cm-noir-continental-edison-certt91b8","status":"publish","type":"product","link":"https:\/\/kitchtenstore.com\/fr\/produit\/refrigerateur-table-top-avec-freezer-90-l-froid-statique-a-l-445-x-h-831-cm-noir-continental-edison-certt91b8\/","title":{"rendered":"R\u00e9frig\u00e9rateur table top avec freezer \u2013 90 L \u2013 Froid statique \u2013 A+ \u2013 L 44,5 x H 83,1 cm \u2013 Noir CONTINENTAL EDISON CERTT91B8"},"content":{"rendered":"<div id=\"presTitle\" class=\"fpCat testSep\">\n<div class=\"fpCatTitle\">Pr\u00e9sentation produit : CONTINENTAL EDISON CERTT91B8 \u2013 R\u00e9frig\u00e9rateur table top avec freezer \u2013 90 L \u2013 Froid statique \u2013 A+ \u2013 L 44,5 x H 83,1 cm \u2013 Noir<\/div>\n<\/div>\n<div id=\"descContent\" class=\"fpBlk testSep\" data-cs-override-id=\"Descriptif\">\n<p class=\"fpMb\">R\u00e9frig\u00e9rateur table top avec freezer 90 L- Froid statique-A+-L 44,5 x H 83,1 cm-Noir -D\u00e9givrage semi automatique-Porte r\u00e9versible-Temp\u00e9rature r\u00e9glable-42 dB-Garantie 2 ans pi\u00e8ces main d\u2019oeuvre et d\u00e9placement<\/p>\n<div class=\"regBloc no1023\">\n<div id=\"gpt-R2-300X250BODY2\" data-google-query-id=\"COvF18vilOgCFdje7Qod93UAUg\"><\/div>\n<div class=\"regTxt\"><\/div>\n<\/div>\n<table class=\"fpDescTb fpDescTbPub\">\n<tbody>\n<tr>\n<th colspan=\"2\">Informations g\u00e9n\u00e9rales sur le produit<\/th>\n<\/tr>\n<tr>\n<td>Marque<\/td>\n<td>CONTINENTAL EDISON<\/td>\n<\/tr>\n<tr>\n<td>Nom du produit<\/td>\n<td>CONTINENTAL EDISON CERTT91B8 \u2013 R\u00e9frig\u00e9rateur tabl<\/td>\n<\/tr>\n<tr>\n<td>Cat\u00e9gorie<\/td>\n<td>R\u00c9FRIG\u00c9RATEUR CLASSIQUE<\/td>\n<\/tr>\n<tr>\n<th colspan=\"2\">G\u00e9n\u00e9ral<\/th>\n<\/tr>\n<tr>\n<td>Type de produit<\/td>\n<td>R\u00e9frig\u00e9rateur avec compartiment freezer \u2013 table top<\/td>\n<\/tr>\n<tr>\n<td>Classe \u00e9nerg\u00e9tique<\/td>\n<td>Classe A+<\/td>\n<\/tr>\n<tr>\n<td>Consommation d\u2019\u00e9nergie annuelle<\/td>\n<td>109 kWh<\/td>\n<\/tr>\n<tr>\n<td>Volume utile total<\/td>\n<td>90 litres<\/td>\n<\/tr>\n<tr>\n<td>Volume utile de r\u00e9frig\u00e9rateur<\/td>\n<td>81 litres<\/td>\n<\/tr>\n<tr>\n<td>Volume utile de cong\u00e9lateur<\/td>\n<td>9 litres<\/td>\n<\/tr>\n<tr>\n<td>Classe climatique<\/td>\n<td>N<\/td>\n<\/tr>\n<tr>\n<td>Niveau sonore maximum<\/td>\n<td>42 dB<\/td>\n<\/tr>\n<tr>\n<td>Format<\/td>\n<td>Pose libre<\/td>\n<\/tr>\n<tr>\n<td>Couleur<\/td>\n<td>Noir, poign\u00e9e chrome<\/td>\n<\/tr>\n<tr>\n<td>Nombre de portes<\/td>\n<td>1<\/td>\n<\/tr>\n<tr>\n<td>Portes r\u00e9versibles<\/td>\n<td>Oui<\/td>\n<\/tr>\n<tr>\n<td>Contr\u00f4le<\/td>\n<td>M\u00e9canique<\/td>\n<\/tr>\n<tr>\n<td>Eclairage int\u00e9rieur<\/td>\n<td>Non<\/td>\n<\/tr>\n<tr>\n<td>Nombre de compresseurs<\/td>\n<td>1<\/td>\n<\/tr>\n<tr>\n<td>Type(s) de froid<\/td>\n<td>Froid statique<\/td>\n<\/tr>\n<tr>\n<th colspan=\"2\">Caract\u00e9ristiques du r\u00e9frig\u00e9rateur<\/th>\n<\/tr>\n<tr>\n<td>Eclairage int\u00e9rieur du r\u00e9frig\u00e9rateur<\/td>\n<td>NON<\/td>\n<\/tr>\n<tr>\n<td>Caract\u00e9ristiques des \u00e9tag\u00e8res\/compartiments du r\u00e9frig\u00e9rateur<\/td>\n<td>1 x \u00e9tag\u00e8re \u2013 verre<\/td>\n<\/tr>\n<tr>\n<th colspan=\"2\">Divers<\/th>\n<\/tr>\n<tr>\n<td>Normes de conformit\u00e9<\/td>\n<td>IPX0<\/td>\n<\/tr>\n<tr>\n<td>Mat\u00e9riel<\/td>\n<td>Plastique, m\u00e9tal<\/td>\n<\/tr>\n<tr>\n<th colspan=\"2\">Consommation<\/th>\n<\/tr>\n<tr>\n<td>Longueur du cordon<\/td>\n<td>1.2 m<\/td>\n<\/tr>\n<tr>\n<td>Puissance \u00e9lectrique<\/td>\n<td>72 Watt<\/td>\n<\/tr>\n<tr>\n<td>Alimentation<\/td>\n<td>220 \u2013 240 V \/ 50 Hz<\/td>\n<\/tr>\n<tr>\n<td>Consommation d\u2019\u00e9nergie<\/td>\n<td>0.3 kWh<\/td>\n<\/tr>\n<tr>\n<td>Type de prise<\/td>\n<td>Euro (style Fran\u00e7ais)<\/td>\n<\/tr>\n<tr>\n<th colspan=\"2\">Dimensions et poids<\/th>\n<\/tr>\n<tr>\n<td>Largeur<\/td>\n<td>44.5 cm<\/td>\n<\/tr>\n<tr>\n<td>Profondeur<\/td>\n<td>49 cm<\/td>\n<\/tr>\n<tr>\n<td>Hauteur<\/td>\n<td>83.1 cm<\/td>\n<\/tr>\n<tr>\n<td>Poids<\/td>\n<td>22 kg<\/td>\n<\/tr>\n<tr>\n<th colspan=\"2\">Dimensions et poids (emball\u00e9)<\/th>\n<\/tr>\n<tr>\n<td>Poids (Exp\u00e9dition)<\/td>\n<td>24 kg<\/td>\n<\/tr>\n<tr>\n<td>Largeur (emball\u00e9e)<\/td>\n<td>46 cm<\/td>\n<\/tr>\n<tr>\n<td>Profondeur (emball\u00e9e)<\/td>\n<td>52 cm<\/td>\n<\/tr>\n<tr>\n<td>Hauteur (Exp\u00e9dition)<\/td>\n<td>88 cm<\/td>\n<\/tr>\n<\/tbody>\n<\/table>\n<\/div>","protected":false},"excerpt":{"rendered":"<ul>\n<li>Garantie (\u00b2) : 2 ans \u2013 pi\u00e8ces, main d\u2019\u0153uvre et d\u00e9placement<\/li>\n<li>Type(s) de froid : Froid statique<\/li>\n<li>Volume utile total : 90 litres<\/li>\n<li>Niveau sonore maximal : 42 dB<\/li>\n<li>Couleur : Noir, poign\u00e9e chrome<\/li>\n<\/ul>\n<div class=\"jsFpBulletPointMore\">\n<ul>\n<li>Portes r\u00e9versibles : Oui<\/li>\n<\/ul>\n<\/div>","protected":false},"featured_media":10481,"comment_status":"open","ping_status":"closed","template":"","meta":{"inline_featured_image":false,"_joinchat":[]},"product_cat":[120,129],"product_tag":[],"class_list":{"0":"post-10412","1":"product","2":"type-product","3":"status-publish","4":"has-post-thumbnail","6":"product_cat-gros-electromenagers","7":"product_cat-refrigerateurs","9":"first","10":"instock","11":"shipping-taxable","12":"purchasable","13":"product-type-simple"},"_links":{"self":[{"href":"https:\/\/kitchtenstore.com\/fr\/wp-json\/wp\/v2\/product\/10412","targetHints":{"allow":["GET"]}}],"collection":[{"href":"https:\/\/kitchtenstore.com\/fr\/wp-json\/wp\/v2\/product"}],"about":[{"href":"https:\/\/kitchtenstore.com\/fr\/wp-json\/wp\/v2\/types\/product"}],"replies":[{"embeddable":true,"href":"https:\/\/kitchtenstore.com\/fr\/wp-json\/wp\/v2\/comments?post=10412"}],"version-history":[{"count":1,"href":"https:\/\/kitchtenstore.com\/fr\/wp-json\/wp\/v2\/product\/10412\/revisions"}],"predecessor-version":[{"id":10483,"href":"https:\/\/kitchtenstore.com\/fr\/wp-json\/wp\/v2\/product\/10412\/revisions\/10483"}],"wp:featuredmedia":[{"embeddable":true,"href":"https:\/\/kitchtenstore.com\/fr\/wp-json\/wp\/v2\/media\/10481"}],"wp:attachment":[{"href":"https:\/\/kitchtenstore.com\/fr\/wp-json\/wp\/v2\/media?parent=10412"}],"wp:term":[{"taxonomy":"product_cat","embeddable":true,"href":"https:\/\/kitchtenstore.com\/fr\/wp-json\/wp\/v2\/product_cat?post=10412"},{"taxonomy":"product_tag","embeddable":true,"href":"https:\/\/kitchtenstore.com\/fr\/wp-json\/wp\/v2\/product_tag?post=10412"}],"curies":[{"name":"wp","href":"https:\/\/api.w.org\/{rel}","templated":true}]}}