{"id":10411,"date":"2022-10-23T10:22:53","date_gmt":"2022-10-23T10:22:53","guid":{"rendered":"https:\/\/kitchtenstore.com\/?post_type=product&#038;p=10411"},"modified":"2022-10-23T10:23:35","modified_gmt":"2022-10-23T10:23:35","slug":"oceanic-oceall610ddw-lave-linge-frontal-6-kg-1000-trs-min-a-blanc","status":"publish","type":"product","link":"https:\/\/kitchtenstore.com\/fr\/produit\/oceanic-oceall610ddw-lave-linge-frontal-6-kg-1000-trs-min-a-blanc\/","title":{"rendered":"OCEANIC OCEALL610DDW-Lave linge frontal-6 kg-1000 trs \/ min-A++-Blanc"},"content":{"rendered":"<table class=\"fpDescTb fpDescTbPub\">\n<tbody>\n<tr>\n<th colspan=\"2\">Informations g\u00e9n\u00e9rales sur le produit<\/th>\n<\/tr>\n<tr>\n<td>Marque<\/td>\n<td>OCEANIC<\/td>\n<\/tr>\n<tr>\n<td>Nom du produit<\/td>\n<td>OCEANIC OCEALL610DDW-Lave linge frontal-6 kg-1000<\/td>\n<\/tr>\n<tr>\n<td>Cat\u00e9gorie<\/td>\n<td>LAVE-LINGE<\/td>\n<\/tr>\n<tr>\n<th colspan=\"2\">G\u00e9n\u00e9ral<\/th>\n<\/tr>\n<tr>\n<td>Type de produit<\/td>\n<td>Machine \u00e0 laver \u2013 chargement frontal<\/td>\n<\/tr>\n<tr>\n<td>Consommation d\u2019\u00e9nergie annuelle<\/td>\n<td>171 kWh<\/td>\n<\/tr>\n<tr>\n<td>Vitesse d\u2019essorage<\/td>\n<td>Variable \u2013 1000 tours\/min (maximum)<\/td>\n<\/tr>\n<tr>\n<td>Mat\u00e9riau du tambour<\/td>\n<td>Acier inoxydable<\/td>\n<\/tr>\n<tr>\n<td>Nombre de programmes<\/td>\n<td>15<\/td>\n<\/tr>\n<tr>\n<td>Niveau sonore maximum<\/td>\n<td>77 dB<\/td>\n<\/tr>\n<tr>\n<td>Niveau sonore (lavage)<\/td>\n<td>58 dB<\/td>\n<\/tr>\n<tr>\n<td>Capacit\u00e9 de lavage du tambour<\/td>\n<td>44 litres<\/td>\n<\/tr>\n<tr>\n<td>Classe \u00e9nerg\u00e9tique<\/td>\n<td>Classe A++<\/td>\n<\/tr>\n<tr>\n<td>Facteur de forme<\/td>\n<td>Ind\u00e9pendant<\/td>\n<\/tr>\n<tr>\n<td>Niveau sonore (essorage)<\/td>\n<td>77 dB<\/td>\n<\/tr>\n<tr>\n<td>D\u00e9tection d\u2019absence de la balance<\/td>\n<td>Oui<\/td>\n<\/tr>\n<tr>\n<td>Couleur Ext\u00e9rieure<\/td>\n<td>Blanc<\/td>\n<\/tr>\n<tr>\n<td>Capacit\u00e9 de charge<\/td>\n<td>6 kg<\/td>\n<\/tr>\n<tr>\n<th colspan=\"2\">Machine \u00e0 laver<\/th>\n<\/tr>\n<tr>\n<td>Options et programmes sp\u00e9ciaux<\/td>\n<td>Textiles sport, rapide 15, laine 30\u00b0, lavage \u00e0 la main 30\u00b0, rin\u00e7age, synth\u00e9tique 40 \u00b0C, coton 40\u00b0C, coton 60\u00b0C, coton 90\u00b0C, coton \u00e9co 60 \u00b0C, eco 20\u00b0C, essorage, mixte 30\u00b0, rapide quotidien 60\u2032 60\u00b0 C, chemises \u00e0 60\u00b0 C<\/td>\n<\/tr>\n<tr>\n<th colspan=\"2\">R\u00e9glages, commandes et voyants<\/th>\n<\/tr>\n<tr>\n<td>Fonctions du minuteur<\/td>\n<td>D\u00e9part diff\u00e9r\u00e9, programmeur \u00e9lectronique<\/td>\n<\/tr>\n<tr>\n<td>D\u00e9part diff\u00e9r\u00e9<\/td>\n<td>12 heures<\/td>\n<\/tr>\n<tr>\n<td>Type de commande<\/td>\n<td>Electronique<\/td>\n<\/tr>\n<tr>\n<th colspan=\"2\">Divers<\/th>\n<\/tr>\n<tr>\n<td>Fonctions de s\u00e9curit\u00e9<\/td>\n<td>Syst\u00e8me de protection antid\u00e9bordement, verrou de porte, contr\u00f4le anti-mousse<\/td>\n<\/tr>\n<tr>\n<td>Roulettes \/ pieds<\/td>\n<td>Pieds r\u00e9glables<\/td>\n<\/tr>\n<tr>\n<th colspan=\"2\">Dimensions et poids<\/th>\n<\/tr>\n<tr>\n<td>Largeur<\/td>\n<td>59.7 cm<\/td>\n<\/tr>\n<tr>\n<td>Profondeur<\/td>\n<td>49.7 cm<\/td>\n<\/tr>\n<tr>\n<td>Hauteur<\/td>\n<td>84.5 cm<\/td>\n<\/tr>\n<tr>\n<td>Poids<\/td>\n<td>55.2 kg<\/td>\n<\/tr>\n<tr>\n<th colspan=\"2\">Dimensions et poids (emball\u00e9)<\/th>\n<\/tr>\n<tr>\n<td>Largeur (emball\u00e9e)<\/td>\n<td>64.1 cm<\/td>\n<\/tr>\n<tr>\n<td>Profondeur (emball\u00e9e)<\/td>\n<td>54.7 cm<\/td>\n<\/tr>\n<tr>\n<td>Hauteur (Exp\u00e9dition)<\/td>\n<td>88.1 cm<\/td>\n<\/tr>\n<tr>\n<td>Poids (Exp\u00e9dition)<\/td>\n<td>56.6 kg<\/td>\n<\/tr>\n<\/tbody>\n<\/table>","protected":false},"excerpt":{"rendered":"<ul>\n<li>Capacit\u00e9 de charge : 6 kg<\/li>\n<li>Classe \u00e9nerg\u00e9tique : Classe A++<\/li>\n<li>Vitesse d\u2019essorage : Variable \u2013 1000 tours\/min (maximum)<\/li>\n<li>D\u00e9part diff\u00e9r\u00e9 : 12 heures<\/li>\n<li>Niveau sonore (lavage) : 58 dB<\/li>\n<\/ul>\n<div class=\"jsFpBulletPointMore\">\n<ul>\n<li>Nombre de programmes : 15<\/li>\n<\/ul>\n<\/div>","protected":false},"featured_media":10479,"comment_status":"open","ping_status":"closed","template":"","meta":{"inline_featured_image":false,"_joinchat":[]},"product_cat":[120,121],"product_tag":[],"class_list":{"0":"post-10411","1":"product","2":"type-product","3":"status-publish","4":"has-post-thumbnail","6":"product_cat-gros-electromenagers","7":"product_cat-lave-linge","9":"first","10":"instock","11":"sale","12":"shipping-taxable","13":"purchasable","14":"product-type-simple"},"_links":{"self":[{"href":"https:\/\/kitchtenstore.com\/fr\/wp-json\/wp\/v2\/product\/10411","targetHints":{"allow":["GET"]}}],"collection":[{"href":"https:\/\/kitchtenstore.com\/fr\/wp-json\/wp\/v2\/product"}],"about":[{"href":"https:\/\/kitchtenstore.com\/fr\/wp-json\/wp\/v2\/types\/product"}],"replies":[{"embeddable":true,"href":"https:\/\/kitchtenstore.com\/fr\/wp-json\/wp\/v2\/comments?post=10411"}],"version-history":[{"count":1,"href":"https:\/\/kitchtenstore.com\/fr\/wp-json\/wp\/v2\/product\/10411\/revisions"}],"predecessor-version":[{"id":10480,"href":"https:\/\/kitchtenstore.com\/fr\/wp-json\/wp\/v2\/product\/10411\/revisions\/10480"}],"wp:featuredmedia":[{"embeddable":true,"href":"https:\/\/kitchtenstore.com\/fr\/wp-json\/wp\/v2\/media\/10479"}],"wp:attachment":[{"href":"https:\/\/kitchtenstore.com\/fr\/wp-json\/wp\/v2\/media?parent=10411"}],"wp:term":[{"taxonomy":"product_cat","embeddable":true,"href":"https:\/\/kitchtenstore.com\/fr\/wp-json\/wp\/v2\/product_cat?post=10411"},{"taxonomy":"product_tag","embeddable":true,"href":"https:\/\/kitchtenstore.com\/fr\/wp-json\/wp\/v2\/product_tag?post=10411"}],"curies":[{"name":"wp","href":"https:\/\/api.w.org\/{rel}","templated":true}]}}