{"id":10410,"date":"2022-10-23T10:22:53","date_gmt":"2022-10-23T10:22:53","guid":{"rendered":"https:\/\/kitchtenstore.com\/?post_type=product&#038;p=10410"},"modified":"2022-10-23T10:23:34","modified_gmt":"2022-10-23T10:23:34","slug":"congelateur-haier-httz-506s-table-top-77l-froid-statique-a-l55-x-h85-cm-silver","status":"publish","type":"product","link":"https:\/\/kitchtenstore.com\/fr\/produit\/congelateur-haier-httz-506s-table-top-77l-froid-statique-a-l55-x-h85-cm-silver\/","title":{"rendered":"Cong\u00e9lateur HAIER HTTZ-506S \u2013 table top \u2013 77L \u2013 Froid statique \u2013 A+ \u2013 L55 x H85 cm \u2013 Silver"},"content":{"rendered":"<table class=\"fpDescTb fpDescTbPub\">\n<tbody>\n<tr>\n<th colspan=\"2\">Informations g\u00e9n\u00e9rales sur le produit<\/th>\n<\/tr>\n<tr>\n<td>Marque<\/td>\n<td>HAIER<\/td>\n<\/tr>\n<tr>\n<td>Nom du produit<\/td>\n<td>HAIER HTTZ-506S \u2013 Cong\u00e9lateur table top \u2013 77L \u2013 Fr<\/td>\n<\/tr>\n<tr>\n<td>Cat\u00e9gorie<\/td>\n<td>CONG\u00c9LATEUR PORTE<\/td>\n<\/tr>\n<tr>\n<th colspan=\"2\">Informations sur le produit<\/th>\n<\/tr>\n<tr>\n<td>Couleur(s)<\/td>\n<td>Silver<\/td>\n<\/tr>\n<tr>\n<th colspan=\"2\">G\u00e9n\u00e9ral<\/th>\n<\/tr>\n<tr>\n<td>Type de produit<\/td>\n<td>Cong\u00e9lateur \u2013 cong\u00e9lateur-armoire<\/td>\n<\/tr>\n<tr>\n<td>Cat\u00e9gorie de r\u00e9frig\u00e9rateur<\/td>\n<td>Cong\u00e9lateur-armoire<\/td>\n<\/tr>\n<tr>\n<td>Classe \u00e9nerg\u00e9tique<\/td>\n<td>Classe A+<\/td>\n<\/tr>\n<tr>\n<td>Consommation d\u2019\u00e9nergie annuelle<\/td>\n<td>172 kWh<\/td>\n<\/tr>\n<tr>\n<td>Volume utile total<\/td>\n<td>77 litres<\/td>\n<\/tr>\n<tr>\n<td>Volume utile de cong\u00e9lateur<\/td>\n<td>77 litres<\/td>\n<\/tr>\n<tr>\n<td>Classe climatique<\/td>\n<td>N<\/td>\n<\/tr>\n<tr>\n<td>Niveau sonore maximum<\/td>\n<td>45 dB<\/td>\n<\/tr>\n<tr>\n<td>Format<\/td>\n<td>Pose libre<\/td>\n<\/tr>\n<tr>\n<td>Couleur<\/td>\n<td>Argent<\/td>\n<\/tr>\n<tr>\n<td>Nombre de portes<\/td>\n<td>1<\/td>\n<\/tr>\n<tr>\n<td>Portes r\u00e9versibles<\/td>\n<td>Oui<\/td>\n<\/tr>\n<tr>\n<td>Autonomie en cas de coupure<\/td>\n<td>16 hrs<\/td>\n<\/tr>\n<tr>\n<td>Contr\u00f4le<\/td>\n<td>M\u00e9canique<\/td>\n<\/tr>\n<tr>\n<td>Type(s) de froid<\/td>\n<td>Froid statique<\/td>\n<\/tr>\n<tr>\n<th colspan=\"2\">Divers<\/th>\n<\/tr>\n<tr>\n<td>Roulettes \/ pieds<\/td>\n<td>Pieds r\u00e9glables<\/td>\n<\/tr>\n<tr>\n<th colspan=\"2\">Consommation<\/th>\n<\/tr>\n<tr>\n<td>Alimentation<\/td>\n<td>220 \u2013 240 V \/ 50 Hz<\/td>\n<\/tr>\n<tr>\n<th colspan=\"2\">Dimensions et poids<\/th>\n<\/tr>\n<tr>\n<td>Largeur<\/td>\n<td>55 cm<\/td>\n<\/tr>\n<tr>\n<td>Profondeur<\/td>\n<td>58 cm<\/td>\n<\/tr>\n<tr>\n<td>Hauteur<\/td>\n<td>85 cm<\/td>\n<\/tr>\n<tr>\n<td>Poids<\/td>\n<td>33 kg<\/td>\n<\/tr>\n<tr>\n<th colspan=\"2\">Dimensions et poids (emball\u00e9)<\/th>\n<\/tr>\n<tr>\n<td>Largeur (emball\u00e9e)<\/td>\n<td>57 cm<\/td>\n<\/tr>\n<tr>\n<td>Profondeur (emball\u00e9e)<\/td>\n<td>60 cm<\/td>\n<\/tr>\n<tr>\n<td>Hauteur (Exp\u00e9dition)<\/td>\n<td>88.5 cm<\/td>\n<\/tr>\n<tr>\n<th colspan=\"2\">Caract\u00e9ristiques du cong\u00e9lateur<\/th>\n<\/tr>\n<tr>\n<td>Capacit\u00e9 de cong\u00e9lation<\/td>\n<td>4 kg \/ 24 h<\/td>\n<\/tr>\n<tr>\n<td>Carat\u00e9ristiques des \u00e9tag\u00e8res\/compartiments du cong\u00e9lateur<\/td>\n<td>4 x tiroir \u2013 plastique transparent<\/td>\n<\/tr>\n<tr>\n<td>Nombre de tiroirs du cong\u00e9lateur<\/td>\n<td>4<\/td>\n<\/tr>\n<\/tbody>\n<\/table>","protected":false},"excerpt":{"rendered":"<div class=\"woocommerce-product-details__short-description\">\n<ul>\n<li>Garantie (\u00b2) : 2 ans \u2013 pi\u00e8ces, main d\u2019\u0153uvre<\/li>\n<li>Type(s) de froid : Froid statique<\/li>\n<li>Volume utile total : 77 litres<\/li>\n<li>Nombre de tiroir(s) : 4<\/li>\n<li>Niveau sonore maximal : 45 dB<\/li>\n<\/ul>\n<div class=\"jsFpBulletPointMore\">\n<ul>\n<li>Couleur : Argent<\/li>\n<li>Portes r\u00e9versibles : Oui<\/li>\n<\/ul>\n<\/div>\n<\/div>\n<form class=\"cart\" action=\"https:\/\/www.gros-menager.com\/boutique\/congelateur-haier-httz-506s-table-top-77l-froid-statique-a-l55-x-h85-cm-silver\/\" enctype=\"multipart\/form-data\" method=\"post\">\n<div class=\"product-button-wrapper\">\n<div class=\"quantity razzi-quantity-dropdown\"><\/div>\n<\/div>\n<\/form>","protected":false},"featured_media":10476,"comment_status":"open","ping_status":"closed","template":"","meta":{"inline_featured_image":false,"_joinchat":[]},"product_cat":[127,120,128],"product_tag":[],"class_list":{"0":"post-10410","1":"product","2":"type-product","3":"status-publish","4":"has-post-thumbnail","6":"product_cat-congelateur","7":"product_cat-gros-electromenagers","8":"product_cat-refrigerateur-congelateur","10":"first","11":"instock","12":"shipping-taxable","13":"purchasable","14":"product-type-simple"},"_links":{"self":[{"href":"https:\/\/kitchtenstore.com\/fr\/wp-json\/wp\/v2\/product\/10410","targetHints":{"allow":["GET"]}}],"collection":[{"href":"https:\/\/kitchtenstore.com\/fr\/wp-json\/wp\/v2\/product"}],"about":[{"href":"https:\/\/kitchtenstore.com\/fr\/wp-json\/wp\/v2\/types\/product"}],"replies":[{"embeddable":true,"href":"https:\/\/kitchtenstore.com\/fr\/wp-json\/wp\/v2\/comments?post=10410"}],"version-history":[{"count":1,"href":"https:\/\/kitchtenstore.com\/fr\/wp-json\/wp\/v2\/product\/10410\/revisions"}],"predecessor-version":[{"id":10478,"href":"https:\/\/kitchtenstore.com\/fr\/wp-json\/wp\/v2\/product\/10410\/revisions\/10478"}],"wp:featuredmedia":[{"embeddable":true,"href":"https:\/\/kitchtenstore.com\/fr\/wp-json\/wp\/v2\/media\/10476"}],"wp:attachment":[{"href":"https:\/\/kitchtenstore.com\/fr\/wp-json\/wp\/v2\/media?parent=10410"}],"wp:term":[{"taxonomy":"product_cat","embeddable":true,"href":"https:\/\/kitchtenstore.com\/fr\/wp-json\/wp\/v2\/product_cat?post=10410"},{"taxonomy":"product_tag","embeddable":true,"href":"https:\/\/kitchtenstore.com\/fr\/wp-json\/wp\/v2\/product_tag?post=10410"}],"curies":[{"name":"wp","href":"https:\/\/api.w.org\/{rel}","templated":true}]}}