{"id":10407,"date":"2022-10-23T10:22:52","date_gmt":"2022-10-23T10:22:52","guid":{"rendered":"https:\/\/kitchtenstore.com\/?post_type=product&#038;p=10407"},"modified":"2022-10-23T10:23:29","modified_gmt":"2022-10-23T10:23:29","slug":"lave-linge-frontal-6-kg-1000-trs-min-a-continental-edison-cell610slim","status":"publish","type":"product","link":"https:\/\/kitchtenstore.com\/fr\/produit\/lave-linge-frontal-6-kg-1000-trs-min-a-continental-edison-cell610slim\/","title":{"rendered":"Lave linge frontal \u2013 6 kg \u2013 1000 trs \/ min \u2013 A++ CONTINENTAL EDISON CELL610SLIM \u2013"},"content":{"rendered":"<table class=\"fpDescTb fpDescTbPub\">\n<tbody>\n<tr>\n<th colspan=\"2\">Informations g\u00e9n\u00e9rales sur le produit<\/th>\n<\/tr>\n<tr>\n<td>Marque<\/td>\n<td>CONTINENTAL EDISON<\/td>\n<\/tr>\n<tr>\n<td>Nom du produit<\/td>\n<td>CONTINENTAL EDISON CELL610SLIM \u2013 Lave linge fronta<\/td>\n<\/tr>\n<tr>\n<td>Cat\u00e9gorie<\/td>\n<td>LAVE-LINGE<\/td>\n<\/tr>\n<tr>\n<th colspan=\"2\">G\u00e9n\u00e9ral<\/th>\n<\/tr>\n<tr>\n<td>Type de produit<\/td>\n<td>Machine \u00e0 laver \u2013 chargement frontal<\/td>\n<\/tr>\n<tr>\n<td>Classe d\u2019efficacit\u00e9 d\u2019essorage<\/td>\n<td>Classe C<\/td>\n<\/tr>\n<tr>\n<td>Vitesse d\u2019essorage<\/td>\n<td>Variable \u2013 1000 tours\/min (maximum)<\/td>\n<\/tr>\n<tr>\n<td>Mat\u00e9riau du tambour<\/td>\n<td>Acier inoxydable<\/td>\n<\/tr>\n<tr>\n<td>Nombre de programmes<\/td>\n<td>8<\/td>\n<\/tr>\n<tr>\n<td>Classe \u00e9nerg\u00e9tique<\/td>\n<td>Classe A++<\/td>\n<\/tr>\n<tr>\n<td>Facteur de forme<\/td>\n<td>Ind\u00e9pendant<\/td>\n<\/tr>\n<tr>\n<td>D\u00e9tection d\u2019absence de la balance<\/td>\n<td>Oui<\/td>\n<\/tr>\n<tr>\n<td>Couleur Ext\u00e9rieure<\/td>\n<td>Blanc<\/td>\n<\/tr>\n<tr>\n<td>Capacit\u00e9 de charge<\/td>\n<td>6 kg<\/td>\n<\/tr>\n<tr>\n<th colspan=\"2\">Machine \u00e0 laver<\/th>\n<\/tr>\n<tr>\n<td>Options et programmes sp\u00e9ciaux<\/td>\n<td>Rapide 15<\/td>\n<\/tr>\n<tr>\n<th colspan=\"2\">R\u00e9glages, commandes et voyants<\/th>\n<\/tr>\n<tr>\n<td>Fonctions du minuteur<\/td>\n<td>D\u00e9part diff\u00e9r\u00e9, t\u00e9moins lumineux DEL<\/td>\n<\/tr>\n<tr>\n<th colspan=\"2\">Consommation<\/th>\n<\/tr>\n<tr>\n<td>Alimentation<\/td>\n<td>220 \u2013 240 V \/ 50 Hz<\/td>\n<\/tr>\n<tr>\n<th colspan=\"2\">Divers<\/th>\n<\/tr>\n<tr>\n<td>Fonctions de s\u00e9curit\u00e9<\/td>\n<td>S\u00e9curit\u00e9 enfants, d\u00e9tection des anomalies, contr\u00f4le anti-mousse<\/td>\n<\/tr>\n<tr>\n<th colspan=\"2\">Dimensions et poids<\/th>\n<\/tr>\n<tr>\n<td>Largeur<\/td>\n<td>59.5 cm<\/td>\n<\/tr>\n<tr>\n<td>Profondeur<\/td>\n<td>44.4 cm<\/td>\n<\/tr>\n<tr>\n<td>Hauteur<\/td>\n<td>85 cm<\/td>\n<\/tr>\n<tr>\n<td>Poids<\/td>\n<td>56 kg<\/td>\n<\/tr>\n<tr>\n<th colspan=\"2\">Dimensions et poids (emball\u00e9)<\/th>\n<\/tr>\n<tr>\n<td>Largeur (emball\u00e9e)<\/td>\n<td>66 cm<\/td>\n<\/tr>\n<tr>\n<td>Profondeur (emball\u00e9e)<\/td>\n<td>48 cm<\/td>\n<\/tr>\n<tr>\n<td>Hauteur (Exp\u00e9dition)<\/td>\n<td>88 cm<\/td>\n<\/tr>\n<tr>\n<td>Poids (Exp\u00e9dition)<\/td>\n<td>58 kg<\/td>\n<\/tr>\n<\/tbody>\n<\/table>\n<table class=\"fpDescTb fpDescTbPub\">\n<tbody>\n<tr>\n<td>Garantie (\u00b2)<\/td>\n<td>2 ans \u2013 pi\u00e8ces, main d\u2019\u0153uvre et d\u00e9placement<\/td>\n<\/tr>\n<\/tbody>\n<\/table>","protected":false},"excerpt":{"rendered":"<ul>\n<li>Capacit\u00e9 de charge : 6 kg<\/li>\n<li>Classe \u00e9nerg\u00e9tique : Classe A++<\/li>\n<li>Vitesse d\u2019essorage : Variable \u2013 1000 tours\/min (maximum)<\/li>\n<li>Nombre de programmes : 8<\/li>\n<\/ul>","protected":false},"featured_media":10466,"comment_status":"open","ping_status":"closed","template":"","meta":{"inline_featured_image":false,"_joinchat":[]},"product_cat":[120,126],"product_tag":[],"class_list":{"0":"post-10407","1":"product","2":"type-product","3":"status-publish","4":"has-post-thumbnail","6":"product_cat-gros-electromenagers","7":"product_cat-lave-linge-sechant","9":"first","10":"instock","11":"sale","12":"shipping-taxable","13":"purchasable","14":"product-type-simple"},"_links":{"self":[{"href":"https:\/\/kitchtenstore.com\/fr\/wp-json\/wp\/v2\/product\/10407","targetHints":{"allow":["GET"]}}],"collection":[{"href":"https:\/\/kitchtenstore.com\/fr\/wp-json\/wp\/v2\/product"}],"about":[{"href":"https:\/\/kitchtenstore.com\/fr\/wp-json\/wp\/v2\/types\/product"}],"replies":[{"embeddable":true,"href":"https:\/\/kitchtenstore.com\/fr\/wp-json\/wp\/v2\/comments?post=10407"}],"version-history":[{"count":1,"href":"https:\/\/kitchtenstore.com\/fr\/wp-json\/wp\/v2\/product\/10407\/revisions"}],"predecessor-version":[{"id":10468,"href":"https:\/\/kitchtenstore.com\/fr\/wp-json\/wp\/v2\/product\/10407\/revisions\/10468"}],"wp:featuredmedia":[{"embeddable":true,"href":"https:\/\/kitchtenstore.com\/fr\/wp-json\/wp\/v2\/media\/10466"}],"wp:attachment":[{"href":"https:\/\/kitchtenstore.com\/fr\/wp-json\/wp\/v2\/media?parent=10407"}],"wp:term":[{"taxonomy":"product_cat","embeddable":true,"href":"https:\/\/kitchtenstore.com\/fr\/wp-json\/wp\/v2\/product_cat?post=10407"},{"taxonomy":"product_tag","embeddable":true,"href":"https:\/\/kitchtenstore.com\/fr\/wp-json\/wp\/v2\/product_tag?post=10407"}],"curies":[{"name":"wp","href":"https:\/\/api.w.org\/{rel}","templated":true}]}}