{"id":10406,"date":"2022-10-23T10:22:52","date_gmt":"2022-10-23T10:22:52","guid":{"rendered":"https:\/\/kitchtenstore.com\/?post_type=product&#038;p=10406"},"modified":"2022-10-23T10:23:27","modified_gmt":"2022-10-23T10:23:27","slug":"micro-ondes-combine-noir-porte-miroir-25l-900-w-grill-1000-w-convection-1000-w","status":"publish","type":"product","link":"https:\/\/kitchtenstore.com\/fr\/produit\/micro-ondes-combine-noir-porte-miroir-25l-900-w-grill-1000-w-convection-1000-w\/","title":{"rendered":"Micro-ondes combin\u00e9 noir porte miroir \u2013 25L \u2013 900 W \u2013 Grill 1000 W \u2013 Convection 1000 W"},"content":{"rendered":"<p class=\"fpMb\">Micro-ondes Combin\u00e9 \u2013 Capacit\u00e9 : 25L \u2013 Puissance microonde : 900W \u2013 Gril : 1000W \u2013 Puissance chaleur tournante : 1000W \u2013 Fonctions : Gril \/ Chaleur tournante \u2013 5 niveaux de puissance \u2013 8 programmes \u2013 Contr\u00f4le \u00e9lectronique \u2013 Plateau tournant : 31.5 cm \u2013 S\u00e9curit\u00e9 enfants \u2013 Coloris : Noir porte Miroir \u2013 Garantie 2 ans<\/p>\n<div class=\"regBloc no1023\">\n<div id=\"gpt-R2-300X250BODY2\" data-google-query-id=\"COSss9innOgCFUr47QodRVkGOg\"><\/div>\n<div class=\"regTxt\"><\/div>\n<\/div>\n<table class=\"fpDescTb fpDescTbPub\">\n<tbody>\n<tr>\n<th colspan=\"2\">Informations g\u00e9n\u00e9rales sur le produit<\/th>\n<\/tr>\n<tr>\n<td>Marque<\/td>\n<td>CONTINENTAL EDISON<\/td>\n<\/tr>\n<tr>\n<td>Nom du produit<\/td>\n<td>CONTINENTAL EDISON MO25SG13S \u2013 Micro-ondes combin<\/td>\n<\/tr>\n<tr>\n<td>Cat\u00e9gorie<\/td>\n<td>MICRO-ONDES<\/td>\n<\/tr>\n<tr>\n<th colspan=\"2\">Informations sur le produit<\/th>\n<\/tr>\n<tr>\n<td>Couleur(s)<\/td>\n<td>Ecran LCD : noir<\/td>\n<\/tr>\n<tr>\n<td>Notes<\/td>\n<td>Produit destin\u00e9 \u00e0 un usage domestique<\/td>\n<\/tr>\n<tr>\n<th colspan=\"2\">G\u00e9n\u00e9ral<\/th>\n<\/tr>\n<tr>\n<td>Type de Produit<\/td>\n<td>Four micro-ondes combin\u00e9 \u2013 grill<\/td>\n<\/tr>\n<tr>\n<td>Puissance maximale du micro-ondes<\/td>\n<td>900 Watt<\/td>\n<\/tr>\n<tr>\n<td>Puissance du gril<\/td>\n<td>1000 Watt<\/td>\n<\/tr>\n<tr>\n<td>Contenance du four \u00e0 micro-ondes<\/td>\n<td>25 litres<\/td>\n<\/tr>\n<tr>\n<td>Configuration<\/td>\n<td>Pose libre<\/td>\n<\/tr>\n<tr>\n<td>Couleur<\/td>\n<td>Noir<\/td>\n<\/tr>\n<tr>\n<td>Dimensions de la cavit\u00e9<\/td>\n<td>34.8 cm x 33.1 cm x 22 cm<\/td>\n<\/tr>\n<tr>\n<td>Taille du plateau rotatif du four \u00e0 micro-ondes<\/td>\n<td>31.5 cm<\/td>\n<\/tr>\n<tr>\n<td>Rev\u00eatement int\u00e9rieur<\/td>\n<td>Inox<\/td>\n<\/tr>\n<tr>\n<td>Programmes de cuisson au micro-ondes<\/td>\n<td>8 fonctions de cuisson automatique<\/td>\n<\/tr>\n<tr>\n<th colspan=\"2\">R\u00e9glages, commandes et voyants<\/th>\n<\/tr>\n<tr>\n<td>Commandes<\/td>\n<td>Electronique<\/td>\n<\/tr>\n<tr>\n<td>Nbre de niveaux de puissance<\/td>\n<td>6<\/td>\n<\/tr>\n<tr>\n<td>Minuteur<\/td>\n<td>Oui<\/td>\n<\/tr>\n<tr>\n<th colspan=\"2\">Consommation<\/th>\n<\/tr>\n<tr>\n<td>Puissance \u00e9lectrique<\/td>\n<td>1350 Watt<\/td>\n<\/tr>\n<tr>\n<td>Alimentation<\/td>\n<td>220 \u2013 240 V \u2013 50 Hz<\/td>\n<\/tr>\n<tr>\n<th colspan=\"2\">Divers<\/th>\n<\/tr>\n<tr>\n<td>Caract\u00e9ristiques externes<\/td>\n<td>Panneau de contr\u00f4les en inox, Garniture chrome, Finition verre r\u00e9fl\u00e9chissant<\/td>\n<\/tr>\n<tr>\n<td>Fonctions de s\u00e9curit\u00e9<\/td>\n<td>S\u00e9curit\u00e9 enfants<\/td>\n<\/tr>\n<tr>\n<th colspan=\"2\">Dimensions et poids<\/th>\n<\/tr>\n<tr>\n<td>Largeur<\/td>\n<td>50.9 cm<\/td>\n<\/tr>\n<tr>\n<td>Hauteur<\/td>\n<td>30.3 cm<\/td>\n<\/tr>\n<tr>\n<td>Profondeur<\/td>\n<td>41.6 cm<\/td>\n<\/tr>\n<tr>\n<td>Poids<\/td>\n<td>15.1 kg<\/td>\n<\/tr>\n<tr>\n<th colspan=\"2\">Dimensions et poids (emball\u00e9)<\/th>\n<\/tr>\n<tr>\n<td>Hauteur (Exp\u00e9dition)<\/td>\n<td>35.2 cm<\/td>\n<\/tr>\n<tr>\n<td>Largeur (emball\u00e9e)<\/td>\n<td>58.6 cm<\/td>\n<\/tr>\n<tr>\n<td>Profondeur (emball\u00e9e)<\/td>\n<td>44.8 cm<\/td>\n<\/tr>\n<tr>\n<td>Poids (Exp\u00e9dition)<\/td>\n<td>16.8 kg<\/td>\n<\/tr>\n<\/tbody>\n<\/table>","protected":false},"excerpt":{"rendered":"<ul>\n<li>Puissance maximale : 900 Watt<\/li>\n<li>Contenance : 25 litres<\/li>\n<li>Pose libre<\/li>\n<li>Nbre de niveaux de puissance : 6<\/li>\n<li>Dimensions de la cavit\u00e9 : 34.8 cm x 33.1 cm x 22 cm<\/li>\n<\/ul>\n<div class=\"jsFpBulletPointMore\">\n<ul>\n<li>Couleur : Noir<\/li>\n<\/ul>\n<\/div>","protected":false},"featured_media":10462,"comment_status":"open","ping_status":"closed","template":"","meta":{"inline_featured_image":false,"_joinchat":[]},"product_cat":[120,125],"product_tag":[],"class_list":{"0":"post-10406","1":"product","2":"type-product","3":"status-publish","4":"has-post-thumbnail","6":"product_cat-gros-electromenagers","7":"product_cat-micro-ondes","9":"first","10":"instock","11":"sale","12":"shipping-taxable","13":"purchasable","14":"product-type-simple"},"_links":{"self":[{"href":"https:\/\/kitchtenstore.com\/fr\/wp-json\/wp\/v2\/product\/10406","targetHints":{"allow":["GET"]}}],"collection":[{"href":"https:\/\/kitchtenstore.com\/fr\/wp-json\/wp\/v2\/product"}],"about":[{"href":"https:\/\/kitchtenstore.com\/fr\/wp-json\/wp\/v2\/types\/product"}],"replies":[{"embeddable":true,"href":"https:\/\/kitchtenstore.com\/fr\/wp-json\/wp\/v2\/comments?post=10406"}],"version-history":[{"count":1,"href":"https:\/\/kitchtenstore.com\/fr\/wp-json\/wp\/v2\/product\/10406\/revisions"}],"predecessor-version":[{"id":10465,"href":"https:\/\/kitchtenstore.com\/fr\/wp-json\/wp\/v2\/product\/10406\/revisions\/10465"}],"wp:featuredmedia":[{"embeddable":true,"href":"https:\/\/kitchtenstore.com\/fr\/wp-json\/wp\/v2\/media\/10462"}],"wp:attachment":[{"href":"https:\/\/kitchtenstore.com\/fr\/wp-json\/wp\/v2\/media?parent=10406"}],"wp:term":[{"taxonomy":"product_cat","embeddable":true,"href":"https:\/\/kitchtenstore.com\/fr\/wp-json\/wp\/v2\/product_cat?post=10406"},{"taxonomy":"product_tag","embeddable":true,"href":"https:\/\/kitchtenstore.com\/fr\/wp-json\/wp\/v2\/product_tag?post=10406"}],"curies":[{"name":"wp","href":"https:\/\/api.w.org\/{rel}","templated":true}]}}