{"id":10404,"date":"2022-10-23T10:22:52","date_gmt":"2022-10-23T10:22:52","guid":{"rendered":"https:\/\/kitchtenstore.com\/?post_type=product&#038;p=10404"},"modified":"2022-10-23T10:23:16","modified_gmt":"2022-10-23T10:23:16","slug":"connecte-non-puissance-140-w-securite-oui-interrupteur-marche-arret-cran-de-securite-epaisseur-de-coupe-de-0-a-22-mm-origine-de-fabrication-autres-pays-disponibilite-des-pieces-detachees-5-ans","status":"publish","type":"product","link":"https:\/\/kitchtenstore.com\/fr\/produit\/connecte-non-puissance-140-w-securite-oui-interrupteur-marche-arret-cran-de-securite-epaisseur-de-coupe-de-0-a-22-mm-origine-de-fabrication-autres-pays-disponibilite-des-pieces-detachees-5-ans\/","title":{"rendered":"Connect\u00e9\t Non Puissance 140 W S\u00e9curit\u00e9 Oui; Interrupteur marche \/ arr\u00eat, cran de s\u00e9curit\u00e9 Epaisseur de coupe\t De 0 \u00e0 22 mm Origine de fabrication\t Autres pays Disponibilit\u00e9 des pi\u00e8ces d\u00e9tach\u00e9es\t 5 ans"},"content":{"rendered":"<table class=\"font-2\">\n<tbody>\n<tr class=\"odd\">\n<th scope=\"row\">Connect\u00e9<\/th>\n<td class=\"font-2-b\">\n<ul class=\"characteristics\" data-switch=\"\">\n<li class=\"\">Non<\/li>\n<\/ul>\n<\/td>\n<\/tr>\n<tr class=\"\">\n<th scope=\"row\">Puissance<\/th>\n<td class=\"font-2-b\">\n<ul class=\"characteristics\" data-switch=\"\">\n<li class=\"\">140 W<\/li>\n<\/ul>\n<\/td>\n<\/tr>\n<tr class=\"odd\">\n<th scope=\"row\">S\u00e9curit\u00e9<\/th>\n<td class=\"font-2-b\">\n<ul class=\"characteristics\" data-switch=\"\">\n<li class=\"\">Oui; Interrupteur marche \/ arr\u00eat, cran de s\u00e9curit\u00e9<\/li>\n<\/ul>\n<\/td>\n<\/tr>\n<tr class=\"\">\n<th scope=\"row\">Epaisseur de coupe<\/th>\n<td class=\"font-2-b\">\n<ul class=\"characteristics\" data-switch=\"\">\n<li class=\"\">De 0 \u00e0 22 mm<\/li>\n<\/ul>\n<\/td>\n<\/tr>\n<tr class=\"odd\">\n<th scope=\"row\">Origine de fabrication<\/th>\n<td class=\"font-2-b\">\n<ul class=\"characteristics\" data-switch=\"\">\n<li class=\"\">Autres pays<\/li>\n<\/ul>\n<\/td>\n<\/tr>\n<tr class=\"\">\n<th scope=\"row\">Disponibilit\u00e9 des pi\u00e8ces d\u00e9tach\u00e9es<\/th>\n<td class=\"font-2-b\">\n<ul class=\"characteristics\" data-switch=\"\">\n<li class=\"\">5 ans<\/li>\n<\/ul>\n<\/td>\n<\/tr>\n<\/tbody>\n<\/table>","protected":false},"excerpt":{"rendered":"<div class=\"woocommerce-product-details__short-description\">\n<ul class=\"product_details_items font-2-l\">\n<li class=\"product_details_item\">Trancheuse semi professionnelle 140 Watts<\/li>\n<li class=\"product_details_item\">Epaisseur de coupe de 0 \u00e0 22 mm<\/li>\n<li class=\"product_details_item\">Corps m\u00e9tal Plan inclin\u00e9<\/li>\n<li class=\"product_details_item\">Plateau r\u00e9colte-tranches \u2013 Pieds ventouse<\/li>\n<\/ul>\n<\/div>\n<form class=\"cart\" action=\"https:\/\/www.gros-menager.com\/boutique\/trancheuse-krups-tr522341\/\" enctype=\"multipart\/form-data\" method=\"post\">\n<div class=\"product-button-wrapper\">\n<div class=\"quantity razzi-quantity-dropdown\"><\/div>\n<\/div>\n<\/form>","protected":false},"featured_media":10447,"comment_status":"open","ping_status":"closed","template":"","meta":{"inline_featured_image":false,"_joinchat":[]},"product_cat":[122],"product_tag":[],"class_list":{"0":"post-10404","1":"product","2":"type-product","3":"status-publish","4":"has-post-thumbnail","6":"product_cat-cuisine-cuisson","8":"first","9":"instock","10":"sale","11":"shipping-taxable","12":"purchasable","13":"product-type-simple"},"_links":{"self":[{"href":"https:\/\/kitchtenstore.com\/fr\/wp-json\/wp\/v2\/product\/10404","targetHints":{"allow":["GET"]}}],"collection":[{"href":"https:\/\/kitchtenstore.com\/fr\/wp-json\/wp\/v2\/product"}],"about":[{"href":"https:\/\/kitchtenstore.com\/fr\/wp-json\/wp\/v2\/types\/product"}],"replies":[{"embeddable":true,"href":"https:\/\/kitchtenstore.com\/fr\/wp-json\/wp\/v2\/comments?post=10404"}],"version-history":[{"count":1,"href":"https:\/\/kitchtenstore.com\/fr\/wp-json\/wp\/v2\/product\/10404\/revisions"}],"predecessor-version":[{"id":10451,"href":"https:\/\/kitchtenstore.com\/fr\/wp-json\/wp\/v2\/product\/10404\/revisions\/10451"}],"wp:featuredmedia":[{"embeddable":true,"href":"https:\/\/kitchtenstore.com\/fr\/wp-json\/wp\/v2\/media\/10447"}],"wp:attachment":[{"href":"https:\/\/kitchtenstore.com\/fr\/wp-json\/wp\/v2\/media?parent=10404"}],"wp:term":[{"taxonomy":"product_cat","embeddable":true,"href":"https:\/\/kitchtenstore.com\/fr\/wp-json\/wp\/v2\/product_cat?post=10404"},{"taxonomy":"product_tag","embeddable":true,"href":"https:\/\/kitchtenstore.com\/fr\/wp-json\/wp\/v2\/product_tag?post=10404"}],"curies":[{"name":"wp","href":"https:\/\/api.w.org\/{rel}","templated":true}]}}