{"id":10401,"date":"2022-10-23T10:22:52","date_gmt":"2022-10-23T10:22:52","guid":{"rendered":"https:\/\/kitchtenstore.com\/?post_type=product&#038;p=10401"},"modified":"2022-10-23T10:23:04","modified_gmt":"2022-10-23T10:23:04","slug":"vorwerk-thermomix-tm31-livre-cuisiner-avec-thermomix-larousse-livre-desserts-gourmands-avec-thermomix-larousse","status":"publish","type":"product","link":"https:\/\/kitchtenstore.com\/fr\/produit\/vorwerk-thermomix-tm31-livre-cuisiner-avec-thermomix-larousse-livre-desserts-gourmands-avec-thermomix-larousse\/","title":{"rendered":"Vorwerk Thermomix TM31 + LIVRE \u2013 CUISINER AVEC THERMOMIX (LAROUSSE) + LIVRE \u2013 DESSERTS GOURMANDS AVEC THERMOMIX (LAROUSSE)"},"content":{"rendered":"<div class=\"woocommerce-tabs wc-tabs-wrapper\">\n<div id=\"tab-description\" class=\"woocommerce-Tabs-panel woocommerce-Tabs-panel--description panel entry-content wc-tab\" role=\"tabpanel\" aria-labelledby=\"tab-title-description\">\n<p>Moteur : Moteur \u00e0 reluctance sans entretien Vorwerk Puissance 500 W.<br \/>\nVitesse de rotation progressive de 100 \u00e0 10 200 tours\/min<br \/>\n(Vitesse mijotage 40 tours\/min).<br \/>\nVitesse intermittente pour la fabrication de p\u00e2te.<br \/>\nDisjoncteur automatique en cas de surcharge moteur.<\/p>\n<p>Chauffage Puissance absorb\u00e9e 1000 W.<br \/>\nProtection en cas de surchauffe.<\/p>\n<p>Balance Pes\u00e9e de 5 \u00e0 100 g par tranche de 5 g;<br \/>\n100 g \u00e0 2 kg par tranche de 10 g jusqu\u2019\u00e0 6 kg maxi.<\/p>\n<p>Bloc moteur Mati\u00e8re plastique de haute qualit\u00e9.<\/p>\n<p>Bol de mixage Acier inoxydable avec syst\u00e8me de chauffe et capteur de temp\u00e9rature int\u00e9gr\u00e9s<br \/>\nCapacit\u00e9 maximale 2 litres.<\/p>\n<p>Alimentation secteur Uniquement en courant alternatif 220\u2026240 V, 50\/60 Hz.<br \/>\nPuissance totale absorb\u00e9e 1500 W.<br \/>\nLongueur maximale du c\u00e2ble d\u2019alimentation : 1 m\u00e8tre.<\/p>\n<p>Dimensions et poids<br \/>\nThermomix TM31<br \/>\nsans Varoma Varoma<br \/>\nHauteur 30,0 cm Hauteur 11,8 cm<br \/>\nLargeur 28,5 cm Longueur 38,5 cm<br \/>\nProfondeur 28,5 cm Largeur 27,5 cm<br \/>\nPoids 6,3 kg Poids 0,8 kg<\/p>\n<\/div>\n<\/div>","protected":false},"excerpt":{"rendered":"<div class=\"woocommerce-product-details__short-description\">\n<h1 class=\"ed__a-t has--mw\"><span style=\"font-size: 16px;\">Vorwerk Thermomix TM31 + LIVRE \u2013 CUISINER AVEC THERMOMIX (LAROUSSE) + LIVRE \u2013 DESSERTS GOURMANDS AVEC THERMOMIX (LAROUSSE)<\/span><\/h1>\n<\/div>","protected":false},"featured_media":10436,"comment_status":"open","ping_status":"closed","template":"","meta":{"inline_featured_image":false,"_joinchat":[]},"product_cat":[122,123],"product_tag":[],"class_list":{"0":"post-10401","1":"product","2":"type-product","3":"status-publish","4":"has-post-thumbnail","6":"product_cat-cuisine-cuisson","7":"product_cat-robot-cuiseur","9":"first","10":"instock","11":"sale","12":"shipping-taxable","13":"purchasable","14":"product-type-simple"},"_links":{"self":[{"href":"https:\/\/kitchtenstore.com\/fr\/wp-json\/wp\/v2\/product\/10401","targetHints":{"allow":["GET"]}}],"collection":[{"href":"https:\/\/kitchtenstore.com\/fr\/wp-json\/wp\/v2\/product"}],"about":[{"href":"https:\/\/kitchtenstore.com\/fr\/wp-json\/wp\/v2\/types\/product"}],"replies":[{"embeddable":true,"href":"https:\/\/kitchtenstore.com\/fr\/wp-json\/wp\/v2\/comments?post=10401"}],"version-history":[{"count":1,"href":"https:\/\/kitchtenstore.com\/fr\/wp-json\/wp\/v2\/product\/10401\/revisions"}],"predecessor-version":[{"id":10439,"href":"https:\/\/kitchtenstore.com\/fr\/wp-json\/wp\/v2\/product\/10401\/revisions\/10439"}],"wp:featuredmedia":[{"embeddable":true,"href":"https:\/\/kitchtenstore.com\/fr\/wp-json\/wp\/v2\/media\/10436"}],"wp:attachment":[{"href":"https:\/\/kitchtenstore.com\/fr\/wp-json\/wp\/v2\/media?parent=10401"}],"wp:term":[{"taxonomy":"product_cat","embeddable":true,"href":"https:\/\/kitchtenstore.com\/fr\/wp-json\/wp\/v2\/product_cat?post=10401"},{"taxonomy":"product_tag","embeddable":true,"href":"https:\/\/kitchtenstore.com\/fr\/wp-json\/wp\/v2\/product_tag?post=10401"}],"curies":[{"name":"wp","href":"https:\/\/api.w.org\/{rel}","templated":true}]}}