{"id":10400,"date":"2022-10-23T10:22:52","date_gmt":"2022-10-23T10:22:52","guid":{"rendered":"https:\/\/kitchtenstore.com\/?post_type=product&#038;p=10400"},"modified":"2022-10-23T10:23:02","modified_gmt":"2022-10-23T10:23:02","slug":"vorwerk-thermomix-tm5-cook-key-pack-5-cles-livre-evasions-gourmandes-livre-forme-et-vitalite","status":"publish","type":"product","link":"https:\/\/kitchtenstore.com\/fr\/produit\/vorwerk-thermomix-tm5-cook-key-pack-5-cles-livre-evasions-gourmandes-livre-forme-et-vitalite\/","title":{"rendered":"Vorwerk Thermomix TM5 + COOK-KEY + PACK 5 CL\u00c9S + LIVRE \u2013 EVASIONS GOURMANDES + LIVRE \u2013 FORME ET VITALIT\u00c9"},"content":{"rendered":"<div class=\"woocommerce-tabs wc-tabs-wrapper\">\n<div id=\"tab-description\" class=\"woocommerce-Tabs-panel woocommerce-Tabs-panel--description panel entry-content wc-tab\" role=\"tabpanel\" aria-labelledby=\"tab-title-description\">\n<div class=\"spec_table\">\n<table class=\"spec_table_ctn\">\n<tbody>\n<tr class=\"odd first_child\">\n<th class=\"label first_child\">Type de produit<\/th>\n<td class=\"value last_child\">Mixeur\/cuiseur<\/td>\n<\/tr>\n<tr class=\"even\">\n<th class=\"label first_child\">Contenance<\/th>\n<td class=\"value last_child\">2.2 litres<\/td>\n<\/tr>\n<tr class=\"odd\">\n<th class=\"label first_child\">Element de chauffe<\/th>\n<td class=\"value last_child\">1000 W<\/td>\n<\/tr>\n<tr class=\"even\">\n<th class=\"label first_child\">Mat\u00e9riel de bol<\/th>\n<td class=\"value last_child\">Acier inoxydable<\/td>\n<\/tr>\n<tr class=\"odd\">\n<th class=\"label first_child\">Vitesse maximum<\/th>\n<td class=\"value last_child\">10700 tours\/min<\/td>\n<\/tr>\n<tr class=\"even\">\n<th class=\"label first_child\">Vitesse minimum<\/th>\n<td class=\"value last_child\">40 tours\/min<\/td>\n<\/tr>\n<tr class=\"odd\">\n<th class=\"label first_child\">Compatible lave-vaisselle<\/th>\n<td class=\"value last_child\">Bol, lame, spatule<\/td>\n<\/tr>\n<tr class=\"even\">\n<th class=\"label first_child\">Mat\u00e9riau du bo\u00eetier<\/th>\n<td class=\"value last_child\">Plastique<\/td>\n<\/tr>\n<tr class=\"odd last_child\">\n<th class=\"label first_child\">Fonction et param\u00e8tres<\/th>\n<td class=\"value last_child\">Fonction remuer, fonction hachage, fonction mixage, fonction \u00e9mulsifiant, fonction cuisson \u00e0 la vapeur, fonction de chauffage, fonction p\u00e9trissage, fonction pes\u00e9e, fonction de broyage, fonction m\u00e9lange, fonction de fouettement<\/td>\n<\/tr>\n<\/tbody>\n<\/table>\n<\/div>\n<div class=\"spec_table\">\n<p class=\"table_caption\">M\u00e9langeurs<\/p>\n<table class=\"spec_table_ctn\">\n<tbody>\n<tr class=\"odd last_child\">\n<th class=\"label first_child\">Lame amovible<\/th>\n<td class=\"value last_child\">Oui<\/td>\n<\/tr>\n<\/tbody>\n<\/table>\n<\/div>\n<div class=\"spec_table\">\n<p class=\"table_caption\">R\u00e9glages, commandes et voyants<\/p>\n<table class=\"spec_table_ctn\">\n<tbody>\n<tr class=\"odd first_child\">\n<th class=\"label first_child\">Type de commande<\/th>\n<td class=\"value last_child\">\u00c9lectronique<\/td>\n<\/tr>\n<tr class=\"even last_child\">\n<th class=\"label first_child\">R\u00e9glages de la vitesse<\/th>\n<td class=\"value last_child\">Variable<\/td>\n<\/tr>\n<\/tbody>\n<\/table>\n<\/div>\n<div class=\"spec_table\">\n<p class=\"table_caption\">Divers<\/p>\n<table class=\"spec_table_ctn\">\n<tbody>\n<tr class=\"odd first_child\">\n<th class=\"label first_child\">Fonctions de s\u00e9curit\u00e9<\/th>\n<td class=\"value last_child\">Protection contre surchauffe, protection contre les surcharges<\/td>\n<\/tr>\n<tr class=\"even\">\n<th class=\"label first_child\">Lames et accessoires inclus<\/th>\n<td class=\"value last_child\">Accessoire batteur, bol (2,2 l), lame universelle<\/td>\n<\/tr>\n<tr class=\"odd last_child\">\n<th class=\"label first_child\">Accessoires inclus<\/th>\n<td class=\"value last_child\">Recette pour chips \u00bf Bol de varoma \u00bf Spatule \u00bf Panier mijotant \u00bf Gobelet gradu\u00e9 \u00bf Couvercle<\/td>\n<\/tr>\n<\/tbody>\n<\/table>\n<\/div>\n<div class=\"spec_table\">\n<p class=\"table_caption\">Consommation<\/p>\n<table class=\"spec_table_ctn\">\n<tbody>\n<tr class=\"odd first_child\">\n<th class=\"label first_child\">Puissance \u00e9lectrique<\/th>\n<td class=\"value last_child\">1500 Watt<\/td>\n<\/tr>\n<tr class=\"even\">\n<th class=\"label first_child\">Alimentation<\/th>\n<td class=\"value last_child\">220 \u2013 240 V \/ 50\/60 Hz<\/td>\n<\/tr>\n<tr class=\"odd last_child\">\n<th class=\"label first_child\">Longueur du cordon<\/th>\n<td class=\"value last_child\">1 m<\/td>\n<\/tr>\n<\/tbody>\n<\/table>\n<\/div>\n<div class=\"spec_table\">\n<p class=\"table_caption\">Dimensions et poids<\/p>\n<table class=\"spec_table_ctn\">\n<tbody>\n<tr class=\"odd first_child\">\n<th class=\"label first_child\">Largeur<\/th>\n<td class=\"value last_child\">32.6 cm<\/td>\n<\/tr>\n<tr class=\"even\">\n<th class=\"label first_child\">Profondeur<\/th>\n<td class=\"value last_child\">32.6 cm<\/td>\n<\/tr>\n<tr class=\"odd\">\n<th class=\"label first_child\">Hauteur<\/th>\n<td class=\"value last_child\">34.1 cm<\/td>\n<\/tr>\n<tr class=\"even last_child\">\n<th class=\"label first_child\">Poids<\/th>\n<td class=\"value last_child\">7.95 kg<\/td>\n<\/tr>\n<\/tbody>\n<\/table>\n<p>Ce pack est compos\u00e9 des cl\u00e9s recettes suivantes : Tout chocolat, Les soupes, Forme &amp; vitalit\u00e9, Vapeur \u00e0 tous les \u00e9tages et Pains et viennoiseries. Avec ce pack de 5 cl\u00e9s, ravivez les papilles de vos convives de l\u2019entr\u00e9e au dessert !<\/p>\n<\/div>\n<\/div>\n<\/div>","protected":false},"excerpt":{"rendered":"<p>Vorwerk Thermomix TM5 + COOK-KEY + LIVRE \u2013 EVASIONS GOURMANDES + LIVRE \u2013 FORME ET VITALIT\u00c9<\/p>\n<div class=\"pr__m-crtstc__t ln__font-uppercase ln__body-lg ln__body-sm--v-sm ln__font--700\">CARACT\u00c9RISTIQUES<\/div>\n<table class=\"pr__m-crtstc__l\" data-collapse-carac-list-in-datasheet=\"\">\n<tbody>\n<tr>\n<td class=\"ln__body-sm\">Contenance cuve principale<\/td>\n<td class=\"ln__body-lg ln__font--700\">2.2 L<\/td>\n<\/tr>\n<tr>\n<td class=\"ln__body-sm\">Minuteur min\/max<\/td>\n<td class=\"ln__body-lg ln__font--700\">1 \/ 99 min<\/td>\n<\/tr>\n<tr>\n<td class=\"ln__body-sm\">Temp\u00e9rature min\/max<\/td>\n<td class=\"ln__body-lg ln__font--700\">37 \/ 120 \u00b0<\/td>\n<\/tr>\n<tr>\n<td class=\"ln__body-sm\">Mont\u00e9e en temp\u00e9rature (par paliers)<\/td>\n<td class=\"ln__body-lg ln__font--700\">5 \u00b0<\/td>\n<\/tr>\n<tr>\n<td class=\"ln__body-sm\">Puissance moteur<\/td>\n<td class=\"ln__body-lg ln__font--700\">500 W<\/td>\n<\/tr>\n<tr>\n<td class=\"ln__body-sm\">Fonction balance int\u00e9gr\u00e9e<\/td>\n<td class=\"ln__body-lg ln__font--700\">Oui<\/td>\n<\/tr>\n<\/tbody>\n<\/table>","protected":false},"featured_media":10433,"comment_status":"open","ping_status":"closed","template":"","meta":{"inline_featured_image":false,"_joinchat":[]},"product_cat":[122,123],"product_tag":[],"class_list":{"0":"post-10400","1":"product","2":"type-product","3":"status-publish","4":"has-post-thumbnail","6":"product_cat-cuisine-cuisson","7":"product_cat-robot-cuiseur","9":"first","10":"instock","11":"sale","12":"shipping-taxable","13":"purchasable","14":"product-type-simple"},"_links":{"self":[{"href":"https:\/\/kitchtenstore.com\/fr\/wp-json\/wp\/v2\/product\/10400","targetHints":{"allow":["GET"]}}],"collection":[{"href":"https:\/\/kitchtenstore.com\/fr\/wp-json\/wp\/v2\/product"}],"about":[{"href":"https:\/\/kitchtenstore.com\/fr\/wp-json\/wp\/v2\/types\/product"}],"replies":[{"embeddable":true,"href":"https:\/\/kitchtenstore.com\/fr\/wp-json\/wp\/v2\/comments?post=10400"}],"version-history":[{"count":1,"href":"https:\/\/kitchtenstore.com\/fr\/wp-json\/wp\/v2\/product\/10400\/revisions"}],"predecessor-version":[{"id":10435,"href":"https:\/\/kitchtenstore.com\/fr\/wp-json\/wp\/v2\/product\/10400\/revisions\/10435"}],"wp:featuredmedia":[{"embeddable":true,"href":"https:\/\/kitchtenstore.com\/fr\/wp-json\/wp\/v2\/media\/10433"}],"wp:attachment":[{"href":"https:\/\/kitchtenstore.com\/fr\/wp-json\/wp\/v2\/media?parent=10400"}],"wp:term":[{"taxonomy":"product_cat","embeddable":true,"href":"https:\/\/kitchtenstore.com\/fr\/wp-json\/wp\/v2\/product_cat?post=10400"},{"taxonomy":"product_tag","embeddable":true,"href":"https:\/\/kitchtenstore.com\/fr\/wp-json\/wp\/v2\/product_tag?post=10400"}],"curies":[{"name":"wp","href":"https:\/\/api.w.org\/{rel}","templated":true}]}}