{"id":10018,"date":"2022-07-07T16:35:24","date_gmt":"2022-07-07T16:35:24","guid":{"rendered":"https:\/\/bon10count.com\/?post_type=product&#038;p=10018"},"modified":"2022-07-07T16:35:24","modified_gmt":"2022-07-07T16:35:24","slug":"apple-watch-se-gps-40mm-boitier-aluminium-or-avec-bracelet-sport-lumiere-stellaire","status":"publish","type":"product","link":"https:\/\/kitchtenstore.com\/fr\/produit\/apple-watch-se-gps-40mm-boitier-aluminium-or-avec-bracelet-sport-lumiere-stellaire\/","title":{"rendered":"Apple Watch SE GPS, 40mm boitier aluminium or avec bracelet sport Lumi\u00e8re Stellaire"},"content":{"rendered":"<header class=\"f-productLayer__header\">\n<div class=\"f-productLayer__container\">\n<h2 class=\"f-productLayer__title\" data-automation-id=\"title-characteristics-layer-label\">CARACT\u00c9RISTIQUES<\/h2>\n<\/div>\n<\/header>\n<div id=\"a724dde4-44ab-4cdf-821b-be4ab70ff902\" class=\"f-productLayer__body f-productProperties\">\n<div class=\"f-productLayer__container f-productProperties__container\" data-automation-id=\"simple-characteristics-content-block\">\n<div class=\"js-Expander expander expander--hasIcon collapsed\" data-automation-button=\"expand-characteristics-content-button\" data-automation-content=\"expand-characteristics-content\">\n<div class=\"expander__content\" data-automation-id=\"expand-characteristics-content\" aria-expanded=\"true\">\n<div class=\"f-productProperties__columns\">\n<div class=\"f-productProperties__col\">\n<dl class=\"f-productProperties__item\">\n<dt class=\"f-productProperties__term\">Taille du cadran<\/dt>\n<dd class=\"f-productProperties__definition\">40 mm<\/dd>\n<\/dl>\n<dl class=\"f-productProperties__item\">\n<dt class=\"f-productProperties__term\">Couleur du bo\u00eetier<\/dt>\n<dd class=\"f-productProperties__definition\">Rose<\/dd>\n<\/dl>\n<dl class=\"f-productProperties__item\">\n<dt class=\"f-productProperties__term\">Mati\u00e8re du bo\u00eetier<\/dt>\n<dd class=\"f-productProperties__definition\">Aluminium<\/dd>\n<\/dl>\n<dl class=\"f-productProperties__item\">\n<dt class=\"f-productProperties__term\">Couleur du bracelet<\/dt>\n<dd class=\"f-productProperties__definition\">Blanc<\/dd>\n<\/dl>\n<dl class=\"f-productProperties__item\">\n<dt class=\"f-productProperties__term\">Mati\u00e8re du bracelet<\/dt>\n<dd class=\"f-productProperties__definition\">Fluoro\u00e9lastom\u00e8re<\/dd>\n<\/dl>\n<dl class=\"f-productProperties__item\">\n<dt class=\"f-productProperties__term\">Design de la montre<\/dt>\n<dd class=\"f-productProperties__definition\">Rectangulaire<\/dd>\n<\/dl>\n<dl class=\"f-productProperties__item\">\n<dt class=\"f-productProperties__term\">OS compatible<\/dt>\n<dd class=\"f-productProperties__definition\">IOS 14<\/dd>\n<\/dl>\n<dl class=\"f-productProperties__item\">\n<dt class=\"f-productProperties__term\">Syst\u00e8me d&rsquo;exploitation de la montre<\/dt>\n<dd class=\"f-productProperties__definition\">iOS 14<\/dd>\n<\/dl>\n<dl class=\"f-productProperties__item\">\n<dt class=\"f-productProperties__term\">Compatibilit\u00e9s<\/dt>\n<dd class=\"f-productProperties__definition\">L\u2019Apple Watch n\u00e9cessite un iPhone 6s (ou mod\u00e8le ult\u00e9rieur) avec iOS 14 (ou version ult\u00e9rieure)<\/dd>\n<\/dl>\n<dl class=\"f-productProperties__item\">\n<dt class=\"f-productProperties__term\">Usage montres et bracelet connect\u00e9<\/dt>\n<dd class=\"f-productProperties__definition\">Sport<\/dd>\n<\/dl>\n<dl class=\"f-productProperties__item\">\n<dt class=\"f-productProperties__term\">Type de sport<\/dt>\n<dd class=\"f-productProperties__definition\">Multi-sports<\/dd>\n<\/dl>\n<dl class=\"f-productProperties__item\">\n<dt class=\"f-productProperties__term\">Autonomie maximale<\/dt>\n<dd class=\"f-productProperties__definition\">18 Heures<\/dd>\n<\/dl>\n<dl class=\"f-productProperties__item\">\n<dt class=\"f-productProperties__term\">Type d&rsquo;alimentation<\/dt>\n<dd class=\"f-productProperties__definition\">Batterie<\/p>\n<p>Sans fil<\/p>\n<p>Rechargeable<\/dd>\n<\/dl>\n<dl class=\"f-productProperties__item\">\n<dt class=\"f-productProperties__term\">Etanch\u00e9it\u00e9 de la montre<\/dt>\n<dd class=\"f-productProperties__definition\">5ATM \/ 50 m\u00e8tres<\/dd>\n<\/dl>\n<dl class=\"f-productProperties__item\">\n<dt class=\"f-productProperties__term\">Caract\u00e9ristiques \u00e9tanch\u00e9it\u00e9<\/dt>\n<dd class=\"f-productProperties__definition\">Etanche jusqu\u2019\u00e0 50 m\u00e8tres<\/dd>\n<\/dl>\n<dl class=\"f-productProperties__item\">\n<dt class=\"f-productProperties__term\">Taille d&rsquo;\u00e9cran (pouces)<\/dt>\n<dd class=\"f-productProperties__definition\">1,5 \u00ab\u00a0<\/dd>\n<\/dl>\n<dl class=\"f-productProperties__item\">\n<dt class=\"f-productProperties__term\">Caract\u00e9ristiques de l&rsquo;\u00e9cran<\/dt>\n<dd class=\"f-productProperties__definition\">324 x 394 pixels<\/dd>\n<\/dl>\n<dl class=\"f-productProperties__item  f-productProperties__item--long\">\n<dt class=\"f-productProperties__term\">Processeur<\/dt>\n<dd class=\"f-productProperties__definition\">Puce SiP S5 avec processeur bic\u0153ur 64 bits jusqu\u2019\u00e0 deux fois plus rapide que la S3; Puce sans fil W3 Apple<\/dd>\n<\/dl>\n<dl class=\"f-productProperties__item\">\n<dt class=\"f-productProperties__term\">Capacit\u00e9 de Stockage<\/dt>\n<dd class=\"f-productProperties__definition\">32 Go<\/dd>\n<\/dl>\n<dl class=\"f-productProperties__item\">\n<dt class=\"f-productProperties__term\">Communications sans fil<\/dt>\n<dd class=\"f-productProperties__definition\">Bluetooth 5.0<\/p>\n<p>Wi-Fi Wi\u2011Fi 802.11b\/g\/n 2,4 GHz<\/dd>\n<\/dl>\n<dl class=\"f-productProperties__item\">\n<dt class=\"f-productProperties__term\">Fonctionnalit\u00e9s montre et bracelet connect\u00e9<\/dt>\n<dd class=\"f-productProperties__definition\">Distance parcourue<\/dd>\n<\/dl>\n<\/div>\n<div class=\"f-productProperties__col\">\n<dl class=\"f-productProperties__item\">\n<dt class=\"f-productProperties__term\">Notifications<\/dt>\n<dd class=\"f-productProperties__definition\">Oui<\/dd>\n<\/dl>\n<dl class=\"f-productProperties__item\">\n<dt class=\"f-productProperties__term\">Assistant vocal compatible<\/dt>\n<dd class=\"f-productProperties__definition\">Apple Home Kit \/ Siri<\/dd>\n<\/dl>\n<dl class=\"f-productProperties__item  f-productProperties__item--long\">\n<dt class=\"f-productProperties__term\">Caract\u00e9ristiques compl\u00e9mentaires<\/dt>\n<dd class=\"f-productProperties__definition\">Boussole ; Altim\u00e8tre toujours activ\u00e9 ; Capteur optique de fr\u00e9quence cardiaque de 2\u1d49 g\u00e9n\u00e9ration ; Appel d\u2019urgence international ; Appel d\u2019urgence ; Acc\u00e9l\u00e9rom\u00e8tre jusqu\u2019\u00e0 32 g avec d\u00e9tection des chutes ; Gyroscope ; Capteur de luminosit\u00e9 ambiante ; Haut-parleur 50 % plus puissant ; Micro (permettant l\u2019utilisation de l\u2019app Bruit) ; Apple Pay ; GymKit ; Dos en c\u00e9ramique et cristal de saphir ; 44 mm (368 x 448 pixels, surface d\u2019affichage de 977 mm2) ; 40 mm (324 x 394 pixels, surface d\u2019affichage de 759 mm2) ; Batterie au lithium ion ; C\u00e2ble de charge magn\u00e9tique<\/dd>\n<\/dl>\n<dl class=\"f-productProperties__item\">\n<dt class=\"f-productProperties__term\">Connectique<\/dt>\n<dd class=\"f-productProperties__definition\">1 USB Type C<\/dd>\n<\/dl>\n<dl class=\"f-productProperties__item\">\n<dt class=\"f-productProperties__term\">Connect\u00e9<\/dt>\n<dd class=\"f-productProperties__definition\">Oui<\/dd>\n<\/dl>\n<dl class=\"f-productProperties__item\">\n<dt class=\"f-productProperties__term\">Contenu du pack<\/dt>\n<dd class=\"f-productProperties__definition\">Bo\u00eetier en aluminium Or; Bracelet Sport; C\u00e2ble de charge magn\u00e9tique vers USB-C (1 m)<\/dd>\n<\/dl>\n<dl class=\"f-productProperties__item\">\n<dt class=\"f-productProperties__term\">Mod\u00e8le du produit<\/dt>\n<dd class=\"f-productProperties__definition\">SE<\/dd>\n<\/dl>\n<dl class=\"f-productProperties__item\">\n<dt class=\"f-productProperties__term\">Poids du produit<\/dt>\n<dd class=\"f-productProperties__definition\">30,49 g<\/dd>\n<\/dl>\n<dl class=\"f-productProperties__item\">\n<dt class=\"f-productProperties__term\">Dimensions<\/dt>\n<dd class=\"f-productProperties__definition\">40 x 34 x 10.7 mm<\/dd>\n<\/dl>\n<dl class=\"f-productProperties__item\">\n<dt class=\"f-productProperties__term\">Indice DAS Tronc<\/dt>\n<dd class=\"f-productProperties__definition\">0.09<\/dd>\n<\/dl>\n<dl class=\"f-productProperties__item\">\n<dt class=\"f-productProperties__term\">Indice DAS membre en W\/Kg<\/dt>\n<dd class=\"f-productProperties__definition\">0.14<\/dd>\n<\/dl>\n<dl class=\"f-productProperties__item\">\n<dt class=\"f-productProperties__term\">Disponibilit\u00e9 des pi\u00e8ces d\u00e9tach\u00e9es<\/dt>\n<dd class=\"f-productProperties__definition\">NON COMMUN<\/dd>\n<\/dl>\n<dl class=\"f-productProperties__item\">\n<dt class=\"f-productProperties__term\">Longueur du produit<\/dt>\n<dd class=\"f-productProperties__definition\">40 cm<\/dd>\n<\/dl>\n<dl class=\"f-productProperties__item\">\n<dt class=\"f-productProperties__term\">Largeur du produit<\/dt>\n<dd class=\"f-productProperties__definition\">34 cm<\/dd>\n<\/dl>\n<dl class=\"f-productProperties__item\">\n<dt class=\"f-productProperties__term\">Profondeur<\/dt>\n<dd class=\"f-productProperties__definition\">10,7 mm<\/dd>\n<\/dl>\n<dl class=\"f-productProperties__item\">\n<dt class=\"f-productProperties__term\">Hauteur du produit<\/dt>\n<dd class=\"f-productProperties__definition\">40 cm<\/dd>\n<\/dl>\n<dl class=\"f-productProperties__item\">\n<dt class=\"f-productProperties__term\">Poids du produit<\/dt>\n<dd class=\"f-productProperties__definition\">30,49 g<\/dd>\n<\/dl>\n<dl class=\"f-productProperties__item\">\n<dt class=\"f-productProperties__term\">SKU<\/dt>\n<dd class=\"f-productProperties__definition\">9216724<\/dd>\n<\/dl>\n<dl class=\"f-productProperties__item\">\n<dt class=\"f-productProperties__term\">EAN<\/dt>\n<dd class=\"f-productProperties__definition\">0194252584057<\/dd>\n<\/dl>\n<dl class=\"f-productProperties__item  f-productProperties__item--long\">\n<dt class=\"f-productProperties__term\">Mention L\u00e9gale<\/dt>\n<dd class=\"f-productProperties__definition\">Le d\u00e9bit d&rsquo;absorption sp\u00e9cifique (DAS) local quantifie l&rsquo;exposition de l&rsquo;utilisateur aux ondes \u00e9lectromagn\u00e9tiques de l&rsquo;\u00e9quipement concern\u00e9. Le DAS maximal autoris\u00e9 est de 2 W\/kg pour la t\u00eate et le tronc et de 4 W\/kg pour les membres.<\/dd>\n<\/dl>\n<\/div>\n<\/div>\n<\/div>\n<\/div>\n<\/div>\n<\/div>","protected":false},"excerpt":{"rendered":"<p>Tout pour plaire. M\u00eame le prix.<br \/>\nDes fonctionnalit\u00e9s puissantes pour vous aider \u00e0 garder le contact, rester en forme, prendre soin de vous et veiller sur votre s\u00e9curit\u00e9. Des capteurs de pointe pour suivre toutes vos activit\u00e9s et analyser vos entra\u00eenements. Et la connectivit\u00e9 cellulaire pour pouvoir tout faire, m\u00eame sans votre t\u00e9l\u00e9phone. L\u2019Apple Watch SE multiplie les talents. Pour un prix \u00e9tonnant.App Cartes.<br \/>\nGardez vos cartes d\u2019embarquement, vos tickets de cin\u00e9ma ou vos cartes de fid\u00e9lit\u00e9 toujours \u00e0 port\u00e9e de main.Siri..<\/p>","protected":false},"featured_media":10022,"comment_status":"open","ping_status":"closed","template":"","meta":{"inline_featured_image":false,"_joinchat":[]},"product_cat":[24,29],"product_tag":[],"class_list":{"0":"post-10018","1":"product","2":"type-product","3":"status-publish","4":"has-post-thumbnail","6":"product_brand-apple","7":"product_cat-accessoires","8":"product_cat-smart-watches","10":"first","11":"instock","12":"shipping-taxable","13":"purchasable","14":"product-type-simple"},"_links":{"self":[{"href":"https:\/\/kitchtenstore.com\/fr\/wp-json\/wp\/v2\/product\/10018","targetHints":{"allow":["GET"]}}],"collection":[{"href":"https:\/\/kitchtenstore.com\/fr\/wp-json\/wp\/v2\/product"}],"about":[{"href":"https:\/\/kitchtenstore.com\/fr\/wp-json\/wp\/v2\/types\/product"}],"replies":[{"embeddable":true,"href":"https:\/\/kitchtenstore.com\/fr\/wp-json\/wp\/v2\/comments?post=10018"}],"version-history":[{"count":2,"href":"https:\/\/kitchtenstore.com\/fr\/wp-json\/wp\/v2\/product\/10018\/revisions"}],"predecessor-version":[{"id":10025,"href":"https:\/\/kitchtenstore.com\/fr\/wp-json\/wp\/v2\/product\/10018\/revisions\/10025"}],"wp:featuredmedia":[{"embeddable":true,"href":"https:\/\/kitchtenstore.com\/fr\/wp-json\/wp\/v2\/media\/10022"}],"wp:attachment":[{"href":"https:\/\/kitchtenstore.com\/fr\/wp-json\/wp\/v2\/media?parent=10018"}],"wp:term":[{"taxonomy":"product_cat","embeddable":true,"href":"https:\/\/kitchtenstore.com\/fr\/wp-json\/wp\/v2\/product_cat?post=10018"},{"taxonomy":"product_tag","embeddable":true,"href":"https:\/\/kitchtenstore.com\/fr\/wp-json\/wp\/v2\/product_tag?post=10018"}],"curies":[{"name":"wp","href":"https:\/\/api.w.org\/{rel}","templated":true}]}}