{"id":9820,"date":"2022-07-05T15:00:15","date_gmt":"2022-07-05T15:00:15","guid":{"rendered":"https:\/\/bon10count.com\/?page_id=9820"},"modified":"2022-10-25T15:36:13","modified_gmt":"2022-10-25T15:36:13","slug":"paiement-securise","status":"publish","type":"page","link":"https:\/\/kitchtenstore.com\/fr\/paiement-securise\/","title":{"rendered":"Paiement s\u00e9curis\u00e9"},"content":{"rendered":"<div data-elementor-type=\"wp-page\" data-elementor-id=\"9820\" class=\"elementor elementor-9820\">\n\t\t\t\t\t\t\t\t\t<section class=\"elementor-section elementor-top-section elementor-element elementor-element-969ce64 elementor-section-boxed elementor-section-height-default elementor-section-height-default\" data-id=\"969ce64\" data-element_type=\"section\">\n\t\t\t\t\t\t<div class=\"elementor-container elementor-column-gap-default\">\n\t\t\t\t\t<div class=\"elementor-column elementor-col-100 elementor-top-column elementor-element elementor-element-591b40d\" data-id=\"591b40d\" data-element_type=\"column\">\n\t\t\t<div class=\"elementor-widget-wrap elementor-element-populated\">\n\t\t\t\t\t\t\n\t\t<div class=\"elementor-element elementor-element-3fd3f131 elementor-widget elementor-widget-text-editor\" data-id=\"3fd3f131\" data-element_type=\"widget\" data-widget_type=\"text-editor.default\">\n\t\t\t\t<div class=\"elementor-widget-container\">\n\t\t\t<style>\/*! elementor - v3.15.0 - 20-08-2023 *\/\n.elementor-widget-text-editor.elementor-drop-cap-view-stacked .elementor-drop-cap{background-color:#69727d;color:#fff}.elementor-widget-text-editor.elementor-drop-cap-view-framed .elementor-drop-cap{color:#69727d;border:3px solid;background-color:transparent}.elementor-widget-text-editor:not(.elementor-drop-cap-view-default) .elementor-drop-cap{margin-top:8px}.elementor-widget-text-editor:not(.elementor-drop-cap-view-default) .elementor-drop-cap-letter{width:1em;height:1em}.elementor-widget-text-editor .elementor-drop-cap{float:left;text-align:center;line-height:1;font-size:50px}.elementor-widget-text-editor .elementor-drop-cap-letter{display:inline-block}<\/style>\t\t\t\t<h3>PAIEMENT SECURISE<\/h3><p>\u00a0<\/p><p>Avec SSL<\/p><p><strong>Le paiement<\/strong><\/p><p>Un large choix de modes de paiement s\u00e9curis\u00e9s vous est offert.<\/p><p>\u00a0<\/p><p>Par virement bancaire:<\/p><p>Vous \u00eates nombreux \u00e0 nous avoir fait part de vos r\u00e9ticences \u00e0 payer par carte bancaire sur internet. C\u2019est pour cette raison que nous avons mis en place le paiement par virement bancaire.<\/p><p>En utilisant le mode de paiement par virement, vous \u00eates doublement prot\u00e9g\u00e9 :<\/p><p>1\/ Vous n\u2019avez plus \u00e0 utiliser votre carte bancaire. La transaction se fera directement entre votre banque et la n\u00f4tre.<\/p><p>2\/ Avec un paiement par virement, nous pouvons vous rembourser aussi facilement qu\u2019un paiement par carte bancaire en cas de probl\u00e8me.<\/p><p>Enfin, c\u2019est aussi rapide qu\u2019un paiement par carte bancaire. Vous recevrez votre produit imm\u00e9diatement.<\/p><p>Comment payer par virement bancaire ?<\/p><p>Il vous suffira, au moment de la validation de votre panier de choisir le mode de paiement par virement bancaire. Apr\u00e8s validation de votre commande vous recevrez les informations du compte bancaire sur lequel vous devrez proc\u00e9der au paiement de votre commande.<\/p><p>Pour plus de facilit\u00e9 de traitement, vous mentionnerez sur votre ordre de virement le num\u00e9ro de commande.<\/p><p>La commande sera d\u00e9finitivement valid\u00e9e \u00e0 r\u00e9ception du virement. Vous recevrez alors un mail de confirmation.<\/p><p>A noter<\/p><p>Les produits command\u00e9s sont r\u00e9serv\u00e9s pour une p\u00e9riode de 03 jours. Pass\u00e9 ce d\u00e9lai, et sans r\u00e9ception du r\u00e8glement, les produits seront automatiquement remis en stock et la commande sera annul\u00e9e.<\/p><p>Par carte en ligne :<br \/>Vous saisissez le num\u00e9ro de votre carte bancaire ainsi que sa date d\u2019expiration apr\u00e8s avoir s\u00e9lectionn\u00e9 la carte de votre choix :<br \/>\u2013 Carte Bleue, Visa, Mastercard, American Express<\/p><p>Les cartes bancaires \u00e9trang\u00e8res ne sont pas autoris\u00e9es pour les achats en ligne.<\/p><p>Par PayPal :<br \/>Vous saisissez votre identifiant PayPal et votre mot de passe apr\u00e8s avoir cliqu\u00e9 sur le bouton \u201cR\u00e9glez avec PayPal\u201d et validez votre paiement.<\/p><p>Concernant la s\u00e9curit\u00e9 des donn\u00e9es sensibles li\u00e9es aux moyens de paiement, nous avons adopt\u00e9 le proc\u00e9d\u00e9 de cryptage SSL qui assure la confidentialit\u00e9 des donn\u00e9es bancaires. Ainsi, au moment de leur saisie et lors des transferts via Internet, il est impossible de les lire.<br \/>Ces informations ne sont pas enregistr\u00e9es sur nos serveurs (c\u2019est pourquoi nous vous demandons de les fournir \u00e0 nouveau pour chacun de vos achats).<\/p><p>\u00a0<\/p><p>\u00a0<\/p>\t\t\t\t\t\t<\/div>\n\t\t\t\t<\/div>\n\t\t\t\t\t<\/div>\n\t\t<\/div>\n\t\t\t\t\t\t\t<\/div>\n\t\t<\/section>\n\t\t\t\t\t\t\t<\/div>","protected":false},"excerpt":{"rendered":"<p>PAIEMENT SECURISE \u00a0 Avec SSL Le paiement Un large choix de modes de paiement s\u00e9curis\u00e9s vous est offert. \u00a0 Par virement bancaire: Vous \u00eates nombreux \u00e0 nous avoir fait part de vos r\u00e9ticences \u00e0 payer par carte bancaire sur internet. C\u2019est pour cette raison que nous avons mis en place le paiement par virement bancaire. [&hellip;]<\/p>","protected":false},"author":1,"featured_media":0,"parent":0,"menu_order":0,"comment_status":"closed","ping_status":"closed","template":"","meta":{"inline_featured_image":false,"_joinchat":[],"footnotes":""},"class_list":["post-9820","page","type-page","status-publish","hentry"],"_links":{"self":[{"href":"https:\/\/kitchtenstore.com\/fr\/wp-json\/wp\/v2\/pages\/9820","targetHints":{"allow":["GET"]}}],"collection":[{"href":"https:\/\/kitchtenstore.com\/fr\/wp-json\/wp\/v2\/pages"}],"about":[{"href":"https:\/\/kitchtenstore.com\/fr\/wp-json\/wp\/v2\/types\/page"}],"author":[{"embeddable":true,"href":"https:\/\/kitchtenstore.com\/fr\/wp-json\/wp\/v2\/users\/1"}],"replies":[{"embeddable":true,"href":"https:\/\/kitchtenstore.com\/fr\/wp-json\/wp\/v2\/comments?post=9820"}],"version-history":[{"count":13,"href":"https:\/\/kitchtenstore.com\/fr\/wp-json\/wp\/v2\/pages\/9820\/revisions"}],"predecessor-version":[{"id":11072,"href":"https:\/\/kitchtenstore.com\/fr\/wp-json\/wp\/v2\/pages\/9820\/revisions\/11072"}],"wp:attachment":[{"href":"https:\/\/kitchtenstore.com\/fr\/wp-json\/wp\/v2\/media?parent=9820"}],"curies":[{"name":"wp","href":"https:\/\/api.w.org\/{rel}","templated":true}]}}